{"id":146,"date":"2020-02-27T14:32:46","date_gmt":"2020-02-27T13:32:46","guid":{"rendered":"https:\/\/captaincalculator.com\/fr\/?page_id=146"},"modified":"2020-03-02T22:10:31","modified_gmt":"2020-03-02T21:10:31","slug":"cubes","status":"publish","type":"page","link":"https:\/\/captaincalculator.com\/fr\/mathematiques\/puissance\/cubes\/","title":{"rendered":"Calcul des cubes"},"content":{"rendered":"\n<h2 class=\"wp-block-heading\">Calculatrice<\/h2>\n\n\n\n\n\n<p>Le \u00abcube\u00bb ou \u00abl'exposant 3\u00bb ou la \u00abpuissance de 3\u00bb d'un nombre est le nombre multipl\u00e9 par lui-m\u00eame 3 fois. Il est \u00e9crit comme num\u00e9ro<sup>3<\/sup>.<\/p>\n\n\n\n<p>Dire \u00ab4 cubes\u00bb ou \u00ab4 \u00e0 la puissance de 3\u00bb ou 4<sup>3<\/sup> revient \u00e0 dire 4 x 4 x 4 = 64.<\/p>\n\n\n\n<p>Dire \u00ab10 cubes\u00bb ou \u00ab10 \u00e0 la puissance de 3\u00bb ou 10<sup>3<\/sup> revient \u00e0 dire 10 x 10 x 10 = 1 000.<\/p>\n\n\n\n<h2 class=\"wp-block-heading\">Formule - Comment calculer un nombre en cubes<\/h2>\n\n\n\n<p>Le cube d'un nombre est trouv\u00e9 en multipliant ce nombre par lui-m\u00eame trois fois.<\/p>\n\n\n\n<p>num\u00e9ro<sup>3<\/sup> = num\u00e9ro x num\u00e9ro x num\u00e9ro<\/p>\n\n\n\n<h2 class=\"wp-block-heading\" id=\"cubed-example\"><a id=\"example\"><\/a>Example<\/h2>\n\n\n\n<p>1<sup>3<\/sup> = 1 x 1 x 1 = 1<\/p>\n\n\n\n<p>2<sup>3<\/sup> = 2 x 2 x 2 = 8<\/p>\n\n\n\n<p>3<sup>3<\/sup> = 3 x 3 x 3 = 27<\/p>\n\n\n\n<p>4<sup>3<\/sup> = 4 x 4 x 4 = 64<\/p>\n\n\n\n<p>5<sup>3<\/sup> = 5 x 5 x 5 = 125<\/p>\n\n\n\n<h2 class=\"wp-block-heading\">Tableau des nombres en cubes<\/h2>\n\n\n\n\n\n<h2 class=\"wp-block-heading\">Sources et plus de ressources<\/h2>\n\n\n\n<ul class=\"wp-block-list\"><li><a href=\"https:\/\/fr.wikipedia.org\/wiki\/Wikip%C3%A9dia:Accueil_principal\">Wikipedia<\/a> - <a href=\"https:\/\/fr.wikipedia.org\/wiki\/Carr%C3%A9_(alg%C3%A8bre)\">Cube (<\/a><a href=\"https:\/\/fr.wikipedia.org\/wiki\/Cube_(alg%C3%A8bre)\">alg\u00e8bre<\/a><a href=\"https:\/\/fr.wikipedia.org\/wiki\/Carr%C3%A9_(alg%C3%A8bre)\">)<\/a>, <a href=\"https:\/\/fr.wikipedia.org\/wiki\/Cube_parfait\">Cube parfait<\/a>, et <a href=\"https:\/\/fr.wikipedia.org\/wiki\/Puissance_d%27un_nombre\">Puissance d'un nombre<\/a> - articles Wikip\u00e9dia sur les nombre au carr\u00e9 et les exposants.<\/li><li>Scolab - <a href=\"https:\/\/lexique.netmath.ca\/cube\/\">Cube d'un nombre<\/a> - Un introduction de nombres en cubes.<\/li><li>Une introduction vid\u00e9o aux nombres cubes par <a href=\"https:\/\/www.youtube.com\/watch?v=ev1w1NU6648\">Annie AugerHD<\/a>.<\/li><\/ul>\n","protected":false},"excerpt":{"rendered":"<p>Calculatrice Le \u00abcube\u00bb ou \u00abl'exposant 3\u00bb ou la \u00abpuissance de 3\u00bb d'un nombre est le nombre multipl\u00e9 par lui-m\u00eame 3 fois. Il est \u00e9crit comme num\u00e9ro3. Dire \u00ab4 cubes\u00bb ou \u00ab4 \u00e0 la puissance de 3\u00bb ou 43 revient \u00e0 dire 4 x 4 x 4 = 64. Dire \u00ab10 cubes\u00bb ou \u00ab10 \u00e0 la &hellip; <a href=\"https:\/\/captaincalculator.com\/fr\/mathematiques\/puissance\/cubes\/\" class=\"more-link\">Continuer la lecture<span class=\"screen-reader-text\"> de &laquo;&nbsp;Calcul des cubes&nbsp;&raquo;<\/span><\/a><\/p>\n","protected":false},"author":1,"featured_media":0,"parent":128,"menu_order":0,"comment_status":"closed","ping_status":"closed","template":"page-calculator-ad-vue.php","meta":{"_acf_changed":false,"_monsterinsights_skip_tracking":false,"_monsterinsights_sitenote_active":false,"_monsterinsights_sitenote_note":"","_monsterinsights_sitenote_category":0,"footnotes":""},"class_list":["post-146","page","type-page","status-publish","hentry"],"acf":[],"_links":{"self":[{"href":"https:\/\/captaincalculator.com\/fr\/wp-json\/wp\/v2\/pages\/146"}],"collection":[{"href":"https:\/\/captaincalculator.com\/fr\/wp-json\/wp\/v2\/pages"}],"about":[{"href":"https:\/\/captaincalculator.com\/fr\/wp-json\/wp\/v2\/types\/page"}],"author":[{"embeddable":true,"href":"https:\/\/captaincalculator.com\/fr\/wp-json\/wp\/v2\/users\/1"}],"replies":[{"embeddable":true,"href":"https:\/\/captaincalculator.com\/fr\/wp-json\/wp\/v2\/comments?post=146"}],"version-history":[{"count":2,"href":"https:\/\/captaincalculator.com\/fr\/wp-json\/wp\/v2\/pages\/146\/revisions"}],"predecessor-version":[{"id":166,"href":"https:\/\/captaincalculator.com\/fr\/wp-json\/wp\/v2\/pages\/146\/revisions\/166"}],"up":[{"embeddable":true,"href":"https:\/\/captaincalculator.com\/fr\/wp-json\/wp\/v2\/pages\/128"}],"wp:attachment":[{"href":"https:\/\/captaincalculator.com\/fr\/wp-json\/wp\/v2\/media?parent=146"}],"curies":[{"name":"wp","href":"https:\/\/api.w.org\/{rel}","templated":true}]}}