{"id":148,"date":"2020-02-27T18:08:29","date_gmt":"2020-02-27T17:08:29","guid":{"rendered":"https:\/\/captaincalculator.com\/fr\/?page_id=148"},"modified":"2020-03-02T22:11:34","modified_gmt":"2020-03-02T21:11:34","slug":"e","status":"publish","type":"page","link":"https:\/\/captaincalculator.com\/fr\/mathematiques\/puissance\/e\/","title":{"rendered":"Calculatrice de la nombre e"},"content":{"rendered":"\n<h2 class=\"wp-block-heading\">Calculatrice<\/h2>\n\n\n<noscript>Please note: This calculator requires javascript to function<\/noscript><div id=\"fr-math-exponents-e-calculator-app\" name=\"fr-math-exponents-e-calculator-app\"><\/div>\n\n\n\n<h2 class=\"wp-block-heading\">Qu'est-ce que l'\u00ab e \u00bb en math\u00e9matiques?<\/h2>\n\n\n\n<p>\u00ab e \u00bb est un nombre math\u00e9matique constant et naturel. Les chiffres de d\u00e9part sont 2,7182818284590. Il est souvent appel\u00e9 \u00abnombre d'Euler\u00bb ou \u00abconstante de Napier\u00bb.<\/p>\n\n\n\n<p>e n'a pas de fin au nombre de d\u00e9cimales (semblable au nombre pi).<\/p>\n\n\n\n<p>e se calcule comme 1 + (1 \u00f7 1) + (1 \u00f7 (1 + 2)) + (1 \u00f7 (1 + 2 + 3)) + (1 \u00f7 (1 + 2 + 3 + 4).... Il y a motif r\u00e9p\u00e9titif qui se poursuit jusqu'\u00e0 l'infini. Le motif ajoute des fractions de 1 divis\u00e9es par tous les nombres pr\u00e9c\u00e9dents.<\/p>\n\n\n\n<h2 class=\"wp-block-heading\">Formule - Comment est calcul\u00e9 e \u00e0 la puissance?<\/h2>\n\n\n\n<p>e \u00e0 la puissance calcule en multipliant e le nombre de fois de l'exposant.<\/p>\n\n\n\n<p>e<sup>3<\/sup> est&nbsp;e \u2022 e \u2022 e = 20,0855369<\/p>\n\n\n\n<p>e<sup>5<\/sup> est e \u2022 e \u2022 e \u2022 e \u2022 e = 148,413159<\/p>\n\n\n\n<h2 class=\"wp-block-heading\">Tableau<\/h2>\n\n\n<noscript>Please note: This calculator requires javascript to function<\/noscript><div id=\"fr-table-math-exponent-e-table-app\" name=\"fr-table-math-exponent-e-table-app\"><\/div>\n\n\n\n<h2 class=\"wp-block-heading\">Sources et plus de ressources<\/h2>\n\n\n\n<ul class=\"wp-block-list\"><li><a href=\"https:\/\/fr.wikipedia.org\/wiki\/Wikip%C3%A9dia:Accueil_principal\">Wikipedia<\/a> -<a href=\"https:\/\/fr.wikipedia.org\/wiki\/E_(nombre)\">e (nombre)<\/a> et <a href=\"https:\/\/fr.wikipedia.org\/wiki\/Puissance_d%27un_nombre\">Puissance d'un nombre<\/a> - articles Wikip\u00e9dia sur le nombre e et les exposants.<\/li><li>Un <a href=\"http:\/\/profmath.uqam.ca\/~boileau\/explorations2010\/nombre_e\/sitehistoire.html\">historie de la d\u00e9couverte du nombre e<\/a> par Andr\u00e9 Boileau de l'Universit\u00e9 du Qu\u00e9bec \u00e0 Montr\u00e9al.<\/li><li>Vid\u00e9os sur le num\u00e9ro e de <a href=\"https:\/\/www.youtube.com\/watch?v=Tk23m_bPuAI\">clipedia<\/a> et <a href=\"https:\/\/fr.khanacademy.org\/math\/algebra2\/exponential-and-logarithmic-functions\/e-and-the-natural-logarithm\/v\/natural-logarithm-with-a-calculator\">Khan Academy<\/a>.<\/li><\/ul>\n","protected":false},"excerpt":{"rendered":"<p>Calculatrice Qu'est-ce que l'\u00ab e \u00bb en math\u00e9matiques? \u00ab e \u00bb est un nombre math\u00e9matique constant et naturel. Les chiffres de d\u00e9part sont 2,7182818284590. Il est souvent appel\u00e9 \u00abnombre d'Euler\u00bb ou \u00abconstante de Napier\u00bb. e n'a pas de fin au nombre de d\u00e9cimales (semblable au nombre pi). e se calcule comme 1 + (1 \u00f7 &hellip; <a href=\"https:\/\/captaincalculator.com\/fr\/mathematiques\/puissance\/e\/\" class=\"more-link\">Continuer la lecture<span class=\"screen-reader-text\"> de &laquo;&nbsp;Calculatrice de la nombre e&nbsp;&raquo;<\/span><\/a><\/p>\n","protected":false},"author":1,"featured_media":0,"parent":128,"menu_order":0,"comment_status":"closed","ping_status":"closed","template":"page-calculator-ad-vue.php","meta":{"_acf_changed":false,"_monsterinsights_skip_tracking":false,"_monsterinsights_sitenote_active":false,"_monsterinsights_sitenote_note":"","_monsterinsights_sitenote_category":0,"footnotes":""},"class_list":["post-148","page","type-page","status-publish","hentry"],"acf":[],"_links":{"self":[{"href":"https:\/\/captaincalculator.com\/fr\/wp-json\/wp\/v2\/pages\/148"}],"collection":[{"href":"https:\/\/captaincalculator.com\/fr\/wp-json\/wp\/v2\/pages"}],"about":[{"href":"https:\/\/captaincalculator.com\/fr\/wp-json\/wp\/v2\/types\/page"}],"author":[{"embeddable":true,"href":"https:\/\/captaincalculator.com\/fr\/wp-json\/wp\/v2\/users\/1"}],"replies":[{"embeddable":true,"href":"https:\/\/captaincalculator.com\/fr\/wp-json\/wp\/v2\/comments?post=148"}],"version-history":[{"count":13,"href":"https:\/\/captaincalculator.com\/fr\/wp-json\/wp\/v2\/pages\/148\/revisions"}],"predecessor-version":[{"id":168,"href":"https:\/\/captaincalculator.com\/fr\/wp-json\/wp\/v2\/pages\/148\/revisions\/168"}],"up":[{"embeddable":true,"href":"https:\/\/captaincalculator.com\/fr\/wp-json\/wp\/v2\/pages\/128"}],"wp:attachment":[{"href":"https:\/\/captaincalculator.com\/fr\/wp-json\/wp\/v2\/media?parent=148"}],"curies":[{"name":"wp","href":"https:\/\/api.w.org\/{rel}","templated":true}]}}