{"id":17,"date":"2020-01-19T05:59:20","date_gmt":"2020-01-19T04:59:20","guid":{"rendered":"https:\/\/captaincalculator.com\/fr\/?page_id=17"},"modified":"2020-03-02T22:11:05","modified_gmt":"2020-03-02T21:11:05","slug":"carree","status":"publish","type":"page","link":"https:\/\/captaincalculator.com\/fr\/mathematiques\/puissance\/carree\/","title":{"rendered":"Calculatrice d'un nombre carr\u00e9e"},"content":{"rendered":"\n<h2 class=\"wp-block-heading\">Calculatrice d'un nombre carr\u00e9e (puissance de 2)<\/h2>\n\n\n<noscript>Please note: This calculator requires javascript to function<\/noscript><div id=\"fr-math-exponents-squared-calculator-app\" name=\"fr-math-exponents-squared-calculator-app\"><\/div>\n\n\n\n<h2 class=\"wp-block-heading\">Quel est le carr\u00e9 d'un nombre?<\/h2>\n\n\n\n<p>Un carr\u00e9 d'un nombre est lorsque le nombre est multipli\u00e9 par lui-m\u00eame.Par example,  2<sup>2<\/sup> = 2 x 2 = 4, 4<sup>2<\/sup> = 4 x 4 = 16, 172<sup>2<\/sup> = 172 x 172 = 29 584.<\/p>\n\n\n\n<p>\u00c9crivez un nombre au carr\u00e9 avec un petit deux en haut \u00e0 droit du nombre. C'est ce qu'on appelle un exposant. 10<sup>2<\/sup> est \u00ab10 au carr\u00e9\u00bb et le petit \u00ab2\u00bb signifie que le nombre est au carr\u00e9.<\/p>\n\n\n\n<h2 class=\"wp-block-heading\">Formule - Comment calculer les nombres carr\u00e9s<\/h2>\n\n\n\n<p>Le carr\u00e9 d'un nombre est trouv\u00e9 en multipliant ce nombre par lui-m\u00eame.<\/p>\n\n\n\n<p>numero<sup>2<\/sup> = numero x numero<\/p>\n\n\n\n<h2 class=\"wp-block-heading\">Example<\/h2>\n\n\n\n<p>5<sup>2<\/sup> = 5 \u2022 5 = 25<\/p>\n\n\n\n<p>10<sup>2<\/sup> = 10 \u2022 10 = 100<\/p>\n\n\n\n<p>24<sup>2<\/sup> = 24 \u2022 24 = 576 <\/p>\n\n\n\n<h2 class=\"wp-block-heading\">Tableau des nombres au carr\u00e9<\/h2>\n\n\n<noscript>Please note: This calculator requires javascript to function<\/noscript><div id=\"fr-table-math-exponent-square-table-app\" name=\"fr-table-math-exponent-square-table-app\"><\/div>\n\n\n\n<h2 class=\"wp-block-heading\">Sources et plus de ressources<\/h2>\n\n\n\n<ul class=\"wp-block-list\"><li><a href=\"https:\/\/fr.wikipedia.org\/wiki\/Wikip%C3%A9dia:Accueil_principal\">Wikipedia<\/a> - <a href=\"https:\/\/fr.wikipedia.org\/wiki\/Carr%C3%A9_(alg%C3%A8bre)\">Carr\u00e9 (alg\u00e8bre)<\/a>, <a href=\"https:\/\/fr.wikipedia.org\/wiki\/Carr%C3%A9_parfait\">Carr\u00e9 parfait<\/a>, et <a href=\"https:\/\/fr.wikipedia.org\/wiki\/Puissance_d%27un_nombre\">Puissance d'un nombre<\/a> - articles Wikip\u00e9dia sur les nombre au carr\u00e9 et les exposants.<\/li><li>Khan Academy - <a href=\"https:\/\/fr.khanacademy.org\/math\/pre-algebra\/pre-algebra-exponents-radicals\/pre-algebra-exponents\/a\/squaring-numbers\">\u00c9lever au carr\u00e9<\/a> - Une introduction rapide et un test pour les nombres au carr\u00e9.<\/li><li><a href=\"http:\/\/www.clg-monnet-briis.ac-versailles.fr\/\">College Jean-Monnet<\/a> - <a href=\"http:\/\/www.clg-monnet-briis.ac-versailles.fr\/Carres-et-racines-carrees\">Carr\u00e9s et racines carr\u00e9s<\/a> - Un autre introduction de nombre carr\u00e9s.<\/li><\/ul>\n","protected":false},"excerpt":{"rendered":"<p>Calculatrice d'un nombre carr\u00e9e (puissance de 2) Quel est le carr\u00e9 d'un nombre? Un carr\u00e9 d'un nombre est lorsque le nombre est multipli\u00e9 par lui-m\u00eame.Par example, 22 = 2 x 2 = 4, 42 = 4 x 4 = 16, 1722 = 172 x 172 = 29 584. \u00c9crivez un nombre au carr\u00e9 avec un &hellip; <a href=\"https:\/\/captaincalculator.com\/fr\/mathematiques\/puissance\/carree\/\" class=\"more-link\">Continuer la lecture<span class=\"screen-reader-text\"> de &laquo;&nbsp;Calculatrice d'un nombre carr\u00e9e&nbsp;&raquo;<\/span><\/a><\/p>\n","protected":false},"author":1,"featured_media":0,"parent":128,"menu_order":0,"comment_status":"closed","ping_status":"closed","template":"page-calculator-ad-vue.php","meta":{"_acf_changed":false,"_monsterinsights_skip_tracking":false,"_monsterinsights_sitenote_active":false,"_monsterinsights_sitenote_note":"","_monsterinsights_sitenote_category":0,"footnotes":""},"class_list":["post-17","page","type-page","status-publish","hentry"],"acf":[],"_links":{"self":[{"href":"https:\/\/captaincalculator.com\/fr\/wp-json\/wp\/v2\/pages\/17"}],"collection":[{"href":"https:\/\/captaincalculator.com\/fr\/wp-json\/wp\/v2\/pages"}],"about":[{"href":"https:\/\/captaincalculator.com\/fr\/wp-json\/wp\/v2\/types\/page"}],"author":[{"embeddable":true,"href":"https:\/\/captaincalculator.com\/fr\/wp-json\/wp\/v2\/users\/1"}],"replies":[{"embeddable":true,"href":"https:\/\/captaincalculator.com\/fr\/wp-json\/wp\/v2\/comments?post=17"}],"version-history":[{"count":4,"href":"https:\/\/captaincalculator.com\/fr\/wp-json\/wp\/v2\/pages\/17\/revisions"}],"predecessor-version":[{"id":145,"href":"https:\/\/captaincalculator.com\/fr\/wp-json\/wp\/v2\/pages\/17\/revisions\/145"}],"up":[{"embeddable":true,"href":"https:\/\/captaincalculator.com\/fr\/wp-json\/wp\/v2\/pages\/128"}],"wp:attachment":[{"href":"https:\/\/captaincalculator.com\/fr\/wp-json\/wp\/v2\/media?parent=17"}],"curies":[{"name":"wp","href":"https:\/\/api.w.org\/{rel}","templated":true}]}}