{"id":172,"date":"2020-02-29T21:44:31","date_gmt":"2020-02-29T20:44:31","guid":{"rendered":"https:\/\/captaincalculator.com\/fr\/?page_id=172"},"modified":"2020-03-03T17:51:27","modified_gmt":"2020-03-03T16:51:27","slug":"cubes","status":"publish","type":"page","link":"https:\/\/captaincalculator.com\/fr\/mathematiques\/racines\/cubes\/","title":{"rendered":"Calculatrice de racine en cubes"},"content":{"rendered":"\n<h2 class=\"wp-block-heading\">Calculatrice<\/h2>\n\n\n<noscript>Please note: This calculator requires javascript to function<\/noscript><div id=\"fr-math-root-cubed-calculator-app\" name=\"fr-math-root-cubed-calculator-app\"><\/div>\n\n\n\n<h2 class=\"wp-block-heading\">Qu'est-ce qu'un racine en cubes?<\/h2>\n\n\n\n<p>La racine cub\u00e9e d'un nombre est le nombre qui, multipli\u00e9 par lui-m\u00eame trois fois (nombre x nombre x nombre), donne le nombre d'origine.<\/p>\n\n\n\n<p>Par example, la racine cubique de 27 est 3, car 3 x 3 x 3 = 27.<\/p>\n\n\n\n<p>La racine cubique de 125 est 5, car 5 x 5 x 5 = 125.<\/p>\n\n\n\n<p>Contrairement \u00e0 la racine carr\u00e9e, la racine cubique est toujours positive.<\/p>\n\n\n\n<p>L'oppos\u00e9 de la racine cub\u00e9e est un <a href=\"https:\/\/captaincalculator.com\/fr\/mathematiques\/puissance\/cubes\/\">calcul en cubes (puissance de 3)<\/a>.<\/p>\n\n\n\n<p>En g\u00e9om\u00e9trie, le racine cubique peut \u00eatre utilis\u00e9e pour trouver la longueur d'un c\u00f4t\u00e9 d'un cube lorsque le volume est connu.<\/p>\n\n\n\n<h2 class=\"wp-block-heading\">Formule - Comment calculer la racine cub\u00e9e d'un nombre<\/h2>\n\n\n\n<p>Il n'y a pas de formule rapide pour calculer une racine cubique. La plupart des calculatrices utilisent une forme d'essai et erreur.<\/p>\n\n\n\n<h2 class=\"wp-block-heading\">Essai et erreur<\/h2>\n\n\n\n<p>La plupart des calculatrices utilisent l'essai et l'erreur pour trouver un racine cubique. Les essais et errors fonctionnent bien pour des cubes parfaits. Cela peut prendre beaucoup de temps pour les cubes non-parfaits car il y a beaucoup de d\u00e9cimals.<\/p>\n\n\n\n<p>Pour rechercher la racine cub\u00e9e par essais et erreurs:<\/p>\n\n\n\n<ol class=\"wp-block-list\"><li>Devinez un nombre qui, selon vous, pourrait \u00eatre la racine cubique.<\/li><li>Multipliez le nombre x nombre x nombre<\/li><li>Si le r\u00e9sultat est trop faible, devinez un autre nombre plus \u00e9lev\u00e9. Si le r\u00e9sultat est trop \u00e9lev\u00e9, devinez un autre nombre plus inf\u00e9rieur.<\/li><li>Continuez \u00e0 r\u00e9p\u00e9ter jusqu'\u00e0 ce que vous trouiez la racine en cubes.<\/li><\/ol>\n\n\n\n<p>Example - Trouvez la racine cubique de 512 \u00e0 l'aide d'essais et d'erreurs:<\/p>\n\n\n\n<ol class=\"wp-block-list\"><li>Essayez un nombre - 5: 5 x 5 x 5 = 125 (trop bas)<\/li><li>Essayez un nombre sup\u00e9rieur \u00e0 5 - 10: 10 x 10 x 10 = 1 000 (trop \u00e9lev\u00e9)<\/li><li>Essayez un nombre compris entre 5 et 10 - 8: 8 x 8 x 8 = 512 (r\u00e9ponse)<\/li><\/ol>\n\n\n\n<h2 class=\"wp-block-heading\">Tableau des nombre en racines cubiques - Cubes parfaits<\/h2>\n\n\n\n<ul class=\"wp-block-list\"><li><sup>3<\/sup>\u221a1 = 1, car 1 x 1 x 1 = 1<\/li><li><sup>3<\/sup>\u221a8 = 2, car 2 x 2 x 2 = 8<\/li><li><sup>3<\/sup>\u221a27 = 3, car 3 x 3 x 3 = 27<\/li><li><sup>3<\/sup>\u221a64 = 4, car 4 x 4 x 4 = 64<\/li><li><sup>3<\/sup>\u221a125 = 5, car 5 x 5 x 5 = 125<\/li><li><sup>3<\/sup>\u221a216 = 6, car 6 x 6 x 6 = 216<\/li><li><sup>3<\/sup>\u221a343 = 7, car 7 x 7 x 7 = 343<\/li><li><sup>3<\/sup>\u221a512 = 8, car 8 x 8 x 8 = 512<\/li><li><sup>3<\/sup>\u221a729 = 9, car 9 x 9 x 9 = 729<\/li><li><sup>3<\/sup>\u221a1000 = 10, car 10 x 10 x 10 = 1 000<\/li><li><sup>3<\/sup>\u221a1331 = 11, car 11 x 11 x 11 = 1 331<\/li><li><sup>3<\/sup>\u221a1728 = 12, car 12 x 12 x 12 = 1 728<\/li><li><sup>3<\/sup>\u221a3375 = 15, car 15 x 15 x 15 = 3 375<\/li><li><sup>3<\/sup>\u221a4913 = 17, car 17 x 17 x 17 = 4 913<\/li><li><sup>3<\/sup>\u221a8000 = 20, car 20 x 20 x 20 = 8 000<\/li><li><sup>3<\/sup>\u221a15625 = 25, car 25 x 25 x 25 = 15 625<\/li><li><sup>3<\/sup>\u221a27000 = 30, car 30 x 30 x 30 = 27 000<\/li><li><sup>3<\/sup>\u221a35936 = 33, car 33 x 33 x 33 = 35 936<\/li><li><sup>3<\/sup>\u221a91125 = 45, car 45 x 45 x 45 = 91 125<\/li><li><sup>3<\/sup>\u221a125000 = 50, car 50 x 50 x 50 = 125 000<\/li><li><sup>3<\/sup>\u221a216000 = 60, car 60 x 60 x 60 = 216 000<\/li><li><sup>3<\/sup>\u221a421875 = 75, car 75 x 75 x 75 = 421 875<\/li><li><sup>3<\/sup>\u221a1000000 = 100, car 100 x 100 x 100 = 1 000 000<\/li><\/ul>\n\n\n\n<h2 class=\"wp-block-heading\">Tableau des nombre de racines en cubes<\/h2>\n\n\n<noscript>Please note: This table requires javascript to function<\/noscript><div id=\"fr-table-math-root-cubed-table-app\" name=\"fr-table-math-root-cubed-table-app\"><\/div>\n\n\n\n<h2 class=\"wp-block-heading\">Sources et plus de ressources<\/h2>\n\n\n\n<ul class=\"wp-block-list\"><li><a href=\"https:\/\/fr.wikipedia.org\/wiki\/Wikip%C3%A9dia:Accueil_principal\">Wikipedia<\/a> - <a href=\"https:\/\/fr.wikipedia.org\/wiki\/Racine_cubique\">Racine cubique<\/a> et <a href=\"https:\/\/fr.wikipedia.org\/wiki\/Racine_d%27un_nombre\">Racine d'un nombre<\/a> - articles de Wikipedia sur le th\u00e8me des racines.<\/li><li>Un introduction at les racines avec <a href=\"https:\/\/www.youtube.com\/watch?v=AW-tcHVzU1Q\">Carl Grandmont<\/a> et <a href=\"https:\/\/fr.khanacademy.org\/math\/algebra\/rational-exponents-and-radicals\/alg1-radicals\/v\/introduction-to-cube-roots\">Khan Academy<\/a>.<\/li><\/ul>\n","protected":false},"excerpt":{"rendered":"<p>Calculatrice Qu'est-ce qu'un racine en cubes? La racine cub\u00e9e d'un nombre est le nombre qui, multipli\u00e9 par lui-m\u00eame trois fois (nombre x nombre x nombre), donne le nombre d'origine. Par example, la racine cubique de 27 est 3, car 3 x 3 x 3 = 27. La racine cubique de 125 est 5, car 5 &hellip; <a href=\"https:\/\/captaincalculator.com\/fr\/mathematiques\/racines\/cubes\/\" class=\"more-link\">Continuer la lecture<span class=\"screen-reader-text\"> de &laquo;&nbsp;Calculatrice de racine en cubes&nbsp;&raquo;<\/span><\/a><\/p>\n","protected":false},"author":1,"featured_media":0,"parent":161,"menu_order":0,"comment_status":"closed","ping_status":"closed","template":"page-calculator-ad-vue.php","meta":{"_acf_changed":false,"_monsterinsights_skip_tracking":false,"_monsterinsights_sitenote_active":false,"_monsterinsights_sitenote_note":"","_monsterinsights_sitenote_category":0,"footnotes":""},"class_list":["post-172","page","type-page","status-publish","hentry"],"acf":[],"_links":{"self":[{"href":"https:\/\/captaincalculator.com\/fr\/wp-json\/wp\/v2\/pages\/172"}],"collection":[{"href":"https:\/\/captaincalculator.com\/fr\/wp-json\/wp\/v2\/pages"}],"about":[{"href":"https:\/\/captaincalculator.com\/fr\/wp-json\/wp\/v2\/types\/page"}],"author":[{"embeddable":true,"href":"https:\/\/captaincalculator.com\/fr\/wp-json\/wp\/v2\/users\/1"}],"replies":[{"embeddable":true,"href":"https:\/\/captaincalculator.com\/fr\/wp-json\/wp\/v2\/comments?post=172"}],"version-history":[{"count":9,"href":"https:\/\/captaincalculator.com\/fr\/wp-json\/wp\/v2\/pages\/172\/revisions"}],"predecessor-version":[{"id":190,"href":"https:\/\/captaincalculator.com\/fr\/wp-json\/wp\/v2\/pages\/172\/revisions\/190"}],"up":[{"embeddable":true,"href":"https:\/\/captaincalculator.com\/fr\/wp-json\/wp\/v2\/pages\/161"}],"wp:attachment":[{"href":"https:\/\/captaincalculator.com\/fr\/wp-json\/wp\/v2\/media?parent=172"}],"curies":[{"name":"wp","href":"https:\/\/api.w.org\/{rel}","templated":true}]}}