{"id":181,"date":"2020-03-01T01:16:21","date_gmt":"2020-03-01T00:16:21","guid":{"rendered":"https:\/\/captaincalculator.com\/fr\/?page_id=181"},"modified":"2020-03-03T18:01:45","modified_gmt":"2020-03-03T17:01:45","slug":"racine","status":"publish","type":"page","link":"https:\/\/captaincalculator.com\/fr\/mathematiques\/racines\/racine\/","title":{"rendered":"Calculatrice Racine (racine ni\u00e8me)"},"content":{"rendered":"\n<h2 class=\"wp-block-heading\">Calculatrice<\/h2>\n\n\n<noscript>Please note: This calculator requires javascript to function<\/noscript><div id=\"fr-math-root-nth-calculator-app\" name=\"fr-math-root-nth-calculator-app\"><\/div>\n\n\n\n<h2 class=\"wp-block-heading\">Qu'est-ce qu'une racine?<\/h2>\n\n\n\n<p>Une racine est un nombre multipli\u00e9 par lui-m\u00eame le nombre racine de fois.<\/p>\n\n\n\n<p>Par example, la racine carr\u00e9e (racine 2) de 16 (\u221a16) est 4, car 4<sup>2<\/sup> (4 x 4) = 16.<\/p>\n\n\n\n<p>La racine cubique (racine 3) de 27 (<sup>3<\/sup>\u221a27) est 3, car 3<sup>3<\/sup> (3 x 3 x 3) = 27.<\/p>\n\n\n\n<p>La 5e racine de 1,024 (<sup>5<\/sup>\u221a1024) est 4, car 4<sup>5<\/sup> (4 x 4 x 4 x 4 x 4) = 1,204.<\/p>\n\n\n\n<p>La 2,5\u00e8me racine de 70 (<sup>2.5<\/sup>\u221a70) est 5.47065, car 5.47065<sup>2.5<\/sup> = 70.<\/p>\n\n\n\n<p>La racine carr\u00e9e, la racine cubique, la 4e racine, et n'importe quelle racine sont les examples les plus courants d'une racine ni\u00e8me. Les racines peuvent \u00e9galement inclure des nombre d\u00e9cimaux (racine 6.4, par example).<\/p>\n\n\n\n<h2 class=\"wp-block-heading\">Comment calculer un racine<\/h2>\n\n\n\n<p>M\u00eame pour des nombres de racines parfaits, une racine peut \u00eatre difficile \u00e0 calculer \u00e0 la main. Les techniques les plus \u00e9l\u00e9mentaires impliquent des essais et des erreurs.<\/p>\n\n\n\n<h2 class=\"wp-block-heading\">Sources et plus de ressources<\/h2>\n\n\n\n<ul class=\"wp-block-list\"><li><a href=\"https:\/\/fr.wikipedia.org\/wiki\/Wikip%C3%A9dia:Accueil_principal\">Wikipedia<\/a> - <a href=\"https:\/\/fr.wikipedia.org\/wiki\/Racine_d%27un_nombre\">Racine d'un nombre<\/a> - un article Wikipedia sur le th\u00e8me des racines.<\/li><li>Des racines en 3 minutes par <a href=\"https:\/\/www.youtube.com\/watch?v=HvEW1e8tpHk\">lio plusbelleslesmaths<\/a>.<\/li><\/ul>\n","protected":false},"excerpt":{"rendered":"<p>Calculatrice Qu'est-ce qu'une racine? Une racine est un nombre multipli\u00e9 par lui-m\u00eame le nombre racine de fois. Par example, la racine carr\u00e9e (racine 2) de 16 (\u221a16) est 4, car 42 (4 x 4) = 16. La racine cubique (racine 3) de 27 (3\u221a27) est 3, car 33 (3 x 3 x 3) = 27. &hellip; <a href=\"https:\/\/captaincalculator.com\/fr\/mathematiques\/racines\/racine\/\" class=\"more-link\">Continuer la lecture<span class=\"screen-reader-text\"> de &laquo;&nbsp;Calculatrice Racine (racine ni\u00e8me)&nbsp;&raquo;<\/span><\/a><\/p>\n","protected":false},"author":1,"featured_media":0,"parent":161,"menu_order":0,"comment_status":"closed","ping_status":"closed","template":"page-calculator-ad-vue.php","meta":{"_acf_changed":false,"_monsterinsights_skip_tracking":false,"_monsterinsights_sitenote_active":false,"_monsterinsights_sitenote_note":"","_monsterinsights_sitenote_category":0,"footnotes":""},"class_list":["post-181","page","type-page","status-publish","hentry"],"acf":[],"_links":{"self":[{"href":"https:\/\/captaincalculator.com\/fr\/wp-json\/wp\/v2\/pages\/181"}],"collection":[{"href":"https:\/\/captaincalculator.com\/fr\/wp-json\/wp\/v2\/pages"}],"about":[{"href":"https:\/\/captaincalculator.com\/fr\/wp-json\/wp\/v2\/types\/page"}],"author":[{"embeddable":true,"href":"https:\/\/captaincalculator.com\/fr\/wp-json\/wp\/v2\/users\/1"}],"replies":[{"embeddable":true,"href":"https:\/\/captaincalculator.com\/fr\/wp-json\/wp\/v2\/comments?post=181"}],"version-history":[{"count":6,"href":"https:\/\/captaincalculator.com\/fr\/wp-json\/wp\/v2\/pages\/181\/revisions"}],"predecessor-version":[{"id":227,"href":"https:\/\/captaincalculator.com\/fr\/wp-json\/wp\/v2\/pages\/181\/revisions\/227"}],"up":[{"embeddable":true,"href":"https:\/\/captaincalculator.com\/fr\/wp-json\/wp\/v2\/pages\/161"}],"wp:attachment":[{"href":"https:\/\/captaincalculator.com\/fr\/wp-json\/wp\/v2\/media?parent=181"}],"curies":[{"name":"wp","href":"https:\/\/api.w.org\/{rel}","templated":true}]}}