{"id":195,"date":"2020-03-02T17:05:32","date_gmt":"2020-03-02T16:05:32","guid":{"rendered":"https:\/\/captaincalculator.com\/fr\/?page_id=195"},"modified":"2020-03-21T22:07:04","modified_gmt":"2020-03-21T21:07:04","slug":"195-2","status":"publish","type":"page","link":"https:\/\/captaincalculator.com\/fr\/","title":{"rendered":""},"content":{"rendered":"\n<h2 class=\"wp-block-heading\">Une collection de calculatrices en linge gratuites<\/h2>\n\n\n\n<h2 class=\"wp-block-heading\"><a href=\"https:\/\/captaincalculator.com\/fr\/sports\/\">Sports<\/a><\/h2>\n\n\n\n<p><a href=\"https:\/\/captaincalculator.com\/fr\/sports\/football\/\"><strong>Football<\/strong><\/a> - <a href=\"https:\/\/captaincalculator.com\/fr\/sports\/football\/reussite-sur-les-tirs\/\">%T<\/a> | <a href=\"https:\/\/captaincalculator.com\/fr\/sports\/football\/arr\/\">%ARR<\/a> | <a href=\"https:\/\/captaincalculator.com\/fr\/sports\/football\/mba\/\">MBA<\/a><\/p>\n\n\n\n<p><strong><a href=\"https:\/\/captaincalculator.com\/fr\/sports\/hockey\/\">Hockey<\/a><\/strong> - <a href=\"https:\/\/captaincalculator.com\/fr\/sports\/hockey\/pourcentage-t\/\">%T<\/a> | <a href=\"https:\/\/captaincalculator.com\/fr\/sports\/hockey\/arr\/\">%ARR<\/a> | <a href=\"https:\/\/captaincalculator.com\/fr\/sports\/hockey\/mba\/\">MBA<\/a><\/p>\n\n\n\n<h2 class=\"wp-block-heading\"><a href=\"https:\/\/captaincalculator.com\/fr\/mathematiques\/\">Math\u00e9matiques<\/a><\/h2>\n\n\n\n<p><strong><a href=\"https:\/\/captaincalculator.com\/fr\/mathematiques\/puissance\/\">Puissance (L'exposant)<\/a><\/strong> - <a href=\"https:\/\/captaincalculator.com\/fr\/mathematiques\/puissance\/puissance\/\">Puissance d'un nombre<\/a> | <a href=\"https:\/\/captaincalculator.com\/fr\/mathematiques\/puissance\/e\/\">e<\/a> | <a href=\"https:\/\/captaincalculator.com\/fr\/mathematiques\/puissance\/carree\/\">Nombre carr\u00e9<\/a> | <a href=\"https:\/\/captaincalculator.com\/fr\/mathematiques\/puissance\/cubes\/\">Cubes<\/a><\/p>\n\n\n\n<p><strong><a href=\"https:\/\/captaincalculator.com\/fr\/mathematiques\/racines\/\">Racines<\/a><\/strong> - <a href=\"https:\/\/captaincalculator.com\/fr\/mathematiques\/racines\/racine\/\">ni\u00e8me racine<\/a> | <a href=\"https:\/\/captaincalculator.com\/fr\/mathematiques\/racines\/carree\/\">racine carr\u00e9<\/a> | <a href=\"https:\/\/captaincalculator.com\/fr\/mathematiques\/racines\/cubes\/\">racine en cubes<\/a><\/p>\n\n\n\n<h2 class=\"wp-block-heading\"><a href=\"https:\/\/captaincalculator.com\/fr\/financier\/\">Financi\u00e8res<\/a><\/h2>\n\n\n\n<p><strong><a href=\"https:\/\/captaincalculator.com\/fr\/financier\/taxe\/\">Taxe<\/a><\/strong> - <a href=\"https:\/\/captaincalculator.com\/fr\/financier\/taxe\/tva\/\">TVA<\/a> | <a href=\"https:\/\/captaincalculator.com\/fr\/financier\/taxe\/tps-canada\/\">TPS\/TVQ (Canada)<\/a><\/p>\n\n\n\n<p><strong><a href=\"https:\/\/captaincalculator.com\/fr\/financier\/economie\/\">Macro\u00e9conomie<\/a><\/strong> - <a href=\"https:\/\/captaincalculator.com\/fr\/financier\/economie\/taux-de-chomage\/\">Taux de ch\u00f4mage<\/a> | <a href=\"https:\/\/captaincalculator.com\/fr\/financier\/economie\/exportations-nettes\/\">Exports nettes<\/a> | <a href=\"https:\/\/captaincalculator.com\/fr\/financier\/economie\/pib-reel\/\">PIB r\u00e9el<\/a><\/p>\n\n\n\n<p><strong><a href=\"https:\/\/captaincalculator.com\/fr\/financier\/economie\/\">Micro\u00e9conomie<\/a><\/strong> - <a href=\"https:\/\/captaincalculator.com\/fr\/financier\/economie\/cout-marginal\/\">Co\u00fbt marginal<\/a> | <a href=\"https:\/\/captaincalculator.com\/fr\/financier\/economie\/productivite-marginal\/\">Productivit\u00e9 marginal<\/a> | <a href=\"https:\/\/captaincalculator.com\/fr\/financier\/economie\/cout-total\/\">Co\u00fbt total<\/a><\/p>\n\n\n\n<h2 class=\"wp-block-heading\"><a href=\"https:\/\/captaincalculator.com\/fr\/sante\/\">Sant\u00e9<\/a><\/h2>\n\n\n\n<p><strong><a href=\"https:\/\/captaincalculator.com\/fr\/sante\/calorie\/\">Calories<\/a><\/strong> - <a href=\"https:\/\/captaincalculator.com\/fr\/sante\/calorie\/marcher\/\">Marcher<\/a> | <a href=\"https:\/\/captaincalculator.com\/fr\/sante\/calorie\/nager\/\">Nager<\/a> | <a href=\"https:\/\/captaincalculator.com\/fr\/sante\/calorie\/courir\/\">Courir<\/a> | <a href=\"https:\/\/captaincalculator.com\/fr\/sante\/calorie\/dormir\/\">Dormir<\/a> | <a href=\"https:\/\/captaincalculator.com\/fr\/sante\/calorie\/\">Plus...<\/a><\/p>\n\n\n\n<p><a href=\"https:\/\/captaincalculator.com\/fr\/sante\/poids\/\"><strong>Poids<\/strong><\/a> - <a href=\"https:\/\/captaincalculator.com\/fr\/sante\/poids\/imc\/\">IMC<\/a> <\/p>\n","protected":false},"excerpt":{"rendered":"<p>Une collection de calculatrices en linge gratuites Sports Football - %T | %ARR | MBA Hockey - %T | %ARR | MBA Math\u00e9matiques Puissance (L'exposant) - Puissance d'un nombre | e | Nombre carr\u00e9 | Cubes Racines - ni\u00e8me racine | racine carr\u00e9 | racine en cubes Financi\u00e8res Taxe - TVA | TPS\/TVQ (Canada) Macro\u00e9conomie &hellip; <a href=\"https:\/\/captaincalculator.com\/fr\/\" class=\"more-link\">Continuer la lecture<span class=\"screen-reader-text\"> de &laquo;&nbsp;&nbsp;&raquo;<\/span><\/a><\/p>\n","protected":false},"author":1,"featured_media":0,"parent":0,"menu_order":0,"comment_status":"closed","ping_status":"closed","template":"","meta":{"_acf_changed":false,"_monsterinsights_skip_tracking":false,"_monsterinsights_sitenote_active":false,"_monsterinsights_sitenote_note":"","_monsterinsights_sitenote_category":0,"footnotes":""},"class_list":["post-195","page","type-page","status-publish","hentry"],"acf":[],"_links":{"self":[{"href":"https:\/\/captaincalculator.com\/fr\/wp-json\/wp\/v2\/pages\/195"}],"collection":[{"href":"https:\/\/captaincalculator.com\/fr\/wp-json\/wp\/v2\/pages"}],"about":[{"href":"https:\/\/captaincalculator.com\/fr\/wp-json\/wp\/v2\/types\/page"}],"author":[{"embeddable":true,"href":"https:\/\/captaincalculator.com\/fr\/wp-json\/wp\/v2\/users\/1"}],"replies":[{"embeddable":true,"href":"https:\/\/captaincalculator.com\/fr\/wp-json\/wp\/v2\/comments?post=195"}],"version-history":[{"count":11,"href":"https:\/\/captaincalculator.com\/fr\/wp-json\/wp\/v2\/pages\/195\/revisions"}],"predecessor-version":[{"id":414,"href":"https:\/\/captaincalculator.com\/fr\/wp-json\/wp\/v2\/pages\/195\/revisions\/414"}],"wp:attachment":[{"href":"https:\/\/captaincalculator.com\/fr\/wp-json\/wp\/v2\/media?parent=195"}],"curies":[{"name":"wp","href":"https:\/\/api.w.org\/{rel}","templated":true}]}}