{"id":21,"date":"2020-01-24T00:07:36","date_gmt":"2020-01-23T23:07:36","guid":{"rendered":"https:\/\/captaincalculator.com\/fr\/?page_id=21"},"modified":"2020-03-19T15:36:29","modified_gmt":"2020-03-19T14:36:29","slug":"mba","status":"publish","type":"page","link":"https:\/\/captaincalculator.com\/fr\/sports\/hockey\/mba\/","title":{"rendered":"Calculatrice de Moyenne de buts allou\u00e9s (MBA) (Hockey)"},"content":{"rendered":"\n<h2 class=\"wp-block-heading\">Calculatrice<\/h2>\n\n\n<noscript>Please note: This calculator requires javascript to function<\/noscript><div id=\"fr-sports-hockey-goals-against-average-calculator-app\" name=\"fr-sports-hockey-goals-against-average-calculator-app\"><\/div>\n\n\n\n<h2 class=\"wp-block-heading\">Qu'est-ce qu'une moyenne de buts allou\u00e9s?<\/h2>\n\n\n\n<p>La moyenne de buts allou\u00e9s mesure le nombre moyen de buts que le gardien de but permet pour chaque jeu r\u00e9glementaire. Il est ajust\u00e9 pour les minutes que le gardien de but joue.<\/p>\n\n\n\n<p>Un MBA plus bas est un signe d'un gardien de but qui permet peu de buts au cours d'un match. Un MBA plus \u00e9lev\u00e9 est le signe d'un gardien de but qui permet trop de buts au cours d'un match.<\/p>\n\n\n\n<h2 class=\"wp-block-heading\">Formule<\/h2>\n\n\n\n<p>MBA = (Buts allou\u00e9s \u00f7 Minutes jou\u00e9es) x Temps de match de regulation<\/p>\n\n\n\n<p>Quand:<\/p>\n\n\n\n<ul class=\"wp-block-list\"><li>\u00ab Les buts allou\u00e9s \u00bb sont le nombre de buts inscrits pendant que le gardien est sur la glace. Inclure tous les buts allou\u00e9s pendant le temps r\u00e9glementaire et les prolongations. N'incluez pas les buts allou\u00e9s lors d'une fusillade ou lorsque le filet est vide. Les R\u00e8gles de la LNH et de l'IIHF contiennent des r\u00e8gles sur les buts.<\/li><li>\u00ab Les minutes jou\u00e9es \u00bb sont le nombre total de minutes jou\u00e9es par le gardien de but. Inclure le jeu des heures suppl\u00e9mentaires. N'incluez pas le temps que le gardien joue pendant une fusillade, ou lorsque le filet est vide et que le gardien est hors de la glace.<\/li><li>\u00ab La dur\u00e9e du jeu \u00bb est la dur\u00e9e du jeu r\u00e9glementaire dans la ligue que joue le gardien de but. Dans la LNH et l'IIHF, la dur\u00e9e du jeu r\u00e9glementaire est de 60 minutes. Les ligues r\u00e9cr\u00e9atives et mineures peuvent \u00eatre moins.<\/li><\/ul>\n\n\n\n<h2 class=\"wp-block-heading\">Example<\/h2>\n\n\n\n<p>Un gardien de but a \u00e9t\u00e9 : Au filet pendant 637 minutes. Il a accord\u00e9 32 buts au cours de cette p\u00e9riode. Le temps r\u00e9glementaire de la ligue est de 60 minutes par match.<\/p>\n\n\n\n<p>(32 buts contre) x (longueur de jeu de 60 minutes) = 1 920.<\/p>\n\n\n\n<p>1 920 divis\u00e9 par 637 minutes jou\u00e9es = 3,01.<\/p>\n\n\n\n<p>Par cons\u00e9quent, les MBR de ce gardien de but est 3,01.<\/p>\n\n\n\n<h2 class=\"wp-block-heading\">FAQ<\/h2>\n\n\n\t\t<section class=\"sc_fs_faq sc_card \">\n\t\t\t<div>\n\t\t\t\t<h5>Comment calculer le MBA au Hockey?<\/h5>\t\t\t\t<div>\n\t\t\t\t\t\t\t\t\t\t<p>\n\t\t\t\t\t\tDivisez \u00abButs contre\u00bb par \u00abMinutes jou\u00e9es\u00bb puis multipliez ce nombre par le nombre de minutes de temps r\u00e9glementaire dans un match (g\u00e9n\u00e9ralement 60 minutes, les ligues mineures peuvent \u00eatre moins).\t\t\t\t\t<\/p>\n\t\t\t\t<\/div>\n\t\t\t<\/div>\n\t\t<\/section>\n\t\t\t\t<section class=\"sc_fs_faq sc_card \">\n\t\t\t<div>\n\t\t\t\t<h5>Qu&#039;est-ce que \u00abMBA\u00bb au Hockey?<\/h5>\t\t\t\t<div>\n\t\t\t\t\t\t\t\t\t\t<p>\n\t\t\t\t\t\t\u00abMBA\u00bb au hockey signifie \u00ab<strong>M<\/strong>oyenne de <strong>B<\/strong>uts <strong>A<\/strong>llou\u00e9s\u00bb. Il s'agit du nombre moyen du buts qu'un gardien du but autorise dans un match r\u00e9glementaire. Il et r\u00e9pertori\u00e9 avec deux d\u00e9cimales.\t\t\t\t\t<\/p>\n\t\t\t\t<\/div>\n\t\t\t<\/div>\n\t\t<\/section>\n\t\t\t\t<section class=\"sc_fs_faq sc_card \">\n\t\t\t<div>\n\t\t\t\t<h5>Qu&#039;est-ce que \u00abGAA\u00bb ou \u00abGoals Against Average\u00bb au Hockey?<\/h5>\t\t\t\t<div>\n\t\t\t\t\t\t\t\t\t\t<p>\n\t\t\t\t\t\t\u00abGAA\u00bb ou \u00ab<strong>G<\/strong>oals <strong>A<\/strong>gainst <strong>A<\/strong>verage\u00bb est le nom Anglais de la statistique \u00abMBA\u00bb ou \u00ab<strong>M<\/strong>oyenne de <strong>B<\/strong>uts <strong>A<\/strong>llou\u00e9s\u00bb.   Il s'agit du nombre moyen du buts qu'un gardien du but autorise dans un match r\u00e9glementaire. Il et r\u00e9pertori\u00e9 avec deux d\u00e9cimales.\t\t\t\t\t<\/p>\n\t\t\t\t<\/div>\n\t\t\t<\/div>\n\t\t<\/section>\n\t\t\t\t<section class=\"sc_fs_faq sc_card \">\n\t\t\t<div>\n\t\t\t\t<h5>Qu&#039;est-ce qu&#039;un bon MBA au hockey?<\/h5>\t\t\t\t<div>\n\t\t\t\t\t\t\t\t\t\t<p>\n\t\t\t\t\t\tLe joueur de la LNH avec la meilleur MBA de tous le temps (Alec Connel, 1924 - 1937) avait un MBA en carri\u00e8re de 1,916. Le 50e meilleur MBA de tout temps (Tommy Salo, 1994 - 2004) avait un MBA en carri\u00e8re de 2,553. Le 100e meilleur MBA de tout temps (Johan Hedberg, 2000-2013) avait un MBA en carri\u00e8re de 2,85. Le 150e meilleur MBA de tout temps (Gerry Desjardins, 1968-1978) avait un MBA en carri\u00e8re de 3,290. Tout les <a href=\"https:\/\/www.hockey-reference.com\/leaders\/goals_against_avg_career.html\">statistiques des dirigeants de tout les temps MBA de Hockey-Reference.com<\/a>.\t\t\t\t\t<\/p>\n\t\t\t\t<\/div>\n\t\t\t<\/div>\n\t\t<\/section>\n\t\t\t\t<section class=\"sc_fs_faq sc_card \">\n\t\t\t<div>\n\t\t\t\t<h5>Combien de temps dure le r\u00e8glement de la ligue au hockey?<\/h5>\t\t\t\t<div>\n\t\t\t\t\t\t\t\t\t\t<p>\n\t\t\t\t\t\tToutes les ligues de hockey majeurs, tournis internationaux, et les ligues europ\u00e9ennes ont un temps r\u00e9glementaire de 60 minutes avec 3 p\u00e9riodes de 20 minutes d'enseignement.<br>Les ligues Atom, Bantam, PeeWee, et Midget ont des temps de r\u00e9gulation plus bas \u00e0 60 minutes. 3 periods de 10-15 minutes (pour un temps total de r\u00e9gulation de 30-45 minutes) sont courantes dans ces ligues. \t\t\t\t\t<\/p>\n\t\t\t\t<\/div>\n\t\t\t<\/div>\n\t\t<\/section>\n\t\t\n<script type=\"application\/ld+json\">\n\t{\n\t\t\"@context\": \"https:\/\/schema.org\",\n\t\t\"@type\": \"FAQPage\",\n\t\t\"mainEntity\": [\n\t\t\t\t\t{\n\t\t\t\t\"@type\": \"Question\",\n\t\t\t\t\"name\": \"Comment calculer le MBA au Hockey?\",\n\t\t\t\t\"acceptedAnswer\": {\n\t\t\t\t\t\"@type\": \"Answer\",\n\t\t\t\t\t\"text\": \"Divisez \u00abButs contre\u00bb par \u00abMinutes jou\u00e9es\u00bb puis multipliez ce nombre par le nombre de minutes de temps r\u00e9glementaire dans un match (g\u00e9n\u00e9ralement 60 minutes, les ligues mineures peuvent \u00eatre moins).\"\n\t\t\t\t\t\t\t\t\t}\n\t\t\t}\n\t\t\t,\t\t\t\t{\n\t\t\t\t\"@type\": \"Question\",\n\t\t\t\t\"name\": \"Qu'est-ce que \u00abMBA\u00bb au Hockey?\",\n\t\t\t\t\"acceptedAnswer\": {\n\t\t\t\t\t\"@type\": \"Answer\",\n\t\t\t\t\t\"text\": \"\u00abMBA\u00bb au hockey signifie \u00ab<strong>M<\/strong>oyenne de <strong>B<\/strong>uts <strong>A<\/strong>llou\u00e9s\u00bb. Il s'agit du nombre moyen du buts qu'un gardien du but autorise dans un match r\u00e9glementaire. Il et r\u00e9pertori\u00e9 avec deux d\u00e9cimales.\"\n\t\t\t\t\t\t\t\t\t}\n\t\t\t}\n\t\t\t,\t\t\t\t{\n\t\t\t\t\"@type\": \"Question\",\n\t\t\t\t\"name\": \"Qu'est-ce que \u00abGAA\u00bb ou \u00abGoals Against Average\u00bb au Hockey?\",\n\t\t\t\t\"acceptedAnswer\": {\n\t\t\t\t\t\"@type\": \"Answer\",\n\t\t\t\t\t\"text\": \"\u00abGAA\u00bb ou \u00ab<strong>G<\/strong>oals <strong>A<\/strong>gainst <strong>A<\/strong>verage\u00bb est le nom Anglais de la statistique \u00abMBA\u00bb ou \u00ab<strong>M<\/strong>oyenne de <strong>B<\/strong>uts <strong>A<\/strong>llou\u00e9s\u00bb.   Il s'agit du nombre moyen du buts qu'un gardien du but autorise dans un match r\u00e9glementaire. Il et r\u00e9pertori\u00e9 avec deux d\u00e9cimales.\"\n\t\t\t\t\t\t\t\t\t}\n\t\t\t}\n\t\t\t,\t\t\t\t{\n\t\t\t\t\"@type\": \"Question\",\n\t\t\t\t\"name\": \"Qu'est-ce qu'un bon MBA au hockey?\",\n\t\t\t\t\"acceptedAnswer\": {\n\t\t\t\t\t\"@type\": \"Answer\",\n\t\t\t\t\t\"text\": \"Le joueur de la LNH avec la meilleur MBA de tous le temps (Alec Connel, 1924 - 1937) avait un MBA en carri\u00e8re de 1,916. Le 50e meilleur MBA de tout temps (Tommy Salo, 1994 - 2004) avait un MBA en carri\u00e8re de 2,553. Le 100e meilleur MBA de tout temps (Johan Hedberg, 2000-2013) avait un MBA en carri\u00e8re de 2,85. Le 150e meilleur MBA de tout temps (Gerry Desjardins, 1968-1978) avait un MBA en carri\u00e8re de 3,290. Tout les <a>statistiques des dirigeants de tout les temps MBA de Hockey-Reference.com<\/a>.\"\n\t\t\t\t\t\t\t\t\t}\n\t\t\t}\n\t\t\t,\t\t\t\t{\n\t\t\t\t\"@type\": \"Question\",\n\t\t\t\t\"name\": \"Combien de temps dure le r\u00e8glement de la ligue au hockey?\",\n\t\t\t\t\"acceptedAnswer\": {\n\t\t\t\t\t\"@type\": \"Answer\",\n\t\t\t\t\t\"text\": \"Toutes les ligues de hockey majeurs, tournis internationaux, et les ligues europ\u00e9ennes ont un temps r\u00e9glementaire de 60 minutes avec 3 p\u00e9riodes de 20 minutes d'enseignement.<br>Les ligues Atom, Bantam, PeeWee, et Midget ont des temps de r\u00e9gulation plus bas \u00e0 60 minutes. 3 periods de 10-15 minutes (pour un temps total de r\u00e9gulation de 30-45 minutes) sont courantes dans ces ligues.\"\n\t\t\t\t\t\t\t\t\t}\n\t\t\t}\n\t\t\t\t\t\t]\n\t}\n<\/script>\n\n\n\n<h2 class=\"wp-block-heading\">Sources et plus de ressources<\/h2>\n\n\n\n<ul class=\"wp-block-list\"><li>Statistiques de gardiens de but de la LNH de la <a href=\"https:\/\/www.rds.ca\/hockey\/lnh\/statistiques\/onglet\/gardiens\">RDS<\/a> et de la <a href=\"http:\/\/www.nhl.com\/stats\/fr\/goalies\">LNH<\/a> et de <a href=\"https:\/\/www.lepool.com\/nhl\/gardiens\">LePool.com<\/a>.<\/li><li>Statistiques de gardiens de but de la <a href=\"https:\/\/lhjmq.qc.ca\/stats\/goalies\">LHJMQ<\/a>.<\/li><li><a href=\"https:\/\/fr.wikipedia.org\/wiki\">Wikipedia<\/a> - <a href=\"https:\/\/fr.wikipedia.org\/wiki\/Statistique_des_meneurs_de_la_LNH\">Statistiques des meneurs de la LNH<\/a> - avec les statistiques de les plus meilleures gardiens de but de tout le temps.<\/li><li><a href=\"https:\/\/fr.wikipedia.org\/wiki\/\">Wikipedia<\/a> - <a href=\"https:\/\/fr.wikipedia.org\/wiki\/Statistiques_du_hockey_sur_glace\">Statistiques de hockey sur glace<\/a> - Un collection de tout les statistiques de hockey.<\/li><\/ul>\n\n\n\n<div class=\"wp-block-columns is-layout-flex wp-container-core-columns-is-layout-1 wp-block-columns-is-layout-flex\">\n<div class=\"wp-block-column is-layout-flow wp-block-column-is-layout-flow\">\n<h2 class=\"wp-block-heading\">Plusieurs calculatrices de hockey<\/h2>\n\n\n\n<ul class=\"wp-block-list\"><li><a href=\"https:\/\/captaincalculator.com\/fr\/sports\/hockey\/mba\/\">Moyennes de buts allou\u00e9s (MBA)<\/a><\/li><li><a href=\"https:\/\/captaincalculator.com\/fr\/sports\/hockey\/pourcentage-t\/\">Pourcentage de r\u00e9ussite sur les tirs (%T)<\/a><\/li><li><a href=\"https:\/\/captaincalculator.com\/fr\/sports\/hockey\/eff\/\">Pourcentage d'arr\u00eats (%ARR)<\/a><\/li><\/ul>\n<\/div>\n\n\n\n<div class=\"wp-block-column is-layout-flow wp-block-column-is-layout-flow\">\n<h2 class=\"wp-block-heading\">Plusieurs calculatrices de sports<\/h2>\n\n\n\n<ul class=\"wp-block-list\"><li><a href=\"https:\/\/captaincalculator.com\/fr\/sports\/hockey\/\">Hockey<\/a><\/li><li><a href=\"https:\/\/captaincalculator.com\/fr\/sports\/football\/\">Football<\/a><\/li><li><a href=\"https:\/\/captaincalculator.com\/fr\/sports\/\">... plusieurs sports<\/a><\/li><\/ul>\n<\/div>\n<\/div>\n","protected":false},"excerpt":{"rendered":"<p>Calculatrice Qu'est-ce qu'une moyenne de buts allou\u00e9s? La moyenne de buts allou\u00e9s mesure le nombre moyen de buts que le gardien de but permet pour chaque jeu r\u00e9glementaire. Il est ajust\u00e9 pour les minutes que le gardien de but joue. Un MBA plus bas est un signe d'un gardien de but qui permet peu de &hellip; <a href=\"https:\/\/captaincalculator.com\/fr\/sports\/hockey\/mba\/\" class=\"more-link\">Continuer la lecture<span class=\"screen-reader-text\"> de &laquo;&nbsp;Calculatrice de Moyenne de buts allou\u00e9s (MBA) (Hockey)&nbsp;&raquo;<\/span><\/a><\/p>\n","protected":false},"author":1,"featured_media":0,"parent":30,"menu_order":0,"comment_status":"closed","ping_status":"closed","template":"page-calculator-ad-vue.php","meta":{"_acf_changed":false,"_monsterinsights_skip_tracking":false,"_monsterinsights_sitenote_active":false,"_monsterinsights_sitenote_note":"","_monsterinsights_sitenote_category":0,"footnotes":""},"class_list":["post-21","page","type-page","status-publish","hentry"],"acf":[],"_links":{"self":[{"href":"https:\/\/captaincalculator.com\/fr\/wp-json\/wp\/v2\/pages\/21"}],"collection":[{"href":"https:\/\/captaincalculator.com\/fr\/wp-json\/wp\/v2\/pages"}],"about":[{"href":"https:\/\/captaincalculator.com\/fr\/wp-json\/wp\/v2\/types\/page"}],"author":[{"embeddable":true,"href":"https:\/\/captaincalculator.com\/fr\/wp-json\/wp\/v2\/users\/1"}],"replies":[{"embeddable":true,"href":"https:\/\/captaincalculator.com\/fr\/wp-json\/wp\/v2\/comments?post=21"}],"version-history":[{"count":17,"href":"https:\/\/captaincalculator.com\/fr\/wp-json\/wp\/v2\/pages\/21\/revisions"}],"predecessor-version":[{"id":332,"href":"https:\/\/captaincalculator.com\/fr\/wp-json\/wp\/v2\/pages\/21\/revisions\/332"}],"up":[{"embeddable":true,"href":"https:\/\/captaincalculator.com\/fr\/wp-json\/wp\/v2\/pages\/30"}],"wp:attachment":[{"href":"https:\/\/captaincalculator.com\/fr\/wp-json\/wp\/v2\/media?parent=21"}],"curies":[{"name":"wp","href":"https:\/\/api.w.org\/{rel}","templated":true}]}}