{"id":235,"date":"2020-03-04T21:52:28","date_gmt":"2020-03-04T20:52:28","guid":{"rendered":"https:\/\/captaincalculator.com\/fr\/?page_id=235"},"modified":"2020-03-08T23:55:19","modified_gmt":"2020-03-08T22:55:19","slug":"sitemap","status":"publish","type":"page","link":"https:\/\/captaincalculator.com\/fr\/sitemap\/","title":{"rendered":"Sitemap"},"content":{"rendered":"\n<ul class=\"wp-block-list\"><li><a href=\"https:\/\/captaincalculator.com\/sitemap\/\">Sitemap Anglais<\/a><\/li><li><a href=\"https:\/\/captaincalculator.com\/fr\/a-propos\/\">\u00c0 Propos<\/a><\/li><li><a href=\"https:\/\/captaincalculator.com\/fr\/contact\/\">Contact<\/a><\/li><li><a href=\"https:\/\/captaincalculator.com\/fr\/mathematiques\/\">Math\u00e9matique<\/a><ul><li><a href=\"https:\/\/captaincalculator.com\/fr\/mathematiques\/puissance\/\">Puissances (L'exposants)<\/a><ul><li><a href=\"https:\/\/captaincalculator.com\/fr\/mathematiques\/puissance\/puissance\/\">Calculatrice de la Puissance (l'exposant d'un nombre)<\/a><\/li><li><a href=\"https:\/\/captaincalculator.com\/fr\/mathematiques\/puissance\/carree\/\">Calculatrice d'un nombre carr\u00e9e<\/a><\/li><li><a href=\"https:\/\/captaincalculator.com\/fr\/mathematiques\/puissance\/cubes\/\">Calcul des cubes<\/a><\/li><li><a href=\"https:\/\/captaincalculator.com\/fr\/mathematiques\/puissance\/e\/\">Calculatrice de la nombre e<\/a><\/li><\/ul><\/li><li><a href=\"https:\/\/captaincalculator.com\/fr\/mathematiques\/racines\/\">Racines<\/a><ul><li><a href=\"https:\/\/captaincalculator.com\/fr\/mathematiques\/racines\/carree\/\">Racine carr\u00e9e<\/a><\/li><li><a href=\"https:\/\/captaincalculator.com\/fr\/mathematiques\/racines\/cubes\/\">Racine en cubes<\/a><\/li><li><a href=\"https:\/\/captaincalculator.com\/fr\/mathematiques\/racines\/racine\/\">Racine ni\u00e8me<\/a><\/li><\/ul><\/li><\/ul><\/li><li><a href=\"https:\/\/captaincalculator.com\/fr\/sports\/\">Sports<\/a><ul><li><a href=\"https:\/\/captaincalculator.com\/fr\/sports\/football\/\">Football<\/a><ul><li><a href=\"https:\/\/captaincalculator.com\/fr\/sports\/football\/reussite-sur-les-tirs\/\">%T<\/a><\/li><li><a href=\"https:\/\/captaincalculator.com\/fr\/sports\/football\/arr\/\">%ARR<\/a><\/li><li><a href=\"https:\/\/captaincalculator.com\/fr\/sports\/football\/mba\/\">MBA<\/a><\/li><\/ul><\/li><li><a href=\"https:\/\/captaincalculator.com\/fr\/sports\/hockey\/\">Hockey<\/a><ul><li><a href=\"https:\/\/captaincalculator.com\/fr\/sports\/hockey\/pourcentage-t\/\">%T<\/a><\/li><li><a href=\"https:\/\/captaincalculator.com\/fr\/sports\/hockey\/arr\/\">%ARR<\/a><\/li><li><a href=\"https:\/\/captaincalculator.com\/fr\/sports\/hockey\/mbr\/\">MBA<\/a><\/li><\/ul><\/li><\/ul><\/li><\/ul>\n\n\n\n<p><\/p>\n","protected":false},"excerpt":{"rendered":"<p>Sitemap Anglais \u00c0 Propos Contact Math\u00e9matique Puissances (L'exposants) Calculatrice de la Puissance (l'exposant d'un nombre) Calculatrice d'un nombre carr\u00e9e Calcul des cubes Calculatrice de la nombre e Racines Racine carr\u00e9e Racine en cubes Racine ni\u00e8me Sports Football %T %ARR MBA Hockey %T %ARR MBA<\/p>\n","protected":false},"author":1,"featured_media":0,"parent":0,"menu_order":0,"comment_status":"closed","ping_status":"closed","template":"","meta":{"_acf_changed":false,"_monsterinsights_skip_tracking":false,"_monsterinsights_sitenote_active":false,"_monsterinsights_sitenote_note":"","_monsterinsights_sitenote_category":0,"footnotes":""},"class_list":["post-235","page","type-page","status-publish","hentry"],"acf":[],"_links":{"self":[{"href":"https:\/\/captaincalculator.com\/fr\/wp-json\/wp\/v2\/pages\/235"}],"collection":[{"href":"https:\/\/captaincalculator.com\/fr\/wp-json\/wp\/v2\/pages"}],"about":[{"href":"https:\/\/captaincalculator.com\/fr\/wp-json\/wp\/v2\/types\/page"}],"author":[{"embeddable":true,"href":"https:\/\/captaincalculator.com\/fr\/wp-json\/wp\/v2\/users\/1"}],"replies":[{"embeddable":true,"href":"https:\/\/captaincalculator.com\/fr\/wp-json\/wp\/v2\/comments?post=235"}],"version-history":[{"count":1,"href":"https:\/\/captaincalculator.com\/fr\/wp-json\/wp\/v2\/pages\/235\/revisions"}],"predecessor-version":[{"id":236,"href":"https:\/\/captaincalculator.com\/fr\/wp-json\/wp\/v2\/pages\/235\/revisions\/236"}],"wp:attachment":[{"href":"https:\/\/captaincalculator.com\/fr\/wp-json\/wp\/v2\/media?parent=235"}],"curies":[{"name":"wp","href":"https:\/\/api.w.org\/{rel}","templated":true}]}}