{"id":24,"date":"2020-01-24T00:19:28","date_gmt":"2020-01-23T23:19:28","guid":{"rendered":"https:\/\/captaincalculator.com\/fr\/?page_id=24"},"modified":"2020-03-11T17:03:48","modified_gmt":"2020-03-11T16:03:48","slug":"arr","status":"publish","type":"page","link":"https:\/\/captaincalculator.com\/fr\/sports\/hockey\/arr\/","title":{"rendered":"Calculatrice de pourcentage d'arr\u00eats (%ARR) (Hockey)"},"content":{"rendered":"\n<h2 class=\"wp-block-heading\">Calculatrice<\/h2>\n\n\n<noscript>Please note: This calculator requires javascript to function<\/noscript><div id=\"fr-sports-hockey-save-percentage-calculator-app\" name=\"fr-sports-hockey-save-percentage-calculator-app\"><\/div>\n\n\n\n<h2 class=\"wp-block-heading\">Qu'est-ce que un %ARR?<\/h2>\n\n\n\n<p>Le pourcentage d'arr\u00eats est le pourcentage d'arr\u00eats qu'un gardien de but effectue au nombre de tirs effectu\u00e9s sur le but.<\/p>\n\n\n\n<p>Un %ARR plus \u00e9lev\u00e9 est l'indication d'un gardien de but qui permet peu de tirs dans le filet. Un pourcentage d'arr\u00eats plus faible est l'indication d'un gardien de but qui permet beaucoup de tirs dans le filet.<\/p>\n\n\n\n<h2 class=\"wp-block-heading\">Formule<\/h2>\n\n\n\n<p>%ARR = arr\u00eats \u00f7 tirs re\u00e7us<\/p>\n\n\n\n<p>Quand:<\/p>\n\n\n\n<ul class=\"wp-block-list\"><li>Un \u00ab arr\u00eat \u00bb est un tire sur le but que le gardien de but arr\u00eate.<\/li><li>Un \u00ab tir re\u00e7u \u00bb  est un action qui dirige la rondelle vers le filet et est soit arr\u00eat\u00e9 par le gardien de but ou va dans le filet. N'incluez pas les tirs d'une fusillade, les tirs bloqu\u00e9s par un joueur non gardien de but (tirs bloqu\u00e9s), ou les tirs qui manquent le filet ou frappent le poteau (tirs manqu\u00e9s). N'incluez pas les tirs au filet vides (le gardien n'est pas sur le glace), sauf si vous calculez le pourcentage de sauvegarde d'une \u00e9quipe.<\/li><\/ul>\n\n\n\n<h2 class=\"wp-block-heading\">Example<\/h2>\n\n\n\n<p>Un gardien de but a re\u00e7u  219 tirs et fait 192 arr\u00eats.<\/p>\n\n\n\n<p>192 arr\u00eats \u00f7 219 tirs re\u00e7u = 0,877.<\/p>\n\n\n\n<p>Le %ARR de ce gardien de but est 0,877, ou 87,7 %.<\/p>\n\n\n\n<h2 class=\"wp-block-heading\">FAQ<\/h2>\n\n\n\t\t<section class=\"sc_fs_faq sc_card \">\n\t\t\t<div>\n\t\t\t\t<h5>Qu&#039;est-ce que \u00ab%ARR\u00bb au hockey?<\/h5>\t\t\t\t<div>\n\t\t\t\t\t\t\t\t\t\t<p>\n\t\t\t\t\t\t\u00ab%ARR\u00bb signifie \u00abpourcentage d'<strong>arr<\/strong>\u00eates\u00bb. C'est le pourcentage de tires au but que le gardien de but arr\u00eate. \t\t\t\t\t<\/p>\n\t\t\t\t<\/div>\n\t\t\t<\/div>\n\t\t<\/section>\n\t\t\t\t<section class=\"sc_fs_faq sc_card \">\n\t\t\t<div>\n\t\t\t\t<h5>Qu&#039;est-ce que \u00abSv%\u00bb au hockey?<\/h5>\t\t\t\t<div>\n\t\t\t\t\t\t\t\t\t\t<p>\n\t\t\t\t\t\t\u00abSv%\u00bb ou \u00absave percentage\u00bb est le nom Anglais de la statistique \u00ab%ARR\u00bb ou \u00abpourcentage d'arr\u00eates\u00bb. C'est le pourcentage de tires au but que le gardien de but arr\u00eate. \t\t\t\t\t<\/p>\n\t\t\t\t<\/div>\n\t\t\t<\/div>\n\t\t<\/section>\n\t\t\t\t<section class=\"sc_fs_faq sc_card \">\n\t\t\t<div>\n\t\t\t\t<h5>Qu&#039;est-ce qu&#039;un bon pourcentage d&#039;arr\u00eats au hockey?<\/h5>\t\t\t\t<div>\n\t\t\t\t\t\t\t\t\t\t<p>\n\t\t\t\t\t\tLa meneur de carri\u00e8re dans le LNH en pourcentage d'arr\u00eats pour les joueurs qui on fait leurs d\u00e9buts au cours de la saison 1955\/56 ou plus tard est Dominik Hasek avec un pourcentage d'arr\u00eats de 92,2%. Le 50e meilleur de tous les temps est Brian Elliot avec un pourcentage d'arr\u00eats de 91,2%. Le 100e meilleur de tous le temps est Louis Domingue avec un pourcentage d'arr\u00eats de 90,6%. Tous les chiffres <a href=\"https:\/\/records.nhl.com\/records\/goaltender-records\/save-percentage-players-who-debuted-in-1955-56-or-later\/highest-save-percentage-career\">des records de la LNH<\/a> on \u00e9t\u00e9 r\u00e9cup\u00e9r\u00e9s le 28 janvier 2020.\t\t\t\t\t<\/p>\n\t\t\t\t<\/div>\n\t\t\t<\/div>\n\t\t<\/section>\n\t\t\n<script type=\"application\/ld+json\">\n\t{\n\t\t\"@context\": \"https:\/\/schema.org\",\n\t\t\"@type\": \"FAQPage\",\n\t\t\"mainEntity\": [\n\t\t\t\t\t{\n\t\t\t\t\"@type\": \"Question\",\n\t\t\t\t\"name\": \"Qu'est-ce que \u00ab%ARR\u00bb au hockey?\",\n\t\t\t\t\"acceptedAnswer\": {\n\t\t\t\t\t\"@type\": \"Answer\",\n\t\t\t\t\t\"text\": \"\u00ab%ARR\u00bb signifie \u00abpourcentage d'<strong>arr<\/strong>\u00eates\u00bb. C'est le pourcentage de tires au but que le gardien de but arr\u00eate.\"\n\t\t\t\t\t\t\t\t\t}\n\t\t\t}\n\t\t\t,\t\t\t\t{\n\t\t\t\t\"@type\": \"Question\",\n\t\t\t\t\"name\": \"Qu'est-ce que \u00abSv%\u00bb au hockey?\",\n\t\t\t\t\"acceptedAnswer\": {\n\t\t\t\t\t\"@type\": \"Answer\",\n\t\t\t\t\t\"text\": \"\u00abSv%\u00bb ou \u00absave percentage\u00bb est le nom Anglais de la statistique \u00ab%ARR\u00bb ou \u00abpourcentage d'arr\u00eates\u00bb. C'est le pourcentage de tires au but que le gardien de but arr\u00eate.\"\n\t\t\t\t\t\t\t\t\t}\n\t\t\t}\n\t\t\t,\t\t\t\t{\n\t\t\t\t\"@type\": \"Question\",\n\t\t\t\t\"name\": \"Qu'est-ce qu'un bon pourcentage d'arr\u00eats au hockey?\",\n\t\t\t\t\"acceptedAnswer\": {\n\t\t\t\t\t\"@type\": \"Answer\",\n\t\t\t\t\t\"text\": \"La meneur de carri\u00e8re dans le LNH en pourcentage d'arr\u00eats pour les joueurs qui on fait leurs d\u00e9buts au cours de la saison 1955\/56 ou plus tard est Dominik Hasek avec un pourcentage d'arr\u00eats de 92,2%. Le 50e meilleur de tous les temps est Brian Elliot avec un pourcentage d'arr\u00eats de 91,2%. Le 100e meilleur de tous le temps est Louis Domingue avec un pourcentage d'arr\u00eats de 90,6%. Tous les chiffres <a>des records de la LNH<\/a> on \u00e9t\u00e9 r\u00e9cup\u00e9r\u00e9s le 28 janvier 2020.\"\n\t\t\t\t\t\t\t\t\t}\n\t\t\t}\n\t\t\t\t\t\t]\n\t}\n<\/script>\n\n\n\n<h2 class=\"wp-block-heading\">Sources et plus de ressources<\/h2>\n\n\n\n<ul class=\"wp-block-list\"><li>Statistiques de gardiens de but de la LNH de la <a href=\"https:\/\/www.rds.ca\/hockey\/lnh\/statistiques\/onglet\/gardiens\">RDS<\/a> et de la <a href=\"http:\/\/www.nhl.com\/stats\/fr\/goalies\">LNH<\/a> et de <a href=\"https:\/\/www.lepool.com\/nhl\/gardiens\">LePool.com<\/a>.<\/li><li>Statistiques de gardiens de but de la <a href=\"https:\/\/lhjmq.qc.ca\/stats\/goalies\">LHJMQ<\/a>.<\/li><li><a href=\"https:\/\/fr.wikipedia.org\/wiki\/\">Wikipedia<\/a> - <a href=\"https:\/\/fr.wikipedia.org\/wiki\/Statistiques_du_hockey_sur_glace\">Statistiques de hockey sur glace<\/a> - Un collection de tout les statistiques de hockey.<\/li><\/ul>\n\n\n\n<div class=\"wp-block-columns is-layout-flex wp-container-core-columns-is-layout-1 wp-block-columns-is-layout-flex\">\n<div class=\"wp-block-column is-layout-flow wp-block-column-is-layout-flow\">\n<h2 class=\"wp-block-heading\">Plusieurs calculatrices de hockey<\/h2>\n\n\n\n<ul class=\"wp-block-list\"><li><a href=\"https:\/\/captaincalculator.com\/fr\/sports\/hockey\/mba\/\">Moyennes de buts allou\u00e9s (MBA)<\/a><\/li><li><a href=\"https:\/\/captaincalculator.com\/fr\/sports\/hockey\/pourcentage-t\/\">Pourcentage de r\u00e9ussite sur les tirs (%T)<\/a><\/li><li><a href=\"https:\/\/captaincalculator.com\/fr\/sports\/hockey\/eff\/\">Pourcentage d'arr\u00eats (%ARR)<\/a><\/li><\/ul>\n<\/div>\n\n\n\n<div class=\"wp-block-column is-layout-flow wp-block-column-is-layout-flow\">\n<h2 class=\"wp-block-heading\">Plusieurs calculatrices de sports<\/h2>\n\n\n\n<ul class=\"wp-block-list\"><li><a href=\"https:\/\/captaincalculator.com\/fr\/sports\/hockey\/\">Hockey<\/a><\/li><li><a href=\"https:\/\/captaincalculator.com\/fr\/sports\/football\/\">Football<\/a><\/li><li><a href=\"https:\/\/captaincalculator.com\/fr\/sports\/\">... plusieurs sports<\/a><\/li><\/ul>\n<\/div>\n<\/div>\n","protected":false},"excerpt":{"rendered":"<p>Calculatrice Qu'est-ce que un %ARR? Le pourcentage d'arr\u00eats est le pourcentage d'arr\u00eats qu'un gardien de but effectue au nombre de tirs effectu\u00e9s sur le but. Un %ARR plus \u00e9lev\u00e9 est l'indication d'un gardien de but qui permet peu de tirs dans le filet. Un pourcentage d'arr\u00eats plus faible est l'indication d'un gardien de but qui &hellip; <a href=\"https:\/\/captaincalculator.com\/fr\/sports\/hockey\/arr\/\" class=\"more-link\">Continuer la lecture<span class=\"screen-reader-text\"> de &laquo;&nbsp;Calculatrice de pourcentage d'arr\u00eats (%ARR) (Hockey)&nbsp;&raquo;<\/span><\/a><\/p>\n","protected":false},"author":1,"featured_media":0,"parent":30,"menu_order":0,"comment_status":"closed","ping_status":"closed","template":"page-calculator-ad-vue.php","meta":{"_acf_changed":false,"_monsterinsights_skip_tracking":false,"_monsterinsights_sitenote_active":false,"_monsterinsights_sitenote_note":"","_monsterinsights_sitenote_category":0,"footnotes":""},"class_list":["post-24","page","type-page","status-publish","hentry"],"acf":[],"_links":{"self":[{"href":"https:\/\/captaincalculator.com\/fr\/wp-json\/wp\/v2\/pages\/24"}],"collection":[{"href":"https:\/\/captaincalculator.com\/fr\/wp-json\/wp\/v2\/pages"}],"about":[{"href":"https:\/\/captaincalculator.com\/fr\/wp-json\/wp\/v2\/types\/page"}],"author":[{"embeddable":true,"href":"https:\/\/captaincalculator.com\/fr\/wp-json\/wp\/v2\/users\/1"}],"replies":[{"embeddable":true,"href":"https:\/\/captaincalculator.com\/fr\/wp-json\/wp\/v2\/comments?post=24"}],"version-history":[{"count":13,"href":"https:\/\/captaincalculator.com\/fr\/wp-json\/wp\/v2\/pages\/24\/revisions"}],"predecessor-version":[{"id":246,"href":"https:\/\/captaincalculator.com\/fr\/wp-json\/wp\/v2\/pages\/24\/revisions\/246"}],"up":[{"embeddable":true,"href":"https:\/\/captaincalculator.com\/fr\/wp-json\/wp\/v2\/pages\/30"}],"wp:attachment":[{"href":"https:\/\/captaincalculator.com\/fr\/wp-json\/wp\/v2\/media?parent=24"}],"curies":[{"name":"wp","href":"https:\/\/api.w.org\/{rel}","templated":true}]}}