{"id":249,"date":"2020-03-16T16:50:40","date_gmt":"2020-03-16T15:50:40","guid":{"rendered":"https:\/\/captaincalculator.com\/fr\/?page_id=249"},"modified":"2020-03-17T21:24:26","modified_gmt":"2020-03-17T20:24:26","slug":"financier","status":"publish","type":"page","link":"https:\/\/captaincalculator.com\/fr\/financier\/","title":{"rendered":"Calculatrices Financi\u00e8res"},"content":{"rendered":"\n<h2 class=\"wp-block-heading\"><a href=\"https:\/\/captaincalculator.com\/fr\/financier\/economie\/\">Macro\u00e9conomie<\/a><\/h2>\n\n\n\n<ul class=\"wp-block-list\"><li><a href=\"https:\/\/captaincalculator.com\/fr\/financier\/economie\/taux-de-chomage\/\">Taux de ch\u00f4mage<\/a> - Le rapport entre les ch\u00f4meurs et la population active totale.<\/li><li><a href=\"https:\/\/captaincalculator.com\/fr\/financier\/economie\/exportations-nettes\/\">Exports nettes<\/a> - Les exportations totales d'une \u00e9conomie moins les importations totales.<\/li><li><a href=\"https:\/\/captaincalculator.com\/fr\/financier\/economie\/pib-reel\/\">PIB r\u00e9el<\/a> - Un variation de PIB corrig\u00e9e des variations de prix tells que l'inflation ou la d\u00e9flation.<\/li><\/ul>\n\n\n\n<h2 class=\"wp-block-heading\"><a href=\"https:\/\/captaincalculator.com\/fr\/financier\/economie\/\">Micro\u00e9conomie<\/a><\/h2>\n\n\n\n<ul class=\"wp-block-list\"><li><a href=\"https:\/\/captaincalculator.com\/fr\/financier\/economie\/cout-marginal\/\">Co\u00fbt marginal<\/a> - Le co\u00fbt de production d'une unit\u00e9 suppl\u00e9mentaire.<\/li><li><a href=\"https:\/\/captaincalculator.com\/fr\/financier\/economie\/productivite-marginal\/\">Productivit\u00e9 marginal<\/a> - Le rapport de variation entre un intrant et un extrant.<\/li><li><a href=\"https:\/\/captaincalculator.com\/fr\/financier\/economie\/revenu-marginal\/\">Revenu marginal<\/a> - Le revenue suppl\u00e9mentaire provenant de la vente d'une unit\u00e9 suppl\u00e9mentaire.<\/li><li><a href=\"https:\/\/captaincalculator.com\/fr\/financier\/economie\/cout-total\/\">Co\u00fbt total<\/a> - Le total de tous les co\u00fbts pour l'entreprise.<\/li><\/ul>\n\n\n\n<h2 class=\"wp-block-heading\"><a href=\"https:\/\/captaincalculator.com\/fr\/financier\/taxe\/\">Taxe<\/a><\/h2>\n\n\n\n<ul class=\"wp-block-list\"><li><a href=\"https:\/\/captaincalculator.com\/fr\/financier\/taxe\/tva\/\">TVA<\/a> - La TVA est une taxe de vente courante en Europe.<\/li><li><a href=\"https:\/\/captaincalculator.com\/fr\/financier\/taxe\/tps-canada\/\">TPS\/TVQ (Canada)<\/a> - La TPS et la TVQ sont de variations canadiennes de la TVA.<\/li><\/ul>\n","protected":false},"excerpt":{"rendered":"<p>Macro\u00e9conomie Taux de ch\u00f4mage - Le rapport entre les ch\u00f4meurs et la population active totale. Exports nettes - Les exportations totales d'une \u00e9conomie moins les importations totales. PIB r\u00e9el - Un variation de PIB corrig\u00e9e des variations de prix tells que l'inflation ou la d\u00e9flation. Micro\u00e9conomie Co\u00fbt marginal - Le co\u00fbt de production d'une unit\u00e9 &hellip; <a href=\"https:\/\/captaincalculator.com\/fr\/financier\/\" class=\"more-link\">Continuer la lecture<span class=\"screen-reader-text\"> de &laquo;&nbsp;Calculatrices Financi\u00e8res&nbsp;&raquo;<\/span><\/a><\/p>\n","protected":false},"author":1,"featured_media":0,"parent":0,"menu_order":0,"comment_status":"closed","ping_status":"closed","template":"","meta":{"_acf_changed":false,"_monsterinsights_skip_tracking":false,"_monsterinsights_sitenote_active":false,"_monsterinsights_sitenote_note":"","_monsterinsights_sitenote_category":0,"footnotes":""},"class_list":["post-249","page","type-page","status-publish","hentry"],"acf":[],"_links":{"self":[{"href":"https:\/\/captaincalculator.com\/fr\/wp-json\/wp\/v2\/pages\/249"}],"collection":[{"href":"https:\/\/captaincalculator.com\/fr\/wp-json\/wp\/v2\/pages"}],"about":[{"href":"https:\/\/captaincalculator.com\/fr\/wp-json\/wp\/v2\/types\/page"}],"author":[{"embeddable":true,"href":"https:\/\/captaincalculator.com\/fr\/wp-json\/wp\/v2\/users\/1"}],"replies":[{"embeddable":true,"href":"https:\/\/captaincalculator.com\/fr\/wp-json\/wp\/v2\/comments?post=249"}],"version-history":[{"count":4,"href":"https:\/\/captaincalculator.com\/fr\/wp-json\/wp\/v2\/pages\/249\/revisions"}],"predecessor-version":[{"id":299,"href":"https:\/\/captaincalculator.com\/fr\/wp-json\/wp\/v2\/pages\/249\/revisions\/299"}],"wp:attachment":[{"href":"https:\/\/captaincalculator.com\/fr\/wp-json\/wp\/v2\/media?parent=249"}],"curies":[{"name":"wp","href":"https:\/\/api.w.org\/{rel}","templated":true}]}}