{"id":253,"date":"2020-03-16T20:53:44","date_gmt":"2020-03-16T19:53:44","guid":{"rendered":"https:\/\/captaincalculator.com\/fr\/?page_id=253"},"modified":"2020-03-19T16:15:02","modified_gmt":"2020-03-19T15:15:02","slug":"exportations-nettes","status":"publish","type":"page","link":"https:\/\/captaincalculator.com\/fr\/financier\/economie\/exportations-nettes\/","title":{"rendered":"Calculateur des exports nettes"},"content":{"rendered":"\n<h2 class=\"wp-block-heading\">Calculatrice<\/h2>\n\n\n<noscript>Please note: This calculator requires javascript to function<\/noscript><div id=\"fr-financial-macroeconomics-net-exports-calculator-app\" name=\"fr-financial-macroeconomics-net-exports-calculator-app\"><\/div>\n\n\n\n<h2 class=\"wp-block-heading\">Quelles sont les exports nettes?<\/h2>\n\n\n\n<p>Les exportations nettes sont les exportations totales d'une \u00e9conomie moins les importations totales.<\/p>\n\n\n\n<p>Un chiffre positif signifie que l'\u00e9conomie exporte plus qu'elle importe. Un nombre n\u00e9gatif signifie qu'il y a plus d'importations que d'exportations.<\/p>\n\n\n\n<h2 class=\"wp-block-heading\">Formule - Comment calculer les exportations nettes<\/h2>\n\n\n\n<p>Exportations nettes = Exportations Totales - Importations Totales<\/p>\n\n\n\n<h2 class=\"wp-block-heading\">Example<\/h2>\n\n\n\n<p>Les exportations sont \u00e9valu\u00e9es \u00e0 200 000 \u20ac et les importation \u00e0 300 000 \u20ac.<\/p>\n\n\n\n<p>Exportations Nettes = 200 000\u20ac  - 300 000\u20ac = -100 000\u20ac<\/p>\n\n\n\n<p>Les exportations nettes sont de -100 000\u20ac.<\/p>\n\n\n\n<h2 class=\"wp-block-heading\">Sources et plus de ressources<\/h2>\n\n\n\n<ul class=\"wp-block-list\"><li><a href=\"https:\/\/baripedia.org\/wiki\/La_macro%C3%A9conomie_ouverte_:_concepts_de_base\">Baripedia - La macro\u00e9conomie ouverte: concepts de base<\/a> - Une introduction aux termes macro\u00e9conomiques, y compris les exportations nettes.<\/li><li>Wikipedia - <a href=\"https:\/\/fr.wikipedia.org\/wiki\/Exportation\">Exportation<\/a> et <a href=\"https:\/\/fr.wikipedia.org\/wiki\/Balance_commerciale\">Balance commerciale<\/a> - Deux pages Wikipedia sur les exportations et la balance commerciale.<\/li><\/ul>\n","protected":false},"excerpt":{"rendered":"<p>Calculatrice Quelles sont les exports nettes? Les exportations nettes sont les exportations totales d'une \u00e9conomie moins les importations totales. Un chiffre positif signifie que l'\u00e9conomie exporte plus qu'elle importe. Un nombre n\u00e9gatif signifie qu'il y a plus d'importations que d'exportations. Formule - Comment calculer les exportations nettes Exportations nettes = Exportations Totales - Importations Totales &hellip; <a href=\"https:\/\/captaincalculator.com\/fr\/financier\/economie\/exportations-nettes\/\" class=\"more-link\">Continuer la lecture<span class=\"screen-reader-text\"> de &laquo;&nbsp;Calculateur des exports nettes&nbsp;&raquo;<\/span><\/a><\/p>\n","protected":false},"author":1,"featured_media":0,"parent":251,"menu_order":0,"comment_status":"closed","ping_status":"closed","template":"page-calculator-ad-vue.php","meta":{"_acf_changed":false,"_monsterinsights_skip_tracking":false,"_monsterinsights_sitenote_active":false,"_monsterinsights_sitenote_note":"","_monsterinsights_sitenote_category":0,"footnotes":""},"class_list":["post-253","page","type-page","status-publish","hentry"],"acf":[],"_links":{"self":[{"href":"https:\/\/captaincalculator.com\/fr\/wp-json\/wp\/v2\/pages\/253"}],"collection":[{"href":"https:\/\/captaincalculator.com\/fr\/wp-json\/wp\/v2\/pages"}],"about":[{"href":"https:\/\/captaincalculator.com\/fr\/wp-json\/wp\/v2\/types\/page"}],"author":[{"embeddable":true,"href":"https:\/\/captaincalculator.com\/fr\/wp-json\/wp\/v2\/users\/1"}],"replies":[{"embeddable":true,"href":"https:\/\/captaincalculator.com\/fr\/wp-json\/wp\/v2\/comments?post=253"}],"version-history":[{"count":5,"href":"https:\/\/captaincalculator.com\/fr\/wp-json\/wp\/v2\/pages\/253\/revisions"}],"predecessor-version":[{"id":313,"href":"https:\/\/captaincalculator.com\/fr\/wp-json\/wp\/v2\/pages\/253\/revisions\/313"}],"up":[{"embeddable":true,"href":"https:\/\/captaincalculator.com\/fr\/wp-json\/wp\/v2\/pages\/251"}],"wp:attachment":[{"href":"https:\/\/captaincalculator.com\/fr\/wp-json\/wp\/v2\/media?parent=253"}],"curies":[{"name":"wp","href":"https:\/\/api.w.org\/{rel}","templated":true}]}}