{"id":255,"date":"2020-03-16T20:53:16","date_gmt":"2020-03-16T19:53:16","guid":{"rendered":"https:\/\/captaincalculator.com\/fr\/?page_id=255"},"modified":"2020-03-19T16:14:16","modified_gmt":"2020-03-19T15:14:16","slug":"taux-de-chomage","status":"publish","type":"page","link":"https:\/\/captaincalculator.com\/fr\/financier\/economie\/taux-de-chomage\/","title":{"rendered":"Calculateur de taux de ch\u00f4mage"},"content":{"rendered":"<noscript>Please note: This calculator requires javascript to function<\/noscript><div id=\"fr-financial-macroeconomics-unemployment-rate-calculator-app\" name=\"fr-financial-macroeconomics-unemployment-rate-calculator-app\"><\/div>\n\n\n\n<p>Le taux de ch\u00f4mage est le rapport entre les ch\u00f4meurs et la population active totale.<\/p>\n\n\n\n<p>Il n'inclut pas les personnes qui ne font pas partie de la population active (enfants, personnes \u00e2g\u00e9es, et personnes incapables de travailler ou ne cherchant pas d'emploi).<\/p>\n\n\n\n<p>Un faible taux de ch\u00f4mage signifie que peu de personnes recherchent du travail. Un taux de ch\u00f4mage \u00e9lev\u00e9 signifie que davantage de personnes recherchent du travail.<\/p>\n\n\n\n<h2 class=\"wp-block-heading\">Formule - comment calculer le taux de ch\u00f4mage<\/h2>\n\n\n\n<p>Taux de ch\u00f4mage = (personnes sans emploi \u00f7 personnes dans la population active) x 100%<\/p>\n\n\n\n<ul class=\"wp-block-list\"><li>Les ch\u00f4meurs sont des personnes sans emploi et \u00e0 la recherche d'un emploi.<\/li><li>Les personnes dans la population active sont toutes les personnes qui travaillent ou cherchent un emploi. N'incluez pas les personnes qui ne font pas partie de la population active, comme les enfants, les personnes \u00e2g\u00e9es, les personnes incapables de travailler, ou les personnes ne cherchent pas d'emploi.<\/li><\/ul>\n\n\n\n<h2 class=\"wp-block-heading\">Example<\/h2>\n\n\n\n<p>Il y a 100 000 ch\u00f4meurs et la population active est de 5 000 000 de personnes.<\/p>\n\n\n\n<p>Taux de ch\u00f4mage = (100 000 \u00f7 5 000 000) = 0,02 x 100% = 2,0%<\/p>\n\n\n\n<p>Le taux de ch\u00f4mage est de 2,0%.<\/p>\n\n\n\n<h2 class=\"wp-block-heading\">Sources et plus de ressources<\/h2>\n\n\n\n<ul class=\"wp-block-list\"><li><a href=\"https:\/\/fr.wikipedia.org\/wiki\/Wikip%C3%A9dia:Accueil_principal\">Wikipedia<\/a> - <a href=\"https:\/\/fr.wikipedia.org\/wiki\/Taux_de_ch%C3%B4mage\">Taux de ch\u00f4mage<\/a>, <a href=\"https:\/\/fr.wikipedia.org\/wiki\/Taux_d%27emploi\">Taux d'emploi<\/a>, <a href=\"https:\/\/fr.wikipedia.org\/wiki\/Ch%C3%B4mage_dans_l%27Union_europ%C3%A9enne\">Ch\u00f4mage dans l'Union europ\u00e9enne<\/a>, <a href=\"https:\/\/fr.wikipedia.org\/wiki\/Ch%C3%B4mage_en_France\">Ch\u00f4mage en France<\/a>, <a href=\"https:\/\/fr.wikipedia.org\/wiki\/Ch%C3%B4mage_au_Canada\">Ch\u00f4mage au Canada<\/a>, et <a href=\"https:\/\/fr.wikipedia.org\/wiki\/Ch%C3%B4mage_en_Belgique\">Ch\u00f4mage en Belgique<\/a> - Pages Wikipedia sur le ch\u00f4mage.<\/li><li><a href=\"http:\/\/oecd.org\/fr\/\">OECD<\/a> - <a href=\"https:\/\/data.oecd.org\/fr\/unemp\/taux-de-chomage.htm\">Taux de ch\u00f4mage de les pays de l'OECD<\/a> - Statistiques de taux de ch\u00f4mage par pays.<\/li><li>Statistiques r\u00e9gionales sur le ch\u00f4mage de <a href=\"https:\/\/www150.statcan.gc.ca\/t1\/tbl1\/fr\/tv.action?pid=1410028703\">Statistique Canada<\/a> et <a href=\"https:\/\/www.insee.fr\/fr\/statistiques\/4238387?sommaire=4238781&amp;q=chomage#consulter\">Insee<\/a> (<a href=\"https:\/\/statistiques-locales.insee.fr\/#c=indicator&amp;i=tcrd025_yc_ze.tx_ch_ensemble&amp;s=2019-T3&amp;view=map2\">carte<\/a>).<\/li><\/ul>\n","protected":false},"excerpt":{"rendered":"<p>Le taux de ch\u00f4mage est le rapport entre les ch\u00f4meurs et la population active totale. Il n'inclut pas les personnes qui ne font pas partie de la population active (enfants, personnes \u00e2g\u00e9es, et personnes incapables de travailler ou ne cherchant pas d'emploi). Un faible taux de ch\u00f4mage signifie que peu de personnes recherchent du travail. &hellip; <a href=\"https:\/\/captaincalculator.com\/fr\/financier\/economie\/taux-de-chomage\/\" class=\"more-link\">Continuer la lecture<span class=\"screen-reader-text\"> de &laquo;&nbsp;Calculateur de taux de ch\u00f4mage&nbsp;&raquo;<\/span><\/a><\/p>\n","protected":false},"author":1,"featured_media":0,"parent":251,"menu_order":0,"comment_status":"closed","ping_status":"closed","template":"page-calculator-ad-vue.php","meta":{"_acf_changed":false,"_monsterinsights_skip_tracking":false,"_monsterinsights_sitenote_active":false,"_monsterinsights_sitenote_note":"","_monsterinsights_sitenote_category":0,"footnotes":""},"class_list":["post-255","page","type-page","status-publish","hentry"],"acf":[],"_links":{"self":[{"href":"https:\/\/captaincalculator.com\/fr\/wp-json\/wp\/v2\/pages\/255"}],"collection":[{"href":"https:\/\/captaincalculator.com\/fr\/wp-json\/wp\/v2\/pages"}],"about":[{"href":"https:\/\/captaincalculator.com\/fr\/wp-json\/wp\/v2\/types\/page"}],"author":[{"embeddable":true,"href":"https:\/\/captaincalculator.com\/fr\/wp-json\/wp\/v2\/users\/1"}],"replies":[{"embeddable":true,"href":"https:\/\/captaincalculator.com\/fr\/wp-json\/wp\/v2\/comments?post=255"}],"version-history":[{"count":4,"href":"https:\/\/captaincalculator.com\/fr\/wp-json\/wp\/v2\/pages\/255\/revisions"}],"predecessor-version":[{"id":309,"href":"https:\/\/captaincalculator.com\/fr\/wp-json\/wp\/v2\/pages\/255\/revisions\/309"}],"up":[{"embeddable":true,"href":"https:\/\/captaincalculator.com\/fr\/wp-json\/wp\/v2\/pages\/251"}],"wp:attachment":[{"href":"https:\/\/captaincalculator.com\/fr\/wp-json\/wp\/v2\/media?parent=255"}],"curies":[{"name":"wp","href":"https:\/\/api.w.org\/{rel}","templated":true}]}}