{"id":258,"date":"2020-03-16T21:35:23","date_gmt":"2020-03-16T20:35:23","guid":{"rendered":"https:\/\/captaincalculator.com\/fr\/?page_id=258"},"modified":"2020-03-19T16:16:28","modified_gmt":"2020-03-19T15:16:28","slug":"pib-reel","status":"publish","type":"page","link":"https:\/\/captaincalculator.com\/fr\/financier\/economie\/pib-reel\/","title":{"rendered":"Calculatrice PIB R\u00e9el"},"content":{"rendered":"\n<h2 class=\"wp-block-heading\">Calculatrice<\/h2>\n\n\n<noscript>Please note: This calculator requires javascript to function<\/noscript><div id=\"fr-financial-macroeconomics-gdp-real-calculator-app\" name=\"fr-financial-macroeconomics-gdp-real-calculator-app\"><\/div>\n\n\n\n<h2 class=\"wp-block-heading\">Qu'est ce que le PIB R\u00e9el?<\/h2>\n\n\n\n<p>Le PIB r\u00e9el est un variation du PIB corrig\u00e9e des variations de prix telles que l'inflation ou la d\u00e9flation. Il s'agit d'un ajustement du PIB nominal.<\/p>\n\n\n\n<p>Il est r\u00e9pertori\u00e9 comme un point d'index dans le temps (par example, \u00ab euros 2010 \u00bb).<\/p>\n\n\n\n<h2 class=\"wp-block-heading\">Formula - Comment calculer PIB R\u00e9el<\/h2>\n\n\n\n<p>PIB R\u00e9el = (PIB nominal \u00f7 D\u00e9flateur du PIB) x 100<\/p>\n\n\n\n<h2 class=\"wp-block-heading\">Example<\/h2>\n\n\n\n<p>PIB nominal est 1 000 000\u20ac et le D\u00e9flateur du PIB est 125.<\/p>\n\n\n\n<p>PIB R\u00e9el = (1 000 000\u20ac \u00f7 125) x 100 = 8 000\u20ac x 100 = 800 000\u20ac<\/p>\n\n\n\n<p>Le PIB r\u00e9el est 800 000\u20ac.<\/p>\n\n\n\n<h2 class=\"wp-block-heading\">Sources et plus de ressources<\/h2>\n","protected":false},"excerpt":{"rendered":"<p>Calculatrice Qu'est ce que le PIB R\u00e9el? Le PIB r\u00e9el est un variation du PIB corrig\u00e9e des variations de prix telles que l'inflation ou la d\u00e9flation. Il s'agit d'un ajustement du PIB nominal. Il est r\u00e9pertori\u00e9 comme un point d'index dans le temps (par example, \u00ab euros 2010 \u00bb). Formula - Comment calculer PIB R\u00e9el &hellip; <a href=\"https:\/\/captaincalculator.com\/fr\/financier\/economie\/pib-reel\/\" class=\"more-link\">Continuer la lecture<span class=\"screen-reader-text\"> de &laquo;&nbsp;Calculatrice PIB R\u00e9el&nbsp;&raquo;<\/span><\/a><\/p>\n","protected":false},"author":1,"featured_media":0,"parent":251,"menu_order":0,"comment_status":"closed","ping_status":"closed","template":"page-calculator-ad-vue.php","meta":{"_acf_changed":false,"_monsterinsights_skip_tracking":false,"_monsterinsights_sitenote_active":false,"_monsterinsights_sitenote_note":"","_monsterinsights_sitenote_category":0,"footnotes":""},"class_list":["post-258","page","type-page","status-publish","hentry"],"acf":[],"_links":{"self":[{"href":"https:\/\/captaincalculator.com\/fr\/wp-json\/wp\/v2\/pages\/258"}],"collection":[{"href":"https:\/\/captaincalculator.com\/fr\/wp-json\/wp\/v2\/pages"}],"about":[{"href":"https:\/\/captaincalculator.com\/fr\/wp-json\/wp\/v2\/types\/page"}],"author":[{"embeddable":true,"href":"https:\/\/captaincalculator.com\/fr\/wp-json\/wp\/v2\/users\/1"}],"replies":[{"embeddable":true,"href":"https:\/\/captaincalculator.com\/fr\/wp-json\/wp\/v2\/comments?post=258"}],"version-history":[{"count":5,"href":"https:\/\/captaincalculator.com\/fr\/wp-json\/wp\/v2\/pages\/258\/revisions"}],"predecessor-version":[{"id":326,"href":"https:\/\/captaincalculator.com\/fr\/wp-json\/wp\/v2\/pages\/258\/revisions\/326"}],"up":[{"embeddable":true,"href":"https:\/\/captaincalculator.com\/fr\/wp-json\/wp\/v2\/pages\/251"}],"wp:attachment":[{"href":"https:\/\/captaincalculator.com\/fr\/wp-json\/wp\/v2\/media?parent=258"}],"curies":[{"name":"wp","href":"https:\/\/api.w.org\/{rel}","templated":true}]}}