{"id":26,"date":"2020-01-24T16:56:45","date_gmt":"2020-01-24T15:56:45","guid":{"rendered":"https:\/\/captaincalculator.com\/fr\/?page_id=26"},"modified":"2020-03-11T17:04:37","modified_gmt":"2020-03-11T16:04:37","slug":"pourcentage-t","status":"publish","type":"page","link":"https:\/\/captaincalculator.com\/fr\/sports\/hockey\/pourcentage-t\/","title":{"rendered":"Calculatrice de % de r\u00e9ussite sur les tirs (%T)"},"content":{"rendered":"\n<h2 class=\"wp-block-heading\">Calculatrice<\/h2>\n\n\n<noscript>Please note: This calculator requires javascript to function<\/noscript><div id=\"fr-sports-hockey-shooting-percentage-calculator-app\" name=\"fr-sports-hockey-shooting-percentage-calculator-app\"><\/div>\n\n\n\n<h2 class=\"wp-block-heading\">Qu'est-ce qui est le %T?<\/h2>\n\n\n\n<p>Le pourcentage de r\u00e9ussite sur les tirs est le pourcentage de tirs d'un joueur de hockey qui sont les buts.<\/p>\n\n\n\n<p>Un pourcentage de r\u00e9ussite sur les tirs plus \u00e9lev\u00e9 est le signe d'un joueur de hockey qui marque un nombre \u00e9lev\u00e9 de but par tir fait.<\/p>\n\n\n\n<p>D'autres sports avec un gardien de but comme le hockey sur gazon, la crosse, <a href=\"https:\/\/captaincalculator.com\/fr\/sports\/football\/reussite-sur-les-tirs\/\">le football<\/a>, et le water-polo utilisent \u00e9galement %T.<\/p>\n\n\n\n<h2 class=\"wp-block-heading\">Formule<\/h2>\n\n\n\n<p>%T = Buts \u00f7 Tirs fait<\/p>\n\n\n\n<ul class=\"wp-block-list\"><li>Un \u00ab<strong>but<\/strong>\u00bb est un tire qui vas dans le filet. Inclure des buts filet vides. N'incluez pas les buts d'une fusillade.<\/li><li>Un \u00ab<strong>tire<\/strong>\u00bb est une action qui dirige la rondelle vers le filet et qui est soit arr\u00eat\u00e9e par le gardien de but, soit dans le filet. Inclure des coups de filet vide. N'incluez pas les tirs bloqu\u00e9s par un joueur non gardien de but (tirs bloqu\u00e9s), les tirs qui manquent le filet ou frappent le poteau (tirs manqu\u00e9s), ou les tirs lors d'une fusillade.<\/li><\/ul>\n\n\n\n<h2 class=\"wp-block-heading\">Example<\/h2>\n\n\n\n<p>Un joueur a effectu\u00e9 622 tirs au but et a marqu\u00e9 48 buts.<\/p>\n\n\n\n<p>48 buts \u00f7 622 tirs = 0,0772.<\/p>\n\n\n\n<p>Le pourcentage de tir de ce joueur est de 0,0772, ou 7,72%.<\/p>\n\n\n\n<h2 class=\"wp-block-heading\">FAQ<\/h2>\n\n\n\t\t<section class=\"sc_fs_faq sc_card \">\n\t\t\t<div>\n\t\t\t\t<h5>Qu&#039;est-ce que \u00ab %T \u00bb au hockey?<\/h5>\t\t\t\t<div>\n\t\t\t\t\t\t\t\t\t\t<p>\n\t\t\t\t\t\t\u00ab %T \u00bb signifie \u00ab pourcentage de r\u00e9ussite sur les tirs \u00bb. C'est le pourcentage de tirs d'un joueur au but qui va dans le filet.\t\t\t\t\t<\/p>\n\t\t\t\t<\/div>\n\t\t\t<\/div>\n\t\t<\/section>\n\t\t\t\t<section class=\"sc_fs_faq sc_card \">\n\t\t\t<div>\n\t\t\t\t<h5>Qu&#039;est-ce que \u00ab SH% \u00bb au hockey?<\/h5>\t\t\t\t<div>\n\t\t\t\t\t\t\t\t\t\t<p>\n\t\t\t\t\t\t\u00abSH%\u00bb ou \u00abShooting Percentage\u00bb est le nom Anglais de la statistique \u00ab%T\u00bb ou \u00abpourcentage de r\u00e9ussite sur les tirs\u00bb. C'est le pourcentage de tirs d'un joueur au but qui va dans le filet.\t\t\t\t\t<\/p>\n\t\t\t\t<\/div>\n\t\t\t<\/div>\n\t\t<\/section>\n\t\t\t\t<section class=\"sc_fs_faq sc_card \">\n\t\t\t<div>\n\t\t\t\t<h5>Qu&#039;est-ce qu&#039;un bon %T?<\/h5>\t\t\t\t<div>\n\t\t\t\t\t\t\t\t\t\t<p>\n\t\t\t\t\t\tCraig Simpson (1985 - 1995) est le leader de tous les temps en tir dans le LNH avec un pourcentage de tiers en carri\u00e8re de 23,66%. Le 50e de tous le temps est Joe Nieuwndyk (1986 - 2007) avec 17,40%. Le 100e de tous les temps est Auston Matthews (2016 - actuel) avec 15,94%. Le 200e de tous le temps est Tim Higgins (1978 - 1989) avec 14,54%. Statistiques de <a href=\"https:\/\/www.hockey-reference.com\/leaders\/shot_pct_career.html\">tableau des leaders en pourcentage de tir de Hockey-Reference.com<\/a> au 28 janvier 2020.\t\t\t\t\t<\/p>\n\t\t\t\t<\/div>\n\t\t\t<\/div>\n\t\t<\/section>\n\t\t\n<script type=\"application\/ld+json\">\n\t{\n\t\t\"@context\": \"https:\/\/schema.org\",\n\t\t\"@type\": \"FAQPage\",\n\t\t\"mainEntity\": [\n\t\t\t\t\t{\n\t\t\t\t\"@type\": \"Question\",\n\t\t\t\t\"name\": \"Qu'est-ce que \u00ab %T \u00bb au hockey?\",\n\t\t\t\t\"acceptedAnswer\": {\n\t\t\t\t\t\"@type\": \"Answer\",\n\t\t\t\t\t\"text\": \"\u00ab %T \u00bb signifie \u00ab pourcentage de r\u00e9ussite sur les tirs \u00bb. C'est le pourcentage de tirs d'un joueur au but qui va dans le filet.\"\n\t\t\t\t\t\t\t\t\t}\n\t\t\t}\n\t\t\t,\t\t\t\t{\n\t\t\t\t\"@type\": \"Question\",\n\t\t\t\t\"name\": \"Qu'est-ce que \u00ab SH% \u00bb au hockey?\",\n\t\t\t\t\"acceptedAnswer\": {\n\t\t\t\t\t\"@type\": \"Answer\",\n\t\t\t\t\t\"text\": \"\u00abSH%\u00bb ou \u00abShooting Percentage\u00bb est le nom Anglais de la statistique \u00ab%T\u00bb ou \u00abpourcentage de r\u00e9ussite sur les tirs\u00bb. C'est le pourcentage de tirs d'un joueur au but qui va dans le filet.\"\n\t\t\t\t\t\t\t\t\t}\n\t\t\t}\n\t\t\t,\t\t\t\t{\n\t\t\t\t\"@type\": \"Question\",\n\t\t\t\t\"name\": \"Qu'est-ce qu'un bon %T?\",\n\t\t\t\t\"acceptedAnswer\": {\n\t\t\t\t\t\"@type\": \"Answer\",\n\t\t\t\t\t\"text\": \"Craig Simpson (1985 - 1995) est le leader de tous les temps en tir dans le LNH avec un pourcentage de tiers en carri\u00e8re de 23,66%. Le 50e de tous le temps est Joe Nieuwndyk (1986 - 2007) avec 17,40%. Le 100e de tous les temps est Auston Matthews (2016 - actuel) avec 15,94%. Le 200e de tous le temps est Tim Higgins (1978 - 1989) avec 14,54%. Statistiques de <a>tableau des leaders en pourcentage de tir de Hockey-Reference.com<\/a> au 28 janvier 2020.\"\n\t\t\t\t\t\t\t\t\t}\n\t\t\t}\n\t\t\t\t\t\t]\n\t}\n<\/script>\n\n\n\n<h2 class=\"wp-block-heading\">Sources et plus de ressources<\/h2>\n\n\n\n<ul class=\"wp-block-list\"><li>Statistiques sur les joueurs de la LNH de la <a href=\"http:\/\/www.nhl.com\/stats\/skaters\">LNH<\/a>, <a href=\"https:\/\/www.rds.ca\/hockey\/lnh\/statistiques\/onglet\/joueurs\">RDS<\/a>, <a href=\"https:\/\/www.hockey-reference.com\/leaders\/\">Hockey-Reference.com<\/a>, et <a href=\"https:\/\/www.quanthockey.com\/nhl\/records\/nhl-players-all-time-points-leaders.html\">QuantHockey (Includes All-Time Leaders)<\/a>.<\/li><li>Statistiques sur les joueurs de la <a href=\"https:\/\/lhjmq.qc.ca\/stats\/players\/\">LHJMQ<\/a>.<\/li><li><a href=\"https:\/\/fr.wikipedia.org\/wiki\/\">Wikipedia<\/a> - <a href=\"https:\/\/fr.wikipedia.org\/wiki\/Statistiques_du_hockey_sur_glace\">Statistiques de hockey sur glace<\/a> - Un collection de tout les statistiques de hockey.<\/li><\/ul>\n\n\n\n<div class=\"wp-block-columns is-layout-flex wp-container-core-columns-is-layout-1 wp-block-columns-is-layout-flex\">\n<div class=\"wp-block-column is-layout-flow wp-block-column-is-layout-flow\">\n<h2 class=\"wp-block-heading\">Plusieurs calculatrices de hockey<\/h2>\n\n\n\n<ul class=\"wp-block-list\"><li><a href=\"https:\/\/captaincalculator.com\/fr\/sports\/hockey\/mba\/\">Moyennes de buts allou\u00e9s (MBA)<\/a><\/li><li><a href=\"https:\/\/captaincalculator.com\/fr\/sports\/hockey\/pourcentage-t\/\">Pourcentage de r\u00e9ussite sur les tirs (%T)<\/a><\/li><li><a href=\"https:\/\/captaincalculator.com\/fr\/sports\/hockey\/eff\/\">Pourcentage d'arr\u00eats (%ARR)<\/a><\/li><\/ul>\n<\/div>\n\n\n\n<div class=\"wp-block-column is-layout-flow wp-block-column-is-layout-flow\">\n<h2 class=\"wp-block-heading\">Plusieurs calculatrices de sports<\/h2>\n\n\n\n<ul class=\"wp-block-list\"><li><a href=\"https:\/\/captaincalculator.com\/fr\/sports\/hockey\/\">Hockey<\/a><\/li><li><a href=\"https:\/\/captaincalculator.com\/fr\/sports\/football\/\">Football<\/a><\/li><li><a href=\"https:\/\/captaincalculator.com\/fr\/sports\/\">... plusieurs sports<\/a><\/li><\/ul>\n<\/div>\n<\/div>\n","protected":false},"excerpt":{"rendered":"<p>Calculatrice Qu'est-ce qui est le %T? Le pourcentage de r\u00e9ussite sur les tirs est le pourcentage de tirs d'un joueur de hockey qui sont les buts. Un pourcentage de r\u00e9ussite sur les tirs plus \u00e9lev\u00e9 est le signe d'un joueur de hockey qui marque un nombre \u00e9lev\u00e9 de but par tir fait. D'autres sports avec &hellip; <a href=\"https:\/\/captaincalculator.com\/fr\/sports\/hockey\/pourcentage-t\/\" class=\"more-link\">Continuer la lecture<span class=\"screen-reader-text\"> de &laquo;&nbsp;Calculatrice de % de r\u00e9ussite sur les tirs (%T)&nbsp;&raquo;<\/span><\/a><\/p>\n","protected":false},"author":1,"featured_media":0,"parent":30,"menu_order":0,"comment_status":"closed","ping_status":"closed","template":"page-calculator-ad-vue.php","meta":{"_acf_changed":false,"_monsterinsights_skip_tracking":false,"_monsterinsights_sitenote_active":false,"_monsterinsights_sitenote_note":"","_monsterinsights_sitenote_category":0,"footnotes":""},"class_list":["post-26","page","type-page","status-publish","hentry"],"acf":[],"_links":{"self":[{"href":"https:\/\/captaincalculator.com\/fr\/wp-json\/wp\/v2\/pages\/26"}],"collection":[{"href":"https:\/\/captaincalculator.com\/fr\/wp-json\/wp\/v2\/pages"}],"about":[{"href":"https:\/\/captaincalculator.com\/fr\/wp-json\/wp\/v2\/types\/page"}],"author":[{"embeddable":true,"href":"https:\/\/captaincalculator.com\/fr\/wp-json\/wp\/v2\/users\/1"}],"replies":[{"embeddable":true,"href":"https:\/\/captaincalculator.com\/fr\/wp-json\/wp\/v2\/comments?post=26"}],"version-history":[{"count":11,"href":"https:\/\/captaincalculator.com\/fr\/wp-json\/wp\/v2\/pages\/26\/revisions"}],"predecessor-version":[{"id":247,"href":"https:\/\/captaincalculator.com\/fr\/wp-json\/wp\/v2\/pages\/26\/revisions\/247"}],"up":[{"embeddable":true,"href":"https:\/\/captaincalculator.com\/fr\/wp-json\/wp\/v2\/pages\/30"}],"wp:attachment":[{"href":"https:\/\/captaincalculator.com\/fr\/wp-json\/wp\/v2\/media?parent=26"}],"curies":[{"name":"wp","href":"https:\/\/api.w.org\/{rel}","templated":true}]}}