{"id":260,"date":"2020-03-16T21:45:49","date_gmt":"2020-03-16T20:45:49","guid":{"rendered":"https:\/\/captaincalculator.com\/fr\/?page_id=260"},"modified":"2020-03-19T16:17:14","modified_gmt":"2020-03-19T15:17:14","slug":"total-des-revenus","status":"publish","type":"page","link":"https:\/\/captaincalculator.com\/fr\/financier\/economie\/total-des-revenus\/","title":{"rendered":"Calculatrice Total des revenus"},"content":{"rendered":"\n<h2 class=\"wp-block-heading\" id=\"calculatrice\">Calculatrice<\/h2>\n\n\n<noscript>Please note: This calculator requires javascript to function<\/noscript><div id=\"fr-financial-microeconomics-total-revenue-calculator-app\" name=\"fr-financial-microeconomics-total-revenue-calculator-app\"><\/div>\n\n\n\n<h2 class=\"wp-block-heading\" id=\"definition\">Quel est le total des revenus?<\/h2>\n\n\n\n<p>En micro\u00e9conomie, le total des revenus est l'ensemble des revenus que l'entreprise per\u00e7iot pour les beins et serviecs qu'elle vend.<\/p>\n\n\n\n<p>C'est le prix que l'entreprise vend des articles multipli\u00e9 par le nombre d'articles qu'elle vend.<\/p>\n\n\n\n<h2 class=\"wp-block-heading\" id=\"formule\">Formule - Comment calculer le revenu total<\/h2>\n\n\n\n<p>Total des revenus = Prix x Quantit\u00e9<\/p>\n\n\n\n<h2 class=\"wp-block-heading\" id=\"example\">Example<\/h2>\n\n\n\n<p>Les unit\u00e9s se vendent \u00e0 20\u20ac l'unit\u00e9 et 400 se vendent.<\/p>\n\n\n\n<p>Total des revenus = 20\u20ac x 400 = 8 000\u20ac<\/p>\n\n\n\n<p>Le total des revenus est de 8 000\u20ac.<\/p>\n\n\n\n<h2 class=\"wp-block-heading\" id=\"ressources\">Sources et plus de ressources<\/h2>\n\n\n\n<ul class=\"wp-block-list\"><li>Wikipedia - <a href=\"https:\/\/fr.wikipedia.org\/wiki\/Maximisation_du_profit\">Maximisation du profit<\/a> - Une page Wikipedia qui explique le total de revenu ansi que d'autres th\u00e9ories de maximisation du profit telles que les revenus marginaux.<\/li><\/ul>\n\n\n\n<p><\/p>\n","protected":false},"excerpt":{"rendered":"<p>Calculatrice Quel est le total des revenus? En micro\u00e9conomie, le total des revenus est l'ensemble des revenus que l'entreprise per\u00e7iot pour les beins et serviecs qu'elle vend. C'est le prix que l'entreprise vend des articles multipli\u00e9 par le nombre d'articles qu'elle vend. Formule - Comment calculer le revenu total Total des revenus = Prix x &hellip; <a href=\"https:\/\/captaincalculator.com\/fr\/financier\/economie\/total-des-revenus\/\" class=\"more-link\">Continuer la lecture<span class=\"screen-reader-text\"> de &laquo;&nbsp;Calculatrice Total des revenus&nbsp;&raquo;<\/span><\/a><\/p>\n","protected":false},"author":1,"featured_media":0,"parent":251,"menu_order":0,"comment_status":"closed","ping_status":"closed","template":"page-calculator-ad-vue.php","meta":{"_acf_changed":false,"_monsterinsights_skip_tracking":false,"_monsterinsights_sitenote_active":false,"_monsterinsights_sitenote_note":"","_monsterinsights_sitenote_category":0,"footnotes":""},"class_list":["post-260","page","type-page","status-publish","hentry"],"acf":[],"_links":{"self":[{"href":"https:\/\/captaincalculator.com\/fr\/wp-json\/wp\/v2\/pages\/260"}],"collection":[{"href":"https:\/\/captaincalculator.com\/fr\/wp-json\/wp\/v2\/pages"}],"about":[{"href":"https:\/\/captaincalculator.com\/fr\/wp-json\/wp\/v2\/types\/page"}],"author":[{"embeddable":true,"href":"https:\/\/captaincalculator.com\/fr\/wp-json\/wp\/v2\/users\/1"}],"replies":[{"embeddable":true,"href":"https:\/\/captaincalculator.com\/fr\/wp-json\/wp\/v2\/comments?post=260"}],"version-history":[{"count":6,"href":"https:\/\/captaincalculator.com\/fr\/wp-json\/wp\/v2\/pages\/260\/revisions"}],"predecessor-version":[{"id":324,"href":"https:\/\/captaincalculator.com\/fr\/wp-json\/wp\/v2\/pages\/260\/revisions\/324"}],"up":[{"embeddable":true,"href":"https:\/\/captaincalculator.com\/fr\/wp-json\/wp\/v2\/pages\/251"}],"wp:attachment":[{"href":"https:\/\/captaincalculator.com\/fr\/wp-json\/wp\/v2\/media?parent=260"}],"curies":[{"name":"wp","href":"https:\/\/api.w.org\/{rel}","templated":true}]}}