{"id":265,"date":"2020-03-16T22:26:20","date_gmt":"2020-03-16T21:26:20","guid":{"rendered":"https:\/\/captaincalculator.com\/fr\/?page_id=265"},"modified":"2020-03-19T16:15:41","modified_gmt":"2020-03-19T15:15:41","slug":"cout-total","status":"publish","type":"page","link":"https:\/\/captaincalculator.com\/fr\/financier\/economie\/cout-total\/","title":{"rendered":"Calculatrice de co\u00fbt total"},"content":{"rendered":"\n<h2 class=\"wp-block-heading\">Calculatrice<\/h2>\n\n\n\n<h3 class=\"wp-block-heading\">Calculateur de co\u00fbt total (du total)<\/h3>\n\n\n<noscript>Please note: This calculator requires javascript to function<\/noscript><div id=\"fr-financial-microeconomics-total-cost-from-total-calculator-app\" name=\"fr-financial-microeconomics-total-cost-from-total-calculator-app\"><\/div>\n\n\n\n<h3 class=\"wp-block-heading\">Calculateur de co\u00fbt total (\u00e0 partir de la moyenne)<\/h3>\n\n\n<noscript>Please note: This calculator requires javascript to function<\/noscript><div id=\"fr-financial-microeconomics-total-cost-from-average-calculator-app\" name=\"fr-financial-microeconomics-total-cost-from-average-calculator-app\"><\/div>\n\n\n\n<h2 class=\"wp-block-heading\">Quel est ke co\u00fbt total en micro\u00e9conomie?<\/h2>\n\n\n\n<p>Le co\u00fbt total en micro\u00e9conomie est le total de tous le co\u00fbts pour l'entreprise.<\/p>\n\n\n\n<p>Le co\u00fbt total comprend les co\u00fbts fixes (co\u00fbts qui se produisent ind\u00e9pendamment de la quantit\u00e9 produite) et les co\u00fbts variables (co\u00fbt encouru avec chaque article produit). Il calcule \u00e9galement en multipliant le co\u00fbt moyen par unit\u00e9 par le nombre d'unit\u00e9s produites.<\/p>\n\n\n\n<h2 class=\"wp-block-heading\">Formule - Comment calculer le co\u00fbt total<\/h2>\n\n\n\n<p>Du total: Co\u00fbt total = Co\u00fbts fixes totaux + Co\u00fbts variables totaux<\/p>\n\n\n\n<p>De la moyenne: Co\u00fbt total = Co\u00fbt moyen x Quantit\u00e9<\/p>\n\n\n\n<h2 class=\"wp-block-heading\">Example<\/h2>\n\n\n\n<p>Co\u00fbt total (du total): Les co\u00fbts fixes totaux sont de 200 000\u20ac et les co\u00fbts variables totaux sont de 300 000\u20ac.<\/p>\n\n\n\n<p>Co\u00fbt total = 200 000\u20ac + 300 000\u20ac = 500 000\u20ac<\/p>\n\n\n\n<p>Co\u00fbt total (\u00e0 partir de la moyenne): Le co\u00fbt moyen est de 35\u20ac par unit\u00e9 et 4000 unit\u00e9s sont produites.<\/p>\n\n\n\n<p>Co\u00fbt total (\u00e0 partir de la moyenne) = 35\u20ac x 400 = 14 000\u20ac<\/p>\n\n\n\n<h2 class=\"wp-block-heading\">Sources et plus de ressources<\/h2>\n\n\n\n<ul class=\"wp-block-list\"><li><a href=\"https:\/\/baripedia.org\/wiki\/Accueil\">Baripedia<\/a> - <a href=\"https:\/\/baripedia.org\/wiki\/Les_co%C3%BBts_de_production\">Les co\u00fbts de production<\/a> - Une explication des co\u00fbts de production dans une enterprise.<\/li><li><a href=\"https:\/\/www.maxicours.com\/\">Maxicours<\/a> - <a href=\"https:\/\/www.maxicours.com\/se\/cours\/le-calcul-economique-des-entreprises-cout-total-et-cout-marginal\/\">Le calcul \u00e9conomique des entreprises (co\u00fbt total et co\u00fbt marginal)<\/a> - Une explication de les co\u00fbts dans une enterprise. Il comprend d'autres co\u00fbts tels que les co\u00fbt fixe, les co\u00fbts variables, les co\u00fbts moyen, et les co\u00fbts marginal.<\/li><\/ul>\n","protected":false},"excerpt":{"rendered":"<p>Calculatrice Calculateur de co\u00fbt total (du total) Calculateur de co\u00fbt total (\u00e0 partir de la moyenne) Quel est ke co\u00fbt total en micro\u00e9conomie? Le co\u00fbt total en micro\u00e9conomie est le total de tous le co\u00fbts pour l'entreprise. Le co\u00fbt total comprend les co\u00fbts fixes (co\u00fbts qui se produisent ind\u00e9pendamment de la quantit\u00e9 produite) et les &hellip; <a href=\"https:\/\/captaincalculator.com\/fr\/financier\/economie\/cout-total\/\" class=\"more-link\">Continuer la lecture<span class=\"screen-reader-text\"> de &laquo;&nbsp;Calculatrice de co\u00fbt total&nbsp;&raquo;<\/span><\/a><\/p>\n","protected":false},"author":1,"featured_media":0,"parent":251,"menu_order":0,"comment_status":"closed","ping_status":"closed","template":"page-calculator-ad-vue.php","meta":{"_acf_changed":false,"_monsterinsights_skip_tracking":false,"_monsterinsights_sitenote_active":false,"_monsterinsights_sitenote_note":"","_monsterinsights_sitenote_category":0,"footnotes":""},"class_list":["post-265","page","type-page","status-publish","hentry"],"acf":[],"_links":{"self":[{"href":"https:\/\/captaincalculator.com\/fr\/wp-json\/wp\/v2\/pages\/265"}],"collection":[{"href":"https:\/\/captaincalculator.com\/fr\/wp-json\/wp\/v2\/pages"}],"about":[{"href":"https:\/\/captaincalculator.com\/fr\/wp-json\/wp\/v2\/types\/page"}],"author":[{"embeddable":true,"href":"https:\/\/captaincalculator.com\/fr\/wp-json\/wp\/v2\/users\/1"}],"replies":[{"embeddable":true,"href":"https:\/\/captaincalculator.com\/fr\/wp-json\/wp\/v2\/comments?post=265"}],"version-history":[{"count":7,"href":"https:\/\/captaincalculator.com\/fr\/wp-json\/wp\/v2\/pages\/265\/revisions"}],"predecessor-version":[{"id":320,"href":"https:\/\/captaincalculator.com\/fr\/wp-json\/wp\/v2\/pages\/265\/revisions\/320"}],"up":[{"embeddable":true,"href":"https:\/\/captaincalculator.com\/fr\/wp-json\/wp\/v2\/pages\/251"}],"wp:attachment":[{"href":"https:\/\/captaincalculator.com\/fr\/wp-json\/wp\/v2\/media?parent=265"}],"curies":[{"name":"wp","href":"https:\/\/api.w.org\/{rel}","templated":true}]}}