{"id":267,"date":"2020-03-17T00:25:25","date_gmt":"2020-03-16T23:25:25","guid":{"rendered":"https:\/\/captaincalculator.com\/fr\/?page_id=267"},"modified":"2020-03-19T15:51:00","modified_gmt":"2020-03-19T14:51:00","slug":"cout-marginal","status":"publish","type":"page","link":"https:\/\/captaincalculator.com\/fr\/financier\/economie\/cout-marginal\/","title":{"rendered":"Calculateur de co\u00fbt marginal"},"content":{"rendered":"\n<h2 class=\"wp-block-heading\">Calculatrice<\/h2>\n\n\n<noscript>Please note: This calculator requires javascript to function<\/noscript><div id=\"fr-financial-microeconomics-marginal-cost-calculator-app\" name=\"fr-financial-microeconomics-marginal-cost-calculator-app\"><\/div>\n\n\n\n<h2 class=\"wp-block-heading\">Quel est le co\u00fbt marginal?<\/h2>\n\n\n\n<p>Le co\u00fbt marginal est le co\u00fbt de production d'une unit\u00e9 suppl\u00e9mentaire. Il indique un changement de co\u00fbt incr\u00e9mentiel.<\/p>\n\n\n\n<h2 class=\"wp-block-heading\">Formule - Comment calculer le co\u00fbt marginal<\/h2>\n\n\n\n<p>Co\u00fbt marginal = Variation des co\u00fbts variables totaux \u00f7 Variation de la quantit\u00e9<\/p>\n\n\n\n<h2 class=\"wp-block-heading\">Example<\/h2>\n\n\n\n<p>Le changement du co\u00fbt total est de 40\u20ac et le changement de quantit\u00e9 est de 1 000.<\/p>\n\n\n\n<p>Co\u00fbt marginal = 40\u20ac \u00f7 1 000 = 0,04<\/p>\n\n\n\n<p>Le co\u00fbt marginal (CM) est de 0,04.<\/p>\n\n\n\n<h2 class=\"wp-block-heading\">Sources et plus de ressources<\/h2>\n\n\n\n<ul class=\"wp-block-list\"><li><a href=\"https:\/\/fr.wikipedia.org\/wiki\/Wikip%C3%A9dia:Accueil_principal\">Wikipedia<\/a> - <a href=\"https:\/\/fr.wikipedia.org\/wiki\/Co%C3%BBt_marginal\">Co\u00fbt marginal<\/a> - Une description du co\u00fbt marginal.<\/li><li>Unit.eu - <a href=\"http:\/\/www.unit.eu\/cours\/kit-gestion-ingenieur\/Chapitre-2\/Compta-gestion-ingenieur\/ING-P3-08\/Pdf\/ING-P3-08.pdf\">La methode du co\u00fbt marginal<\/a> - Un chapitre d'un manuel d'\u00e9conomie d\u00e9crivant le co\u00fbt marginal.<\/li><li>Vid\u00e9os sur le co\u00fbt marginal de <a href=\"https:\/\/www.youtube.com\/watch?v=7ZLjBem-Azs\">Khan Academy<\/a> et <a href=\"https:\/\/www.youtube.com\/watch?v=-9oAz1hh8v4\">MCM maths<\/a>.<\/li><\/ul>\n","protected":false},"excerpt":{"rendered":"<p>Calculatrice Quel est le co\u00fbt marginal? Le co\u00fbt marginal est le co\u00fbt de production d'une unit\u00e9 suppl\u00e9mentaire. Il indique un changement de co\u00fbt incr\u00e9mentiel. Formule - Comment calculer le co\u00fbt marginal Co\u00fbt marginal = Variation des co\u00fbts variables totaux \u00f7 Variation de la quantit\u00e9 Example Le changement du co\u00fbt total est de 40\u20ac et le &hellip; <a href=\"https:\/\/captaincalculator.com\/fr\/financier\/economie\/cout-marginal\/\" class=\"more-link\">Continuer la lecture<span class=\"screen-reader-text\"> de &laquo;&nbsp;Calculateur de co\u00fbt marginal&nbsp;&raquo;<\/span><\/a><\/p>\n","protected":false},"author":1,"featured_media":0,"parent":251,"menu_order":0,"comment_status":"closed","ping_status":"closed","template":"page-calculator-ad-vue.php","meta":{"_acf_changed":false,"_monsterinsights_skip_tracking":false,"_monsterinsights_sitenote_active":false,"_monsterinsights_sitenote_note":"","_monsterinsights_sitenote_category":0,"footnotes":""},"class_list":["post-267","page","type-page","status-publish","hentry"],"acf":[],"_links":{"self":[{"href":"https:\/\/captaincalculator.com\/fr\/wp-json\/wp\/v2\/pages\/267"}],"collection":[{"href":"https:\/\/captaincalculator.com\/fr\/wp-json\/wp\/v2\/pages"}],"about":[{"href":"https:\/\/captaincalculator.com\/fr\/wp-json\/wp\/v2\/types\/page"}],"author":[{"embeddable":true,"href":"https:\/\/captaincalculator.com\/fr\/wp-json\/wp\/v2\/users\/1"}],"replies":[{"embeddable":true,"href":"https:\/\/captaincalculator.com\/fr\/wp-json\/wp\/v2\/comments?post=267"}],"version-history":[{"count":3,"href":"https:\/\/captaincalculator.com\/fr\/wp-json\/wp\/v2\/pages\/267\/revisions"}],"predecessor-version":[{"id":303,"href":"https:\/\/captaincalculator.com\/fr\/wp-json\/wp\/v2\/pages\/267\/revisions\/303"}],"up":[{"embeddable":true,"href":"https:\/\/captaincalculator.com\/fr\/wp-json\/wp\/v2\/pages\/251"}],"wp:attachment":[{"href":"https:\/\/captaincalculator.com\/fr\/wp-json\/wp\/v2\/media?parent=267"}],"curies":[{"name":"wp","href":"https:\/\/api.w.org\/{rel}","templated":true}]}}