{"id":269,"date":"2020-03-17T00:45:10","date_gmt":"2020-03-16T23:45:10","guid":{"rendered":"https:\/\/captaincalculator.com\/fr\/?page_id=269"},"modified":"2020-03-19T15:51:45","modified_gmt":"2020-03-19T14:51:45","slug":"productivite-marginal","status":"publish","type":"page","link":"https:\/\/captaincalculator.com\/fr\/financier\/economie\/productivite-marginal\/","title":{"rendered":"Calculateur de productivit\u00e9 marginal"},"content":{"rendered":"\n<h2 class=\"wp-block-heading\">Calculatrice<\/h2>\n\n\n<noscript>Please note: This calculator requires javascript to function<\/noscript><div id=\"fr-financial-microeconomics-marginal-product-calculator-app\" name=\"fr-financial-microeconomics-marginal-product-calculator-app\"><\/div>\n\n\n\n<h2 class=\"wp-block-heading\">Quel est le productivit\u00e9 marginal<\/h2>\n\n\n\n<p>Le productivit\u00e9 marginal est le rapport de variation entre un intrant (g\u00e9n\u00e9ralement du travail ou du capital) et un extrant (g\u00e9n\u00e9ralement des unit\u00e9s produites).<\/p>\n\n\n\n<h2 class=\"wp-block-heading\">Formule - Comment calculer le productivit\u00e9 marginal<\/h2>\n\n\n\n<p>Productivit\u00e9 marginal = Variation de la production produite \u00f7 Variation de l'intrant<\/p>\n\n\n\n<h2 class=\"wp-block-heading\">Example<\/h2>\n\n\n\n<p>Une production augmente de 700 au cours de la m\u00eame p\u00e9riode qu'une entr\u00e9e augmente de 1 000.<\/p>\n\n\n\n<p>Productivit\u00e9 marginal = 700 \u00f7 1 000 = 0,70<\/p>\n\n\n\n<p>Le productivit\u00e9 marginal est de 0,70.<\/p>\n\n\n\n<h2 class=\"wp-block-heading\">Sources et plus de ressources<\/h2>\n\n\n\n<ul class=\"wp-block-list\"><li><a href=\"https:\/\/fr.wikipedia.org\/wiki\/Productivit%C3%A9_marginale\">Wikipedia<\/a> - <a href=\"https:\/\/fr.wikipedia.org\/wiki\/Productivit%C3%A9_marginale\">Productivit\u00e9 marginale<\/a> et <a href=\"https:\/\/fr.wikipedia.org\/wiki\/Micro%C3%A9conomie\">Micro\u00e9conomie<\/a> - Deux pages sur le topic de productivit\u00e9 marginale.<\/li><li>Chapitres de manuels et diapositives PowerPoint sur le productivit\u00e9 marginal de <a href=\"http:\/\/www.fao.org\/3\/V8490F\/v8490f08.htm\">l'ONU pour l'alimentation et l'agriculture<\/a>, <a href=\"http:\/\/cermsem.univ-paris1.fr\/davila\/teaching\/SBS\/Ch06_Pindyck-08.pdf\">L'University de Paris<\/a>, et <a href=\"http:\/\/eloge-des-ses.com\/wp-content\/uploads\/2016\/05\/Micro-du-producteur-Diapo-2013-2014-CR.pdf\">C. Rodrigues &amp; Lyc\u00e9e Militaire<\/a>.<\/li><\/ul>\n","protected":false},"excerpt":{"rendered":"<p>Calculatrice Quel est le productivit\u00e9 marginal Le productivit\u00e9 marginal est le rapport de variation entre un intrant (g\u00e9n\u00e9ralement du travail ou du capital) et un extrant (g\u00e9n\u00e9ralement des unit\u00e9s produites). Formule - Comment calculer le productivit\u00e9 marginal Productivit\u00e9 marginal = Variation de la production produite \u00f7 Variation de l'intrant Example Une production augmente de 700 &hellip; <a href=\"https:\/\/captaincalculator.com\/fr\/financier\/economie\/productivite-marginal\/\" class=\"more-link\">Continuer la lecture<span class=\"screen-reader-text\"> de &laquo;&nbsp;Calculateur de productivit\u00e9 marginal&nbsp;&raquo;<\/span><\/a><\/p>\n","protected":false},"author":1,"featured_media":0,"parent":251,"menu_order":0,"comment_status":"closed","ping_status":"closed","template":"page-calculator-ad-vue.php","meta":{"_acf_changed":false,"_monsterinsights_skip_tracking":false,"_monsterinsights_sitenote_active":false,"_monsterinsights_sitenote_note":"","_monsterinsights_sitenote_category":0,"footnotes":""},"class_list":["post-269","page","type-page","status-publish","hentry"],"acf":[],"_links":{"self":[{"href":"https:\/\/captaincalculator.com\/fr\/wp-json\/wp\/v2\/pages\/269"}],"collection":[{"href":"https:\/\/captaincalculator.com\/fr\/wp-json\/wp\/v2\/pages"}],"about":[{"href":"https:\/\/captaincalculator.com\/fr\/wp-json\/wp\/v2\/types\/page"}],"author":[{"embeddable":true,"href":"https:\/\/captaincalculator.com\/fr\/wp-json\/wp\/v2\/users\/1"}],"replies":[{"embeddable":true,"href":"https:\/\/captaincalculator.com\/fr\/wp-json\/wp\/v2\/comments?post=269"}],"version-history":[{"count":3,"href":"https:\/\/captaincalculator.com\/fr\/wp-json\/wp\/v2\/pages\/269\/revisions"}],"predecessor-version":[{"id":305,"href":"https:\/\/captaincalculator.com\/fr\/wp-json\/wp\/v2\/pages\/269\/revisions\/305"}],"up":[{"embeddable":true,"href":"https:\/\/captaincalculator.com\/fr\/wp-json\/wp\/v2\/pages\/251"}],"wp:attachment":[{"href":"https:\/\/captaincalculator.com\/fr\/wp-json\/wp\/v2\/media?parent=269"}],"curies":[{"name":"wp","href":"https:\/\/api.w.org\/{rel}","templated":true}]}}