{"id":271,"date":"2020-03-17T15:25:39","date_gmt":"2020-03-17T14:25:39","guid":{"rendered":"https:\/\/captaincalculator.com\/fr\/?page_id=271"},"modified":"2020-03-19T16:13:24","modified_gmt":"2020-03-19T15:13:24","slug":"revenu-marginal","status":"publish","type":"page","link":"https:\/\/captaincalculator.com\/fr\/financier\/economie\/revenu-marginal\/","title":{"rendered":"Calculateur de revenu marginal"},"content":{"rendered":"\n<h2 class=\"wp-block-heading\">Calculatrice<\/h2>\n\n\n<noscript>Please note: This calculator requires javascript to function<\/noscript><div id=\"fr-financial-microeconomics-marginal-revenue-calculator-app\" name=\"fr-financial-microeconomics-marginal-revenue-calculator-app\"><\/div>\n\n\n\n<h2 class=\"wp-block-heading\">Qu'est-ce que le revenue marginal?<\/h2>\n\n\n\n<p>Le revenu marginal, ou \u00ab RM&nbsp;\u00bb (\u00ab MR \u00bb en anglais), est le revenu suppl\u00e9mentaire provenant de la vente d'une unit\u00e9 suppl\u00e9mentaire.<\/p>\n\n\n\n<p>Les revenus marginaux varient en fonction du nombre d'unit\u00e9s vendues. Par example, les 10 premi\u00e8res unit\u00e9s pourraient se vendre 100\u20ac. Pour vendre les 10 prochaines unit\u00e9s (#11 - 20), ils devraient vendre pour 90\u20ac. Les 10 prochaines unit\u00e9s (#21 - 30) ne se vendraient que pour 80\u20ac. Dans ce cas, le revenu marginal de la vente de l'unit\u00e9 #22 serait de 80\u20ac. Le revenu marginal de la vente de l'unit\u00e9 #9 serait de 100\u20ac.<\/p>\n\n\n\n<h2 class=\"wp-block-heading\">Formule - Comment calculer le revenu marginal<\/h2>\n\n\n\n<p>Revenu marginal = Changement du revenu total \u00f7 Changement du quantit\u00e9<\/p>\n\n\n\n<h2 class=\"wp-block-heading\">Example<\/h2>\n\n\n\n<p>La variation du revenu total est de 200\u20ac et la variation de la quantit\u00e9 est de 1 000 unit\u00e9s.<\/p>\n\n\n\n<p>Revenu marginal = 200\u20ac \u00f7 1 000 = 0,20<\/p>\n\n\n\n<p>Le revenu marginal est de 0,20.<\/p>\n\n\n\n<h2 class=\"wp-block-heading\">Sources et plus de ressources<\/h2>\n\n\n\n<ul class=\"wp-block-list\"><li><a href=\"https:\/\/fr.wikipedia.org\/wiki\/Wikip%C3%A9dia:Accueil_principal\">Wikip\u00e9dia<\/a> - <a href=\"https:\/\/fr.wikipedia.org\/wiki\/Revenu_marginal\">Revenu marginal<\/a>, <a href=\"https:\/\/fr.wikipedia.org\/wiki\/Marginalisme\">Marginalisme<\/a>, <a href=\"https:\/\/fr.wikipedia.org\/wiki\/Effet_marginal\">Effect marginal<\/a>, et <a href=\"https:\/\/fr.wikipedia.org\/wiki\/Maximisation_du_profit\">Maximisation du profit<\/a> - Pages Wikip\u00e9dia sur le revenu marginal et le concept marginal en micro\u00e9conomie.<\/li><\/ul>\n","protected":false},"excerpt":{"rendered":"<p>Calculatrice Qu'est-ce que le revenue marginal? Le revenu marginal, ou \u00ab RM&nbsp;\u00bb (\u00ab MR \u00bb en anglais), est le revenu suppl\u00e9mentaire provenant de la vente d'une unit\u00e9 suppl\u00e9mentaire. Les revenus marginaux varient en fonction du nombre d'unit\u00e9s vendues. Par example, les 10 premi\u00e8res unit\u00e9s pourraient se vendre 100\u20ac. Pour vendre les 10 prochaines unit\u00e9s (#11 &hellip; <a href=\"https:\/\/captaincalculator.com\/fr\/financier\/economie\/revenu-marginal\/\" class=\"more-link\">Continuer la lecture<span class=\"screen-reader-text\"> de &laquo;&nbsp;Calculateur de revenu marginal&nbsp;&raquo;<\/span><\/a><\/p>\n","protected":false},"author":1,"featured_media":0,"parent":251,"menu_order":0,"comment_status":"closed","ping_status":"closed","template":"page-calculator-ad-vue.php","meta":{"_acf_changed":false,"_monsterinsights_skip_tracking":false,"_monsterinsights_sitenote_active":false,"_monsterinsights_sitenote_note":"","_monsterinsights_sitenote_category":0,"footnotes":""},"class_list":["post-271","page","type-page","status-publish","hentry"],"acf":[],"_links":{"self":[{"href":"https:\/\/captaincalculator.com\/fr\/wp-json\/wp\/v2\/pages\/271"}],"collection":[{"href":"https:\/\/captaincalculator.com\/fr\/wp-json\/wp\/v2\/pages"}],"about":[{"href":"https:\/\/captaincalculator.com\/fr\/wp-json\/wp\/v2\/types\/page"}],"author":[{"embeddable":true,"href":"https:\/\/captaincalculator.com\/fr\/wp-json\/wp\/v2\/users\/1"}],"replies":[{"embeddable":true,"href":"https:\/\/captaincalculator.com\/fr\/wp-json\/wp\/v2\/comments?post=271"}],"version-history":[{"count":3,"href":"https:\/\/captaincalculator.com\/fr\/wp-json\/wp\/v2\/pages\/271\/revisions"}],"predecessor-version":[{"id":307,"href":"https:\/\/captaincalculator.com\/fr\/wp-json\/wp\/v2\/pages\/271\/revisions\/307"}],"up":[{"embeddable":true,"href":"https:\/\/captaincalculator.com\/fr\/wp-json\/wp\/v2\/pages\/251"}],"wp:attachment":[{"href":"https:\/\/captaincalculator.com\/fr\/wp-json\/wp\/v2\/media?parent=271"}],"curies":[{"name":"wp","href":"https:\/\/api.w.org\/{rel}","templated":true}]}}