{"id":275,"date":"2020-03-17T17:42:08","date_gmt":"2020-03-17T16:42:08","guid":{"rendered":"https:\/\/captaincalculator.com\/fr\/?page_id=275"},"modified":"2020-03-19T15:48:13","modified_gmt":"2020-03-19T14:48:13","slug":"tps-canada","status":"publish","type":"page","link":"https:\/\/captaincalculator.com\/fr\/financier\/taxe\/tps-canada\/","title":{"rendered":"Calculatrice TPS\/TVQ (Canada)"},"content":{"rendered":"\n<h2 class=\"wp-block-heading\">Calculatrice TPS\/TVQ (ajouter la taxe de vente)<\/h2>\n\n\n<noscript>Please note: This calculator requires javascript to function<\/noscript><div id=\"fr-financial-tax-canada-gst-calculator-app\" name=\"fr-financial-tax-canada-gst-calculator-app\"><\/div>\n\n\n\n<h2 class=\"wp-block-heading\">Calculatrice TPS\/TVQ (soustraire la taxe de vente)<\/h2>\n\n\n<noscript>Please note: This calculator requires javascript to function<\/noscript><div id=\"fr-financial-tax-canada-gst-reverse-calculator-app\" name=\"fr-financial-tax-canada-gst-reverse-calculator-app\"><\/div>\n\n\n\n<h2 class=\"wp-block-heading\">Que sont la TPS (GST), la TVQ (QST), la TVH (HST), la TVP (PST), et la RST?<\/h2>\n\n\n\n<p>La TPS (GST ou Goods and Services Tax en anglais - taxe sur les produits et services) et la TVH (HST ou Harmonized Sales Tax en anglais - taxe de vente harmonis\u00e9e) sont des taxes sur la valeur ajout\u00e9e sur les achats.<\/p>\n\n\n\n<p>En tant que taxe sur la valeur ajout\u00e9e, seul le consommateur final paie la TPS\/ TVH. Les achats effectu\u00e9s par une enterprise \u00e0 d'autres \u00e9tapes de la production ne paient pas la TPS \/ TVH. Tous les frais de TPS \/ TVH agissent comme un cr\u00e9dit sur la TPS \/ TVH qu'ils facturent.<\/p>\n\n\n\n<p>La TPS est une taxe de vente nationale. La TVH est \u00e9galement une taxe de vente nationale, mais comprend la taxe de vente provinciale. L'Agence du revenu du Canada per\u00e7oit la TPS et la TVH.<\/p>\n\n\n\n<p>L'Ontario, le Nouveau-Brunswick, la Nouvelle-\u00c9cosse, l'\u00cele-du-Prince-\u00c9douard, et Terre-Neuve-et-Labrador utilisent la TVH. Toutes les autres provinces et territoires per\u00e7oivent la TPS.<\/p>\n\n\n\n<p>La TVQ (QST ou Quebec Sales Tax en anglais - taxe de vente du Qu\u00e9bec) est une taxe sur la valeur ajout\u00e9e g\u00e9r\u00e9e par le gouvernement du Qu\u00e9bec. Comme la TPS\/TVH, seul le consommateur final paie la taxe. Le gouvernement du Qu\u00e9bec la g\u00e8re: certains articles peuvent s'appliquer \u00e0 la TVQ et non \u00e0 la TPS, et certains articles peuvent s'appliquer \u00e0 la TPS et non \u00e0 la TVQ.<\/p>\n\n\n\n<p>La TVP (PST ou provincial sales tax en anglais) et la RST (taxe de vente provinciale en Colombie-Brittanique et en Saskatchewan et RST au Manitoba) sont des taxes \u00e0 la consommation directes.<\/p>\n\n\n\n<p>Les provinces per\u00e7oivent et administrent directement les programmes de TVP et de RST.<\/p>\n\n\n\n<p>Les provinces ayant une taxe de vente provinciale peuvent facturer des tarifs diff\u00e9rents pour les articles. Au Manitoba, il n'y a pas de RST dur les frais d'h\u00e9bergement et de chambre d'h\u00f4tel (la TPS s'applique toujours). Le Qu\u00e9bec ne facture pas la TVQ sur les libres, mais facture une taxe sur l'h\u00e9bergement \u00e0 l'h\u00f4tel dans certains r\u00e9gions de la province. La Colombie-Britannique a des taux de TVP diff\u00e9rentes selon l'article (example - L'\u00e9lectricit\u00e9 est de 3,5% et l'alcool est de 10%).<\/p>\n\n\n\n<p>L'Alberta et le Yukon, le Nunavut et les Territoires du Nord-Ouest ne per\u00e7oivent que la TPS. Il n'y a pas de composante de taxe de vente provinciale. dans ces r\u00e9gions.<\/p>\n\n\n\n<h2 class=\"wp-block-heading\">Les taux<\/h2>\n\n\n\n<p>Le taux de TPS (national) actuel du Canada est de 5%.<\/p>\n\n\n\n<p>Les tarifs provinciaux sont:<\/p>\n\n\n\n<ul class=\"wp-block-list\"><li>Alberta - TPS seulement - 5%<\/li><li>Colombie-Brittanique - TPS (5%) et TVP (7%) - Total de 12%<\/li><li>\u00cele-du-Prince-\u00c9douard - TVH (15%) (la portion provinciale est de 10%)<\/li><li>Manitoba - TPS (5%) et RST (8%) - Total de 13%<\/li><li>Nouveau-Brunswick - TVH (15%) (la portion provinciale est de 10%)<\/li><li>Nouvelle-\u00c9cosse - TVH (15%) (la portion provinciale est de 10%)<\/li><li>Nunavut - TPS (5%) seulement<\/li><li>Ontario - TVH (13%) (la portion provinciale est de 8%)<\/li><li>Qu\u00e9bec - TPS (5%) &amp; TVQ (9,975%) - Total de 14,975%<\/li><li>Saskatchewan - TPS (5%) et TVP (6%) - Total de 11%<\/li><li>Terre-Neuve-et-Labrador - TVH (15%) (la portion provincial est de 10%)<\/li><li>Territories du Nord-Ouest - TPS seulement - 5%<\/li><li>Yukon - TPS (5%) seulement<\/li><\/ul>\n\n\n\n<h2 class=\"wp-block-heading\">Quels produits et services ne sont pas factur\u00e9s TPS\/TVH ou TVQ?<\/h2>\n\n\n\n<p>L'Autorit\u00e9 du revenu du Canada tient un registre des <a href=\"https:\/\/www.canada.ca\/fr\/agence-revenu\/services\/formulaires-publications\/publications\/rc4022\/renseignements-generaux-tps-tvh-inscrits.html#H1_106\">produits et services non factur\u00e9s \u00e0 la TPS\/TVH ou d\u00e9tax\u00e9s<\/a>.<\/p>\n\n\n\n<p>Les cat\u00e9gories populaires (mais pas toutes) sont:<\/p>\n\n\n\n<ul class=\"wp-block-list\"><li>\u00c9picerie de base<\/li><li>M\u00e9dicaments d'ordonnance<\/li><li>Services m\u00e9dicaux fournis pour des raisons m\u00e9dicales<\/li><li>Exportations<\/li><li>Voyage international<\/li><\/ul>\n\n\n\n<p>Les provinces qui ont leur propre taxe de vente ont une liste de diff\u00e9rentes articles qui sont exon\u00e9r\u00e9s.<\/p>\n\n\n\n<ul class=\"wp-block-list\"><li>Quebec - <a href=\"https:\/\/www2.gouv.qc.ca\/entreprises\/portail\/quebec\/finance?lang=fr&amp;g=finance&amp;sg=&amp;t=o&amp;e=1911679435:3811692251\">TVQ<\/a><\/li><li>Colombie Britannique - <a href=\"https:\/\/www2.gov.bc.ca\/gov\/content\/taxes\/sales-taxes\/pst\">Provincial Sales Tax (Anglais)<\/a><\/li><li>Saskatchewan - <a href=\"https:\/\/www.saskatchewan.ca\/business\/taxes-licensing-and-reporting\/provincial-taxes-policies-and-bulletins\/provincial-sales-tax\">Provincial Sales Tax (Anglais)<\/a><\/li><li>Manitoba - <a href=\"https:\/\/www.gov.mb.ca\/finance\/taxation\/taxes\/retail.html\">Retail Sales Tax (Anglais)<\/a><\/li><\/ul>\n\n\n\n<h2 class=\"wp-block-heading\">Comment calculer la TPS (formule)<\/h2>\n\n\n\n<p>Multipliez le taux de la TPS (5% au Canada) par le co\u00fbt total avant taxes. Le co\u00fbt de la TPS est ensuite ajout\u00e9 \u00e0 l'achat.<\/p>\n\n\n\n<p>Example: 75$ de produits x 5% de TPS = 3,75$ de TPS = 75$ de produits + 3,75$ de TPS = 78,75$ au total<\/p>\n\n\n\n<h2 class=\"wp-block-heading\">Comment calculer la TPS invers\u00e9e (formule)<\/h2>\n\n\n\n<p>Pour trouver la TPS \u00e0 partir d'un total, divisez le montant total par le taux de TPS divis\u00e9 par 100 et plus 1.<\/p>\n\n\n\n<p>Example: 70$ au total (avec TPS) au taux de TPS de 5%<\/p>\n\n\n\n<p>(5% \u00f7 100) + 1 = 0,05 + 1 = 1.05<\/p>\n\n\n\n<p>70$ \u00f7 1,05 = 66,67$ co\u00fbt avant TPS<\/p>\n\n\n\n<h2 class=\"wp-block-heading\">Sources et plus de ressources<\/h2>\n\n\n\n<p>R\u00e8gles et r\u00e8glements concernant la taxe de vente au <a href=\"https:\/\/www.revenuquebec.ca\/fr\/entreprises\/taxes\/tpstvh-et-tvq\/\">Qu\u00e9bec<\/a> et au <a href=\"https:\/\/www.canada.ca\/fr\/agence-revenu\/services\/impot\/entreprises\/sujets\/tps-tvh-entreprises.html\">Canada<\/a>.<\/p>\n","protected":false},"excerpt":{"rendered":"<p>Calculatrice TPS\/TVQ (ajouter la taxe de vente) Calculatrice TPS\/TVQ (soustraire la taxe de vente) Que sont la TPS (GST), la TVQ (QST), la TVH (HST), la TVP (PST), et la RST? La TPS (GST ou Goods and Services Tax en anglais - taxe sur les produits et services) et la TVH (HST ou Harmonized Sales &hellip; <a href=\"https:\/\/captaincalculator.com\/fr\/financier\/taxe\/tps-canada\/\" class=\"more-link\">Continuer la lecture<span class=\"screen-reader-text\"> de &laquo;&nbsp;Calculatrice TPS\/TVQ (Canada)&nbsp;&raquo;<\/span><\/a><\/p>\n","protected":false},"author":1,"featured_media":0,"parent":273,"menu_order":0,"comment_status":"closed","ping_status":"closed","template":"page-calculator-ad-vue.php","meta":{"_acf_changed":false,"_monsterinsights_skip_tracking":false,"_monsterinsights_sitenote_active":false,"_monsterinsights_sitenote_note":"","_monsterinsights_sitenote_category":0,"footnotes":""},"class_list":["post-275","page","type-page","status-publish","hentry"],"acf":[],"_links":{"self":[{"href":"https:\/\/captaincalculator.com\/fr\/wp-json\/wp\/v2\/pages\/275"}],"collection":[{"href":"https:\/\/captaincalculator.com\/fr\/wp-json\/wp\/v2\/pages"}],"about":[{"href":"https:\/\/captaincalculator.com\/fr\/wp-json\/wp\/v2\/types\/page"}],"author":[{"embeddable":true,"href":"https:\/\/captaincalculator.com\/fr\/wp-json\/wp\/v2\/users\/1"}],"replies":[{"embeddable":true,"href":"https:\/\/captaincalculator.com\/fr\/wp-json\/wp\/v2\/comments?post=275"}],"version-history":[{"count":4,"href":"https:\/\/captaincalculator.com\/fr\/wp-json\/wp\/v2\/pages\/275\/revisions"}],"predecessor-version":[{"id":331,"href":"https:\/\/captaincalculator.com\/fr\/wp-json\/wp\/v2\/pages\/275\/revisions\/331"}],"up":[{"embeddable":true,"href":"https:\/\/captaincalculator.com\/fr\/wp-json\/wp\/v2\/pages\/273"}],"wp:attachment":[{"href":"https:\/\/captaincalculator.com\/fr\/wp-json\/wp\/v2\/media?parent=275"}],"curies":[{"name":"wp","href":"https:\/\/api.w.org\/{rel}","templated":true}]}}