{"id":30,"date":"2020-01-24T17:10:36","date_gmt":"2020-01-24T16:10:36","guid":{"rendered":"https:\/\/captaincalculator.com\/fr\/?page_id=30"},"modified":"2020-03-02T22:20:55","modified_gmt":"2020-03-02T21:20:55","slug":"hockey","status":"publish","type":"page","link":"https:\/\/captaincalculator.com\/fr\/sports\/hockey\/","title":{"rendered":"Calculatrices de Hockey"},"content":{"rendered":"\n<ul class=\"wp-block-list\"><li><a href=\"https:\/\/captaincalculator.com\/fr\/sports\/hockey\/pourcentage-t\/\">%T - Pourcentage de r\u00e9ussite sur les tirs<\/a><\/li><li><a href=\"https:\/\/captaincalculator.com\/fr\/sports\/hockey\/mba\/\">MBA - Moyenne de buts allou\u00e9s<\/a><\/li><li><a href=\"https:\/\/captaincalculator.com\/fr\/sports\/hockey\/arr\/\">%ARR - Pourcentage d'arr\u00eats<\/a><\/li><\/ul>\n","protected":false},"excerpt":{"rendered":"<p>%T - Pourcentage de r\u00e9ussite sur les tirs MBA - Moyenne de buts allou\u00e9s %ARR - Pourcentage d'arr\u00eats<\/p>\n","protected":false},"author":1,"featured_media":0,"parent":19,"menu_order":0,"comment_status":"closed","ping_status":"closed","template":"","meta":{"_acf_changed":false,"_monsterinsights_skip_tracking":false,"_monsterinsights_sitenote_active":false,"_monsterinsights_sitenote_note":"","_monsterinsights_sitenote_category":0,"footnotes":""},"class_list":["post-30","page","type-page","status-publish","hentry"],"acf":[],"_links":{"self":[{"href":"https:\/\/captaincalculator.com\/fr\/wp-json\/wp\/v2\/pages\/30"}],"collection":[{"href":"https:\/\/captaincalculator.com\/fr\/wp-json\/wp\/v2\/pages"}],"about":[{"href":"https:\/\/captaincalculator.com\/fr\/wp-json\/wp\/v2\/types\/page"}],"author":[{"embeddable":true,"href":"https:\/\/captaincalculator.com\/fr\/wp-json\/wp\/v2\/users\/1"}],"replies":[{"embeddable":true,"href":"https:\/\/captaincalculator.com\/fr\/wp-json\/wp\/v2\/comments?post=30"}],"version-history":[{"count":4,"href":"https:\/\/captaincalculator.com\/fr\/wp-json\/wp\/v2\/pages\/30\/revisions"}],"predecessor-version":[{"id":219,"href":"https:\/\/captaincalculator.com\/fr\/wp-json\/wp\/v2\/pages\/30\/revisions\/219"}],"up":[{"embeddable":true,"href":"https:\/\/captaincalculator.com\/fr\/wp-json\/wp\/v2\/pages\/19"}],"wp:attachment":[{"href":"https:\/\/captaincalculator.com\/fr\/wp-json\/wp\/v2\/media?parent=30"}],"curies":[{"name":"wp","href":"https:\/\/api.w.org\/{rel}","templated":true}]}}