{"id":334,"date":"2020-03-20T14:56:06","date_gmt":"2020-03-20T13:56:06","guid":{"rendered":"https:\/\/captaincalculator.com\/fr\/?page_id=334"},"modified":"2020-03-21T22:06:37","modified_gmt":"2020-03-21T21:06:37","slug":"sante","status":"publish","type":"page","link":"https:\/\/captaincalculator.com\/fr\/sante\/","title":{"rendered":"Calculateurs de sant\u00e9"},"content":{"rendered":"\n<h2 class=\"wp-block-heading\"><a href=\"https:\/\/captaincalculator.com\/fr\/sante\/calorie\/\">Calorie<\/a><\/h2>\n\n\n\n<ul class=\"wp-block-list\"><li><a href=\"https:\/\/captaincalculator.com\/fr\/sante\/calorie\/aviron\/\">Aviron<\/a><\/li><li><a href=\"https:\/\/captaincalculator.com\/fr\/sante\/calorie\/corde-a-sauter\/\">Corde \u00e0 sauter<\/a><\/li><li><a href=\"https:\/\/captaincalculator.com\/fr\/sante\/calorie\/courir\/\">Courir<\/a><\/li><li><a href=\"https:\/\/captaincalculator.com\/fr\/sante\/calorie\/danse\/\">Danse<\/a><\/li><li><a href=\"https:\/\/captaincalculator.com\/fr\/sante\/calorie\/dormir\/\">Dormir<\/a><\/li><li><a href=\"https:\/\/captaincalculator.com\/fr\/sante\/calorie\/football\/\">Football<\/a><\/li><li><a href=\"https:\/\/captaincalculator.com\/fr\/sante\/calorie\/randonee\/\">Randon\u00e9e<\/a><\/li><li><a href=\"https:\/\/captaincalculator.com\/fr\/sante\/calorie\/ski\/\">Ski<\/a><\/li><li><a href=\"https:\/\/captaincalculator.com\/fr\/sante\/calorie\/velo\/\">V\u00e9lo<\/a><\/li><\/ul>\n\n\n\n<h2 class=\"wp-block-heading\"><a href=\"https:\/\/captaincalculator.com\/fr\/sante\/poids\/\">Poids<\/a><\/h2>\n\n\n\n<ul class=\"wp-block-list\"><li><a href=\"https:\/\/captaincalculator.com\/fr\/sante\/poids\/imc\/\">IMC (BMI)<\/a><\/li><\/ul>\n","protected":false},"excerpt":{"rendered":"<p>Calorie Aviron Corde \u00e0 sauter Courir Danse Dormir Football Randon\u00e9e Ski V\u00e9lo Poids IMC (BMI)<\/p>\n","protected":false},"author":1,"featured_media":0,"parent":0,"menu_order":0,"comment_status":"closed","ping_status":"closed","template":"","meta":{"_acf_changed":false,"_monsterinsights_skip_tracking":false,"_monsterinsights_sitenote_active":false,"_monsterinsights_sitenote_note":"","_monsterinsights_sitenote_category":0,"footnotes":""},"class_list":["post-334","page","type-page","status-publish","hentry"],"acf":[],"_links":{"self":[{"href":"https:\/\/captaincalculator.com\/fr\/wp-json\/wp\/v2\/pages\/334"}],"collection":[{"href":"https:\/\/captaincalculator.com\/fr\/wp-json\/wp\/v2\/pages"}],"about":[{"href":"https:\/\/captaincalculator.com\/fr\/wp-json\/wp\/v2\/types\/page"}],"author":[{"embeddable":true,"href":"https:\/\/captaincalculator.com\/fr\/wp-json\/wp\/v2\/users\/1"}],"replies":[{"embeddable":true,"href":"https:\/\/captaincalculator.com\/fr\/wp-json\/wp\/v2\/comments?post=334"}],"version-history":[{"count":3,"href":"https:\/\/captaincalculator.com\/fr\/wp-json\/wp\/v2\/pages\/334\/revisions"}],"predecessor-version":[{"id":413,"href":"https:\/\/captaincalculator.com\/fr\/wp-json\/wp\/v2\/pages\/334\/revisions\/413"}],"wp:attachment":[{"href":"https:\/\/captaincalculator.com\/fr\/wp-json\/wp\/v2\/media?parent=334"}],"curies":[{"name":"wp","href":"https:\/\/api.w.org\/{rel}","templated":true}]}}