{"id":410,"date":"2020-03-21T21:53:24","date_gmt":"2020-03-21T20:53:24","guid":{"rendered":"https:\/\/captaincalculator.com\/fr\/?page_id=410"},"modified":"2020-03-23T15:16:52","modified_gmt":"2020-03-23T14:16:52","slug":"imc","status":"publish","type":"page","link":"https:\/\/captaincalculator.com\/fr\/sante\/poids\/imc\/","title":{"rendered":"Calculateur d'IMC (BMI)"},"content":{"rendered":"\n<h2 class=\"wp-block-heading\">Calculatrice<\/h2>\n\n\n<noscript>Please note: This calculator requires javascript to function<\/noscript><div id=\"fr-health-weight-bmi-metric-calculator-app\" name=\"fr-health-weight-bmi-metric-calculator-app\"><\/div>\n\n\n\n<h2 class=\"wp-block-heading\">Qu'est-ce que l'IMC?<\/h2>\n\n\n\n<p>L'IMC ou \u00ab indice de masse corporelle \u00bb (BMI ou \u00ab body mass index \u00bb en anglais) est une rapport entre la taille d'une personne et son poids.<\/p>\n\n\n\n<p>Il fournit un nombre simple pour \u00e9valuer si une personne pr\u00e9sente un poids insuffisant (inf\u00e9rieur \u00e0 18.5), un poids id\u00e9al (18,5 - 25), un exc\u00e8s de poids (25 - 30), ou ob\u00e8se (sup\u00e9rieur \u00e0 30).<\/p>\n\n\n\n<figure class=\"wp-block-table\"><table class=\"\"><tbody><tr><td>Cat\u00e9gorie<\/td><td>Gamme IMC<\/td><\/tr><tr><td>Tr\u00e8s gravement insuiffant<\/td><td>Moins de 15,0<\/td><\/tr><tr><td>Gravement insuiffant <\/td><td>15,0 - 16,0<\/td><\/tr><tr><td>Insuiffant<\/td><td>16,0 - 18,5<\/td><\/tr><tr><td>Poids sant\u00e9<\/td><td>18,5 - 25,0<\/td><\/tr><tr><td>En surpoids<\/td><td>25,0 - 30,0<\/td><\/tr><tr><td>Mod\u00e9r\u00e9ment ob\u00e8se<\/td><td>30,0 - 35,0<\/td><\/tr><tr><td>Gravement ob\u00e8se<\/td><td>35,0 - 40,0<\/td><\/tr><tr><td>Tr\u00e8s gravement ob\u00e8se<\/td><td>Plus de 40,0<\/td><\/tr><\/tbody><\/table><\/figure>\n\n\n\n<h2 class=\"wp-block-heading\">Comment calculer l'IMC<\/h2>\n\n\n\n<p>IMC =kg \u00f7 m<sup>2<\/sup><\/p>\n\n\n\n<p>Poids en kilogrammes \u00f7 hauteur en m\u00e8tres<sup>2<\/sup><\/p>\n\n\n\n<h2 class=\"wp-block-heading\">Example<\/h2>\n\n\n\n<p>Une personne a une masse de 75kg et measure 1,78 m.<\/p>\n\n\n\n<p>IMC = 75 \u00f7 1,78<sup>2<\/sup><\/p>\n\n\n\n<p>IMC = 75 \u00f7 3,1684<\/p>\n\n\n\n<p>IMC = 23,67<\/p>\n\n\n\n<p><\/p>\n","protected":false},"excerpt":{"rendered":"<p>Calculatrice Qu'est-ce que l'IMC? L'IMC ou \u00ab indice de masse corporelle \u00bb (BMI ou \u00ab body mass index \u00bb en anglais) est une rapport entre la taille d'une personne et son poids. Il fournit un nombre simple pour \u00e9valuer si une personne pr\u00e9sente un poids insuffisant (inf\u00e9rieur \u00e0 18.5), un poids id\u00e9al (18,5 - 25), &hellip; <a href=\"https:\/\/captaincalculator.com\/fr\/sante\/poids\/imc\/\" class=\"more-link\">Continuer la lecture<span class=\"screen-reader-text\"> de &laquo;&nbsp;Calculateur d'IMC (BMI)&nbsp;&raquo;<\/span><\/a><\/p>\n","protected":false},"author":1,"featured_media":0,"parent":407,"menu_order":0,"comment_status":"closed","ping_status":"closed","template":"page-calculator-ad-vue.php","meta":{"_acf_changed":false,"_monsterinsights_skip_tracking":false,"_monsterinsights_sitenote_active":false,"_monsterinsights_sitenote_note":"","_monsterinsights_sitenote_category":0,"footnotes":""},"class_list":["post-410","page","type-page","status-publish","hentry"],"acf":[],"_links":{"self":[{"href":"https:\/\/captaincalculator.com\/fr\/wp-json\/wp\/v2\/pages\/410"}],"collection":[{"href":"https:\/\/captaincalculator.com\/fr\/wp-json\/wp\/v2\/pages"}],"about":[{"href":"https:\/\/captaincalculator.com\/fr\/wp-json\/wp\/v2\/types\/page"}],"author":[{"embeddable":true,"href":"https:\/\/captaincalculator.com\/fr\/wp-json\/wp\/v2\/users\/1"}],"replies":[{"embeddable":true,"href":"https:\/\/captaincalculator.com\/fr\/wp-json\/wp\/v2\/comments?post=410"}],"version-history":[{"count":3,"href":"https:\/\/captaincalculator.com\/fr\/wp-json\/wp\/v2\/pages\/410\/revisions"}],"predecessor-version":[{"id":416,"href":"https:\/\/captaincalculator.com\/fr\/wp-json\/wp\/v2\/pages\/410\/revisions\/416"}],"up":[{"embeddable":true,"href":"https:\/\/captaincalculator.com\/fr\/wp-json\/wp\/v2\/pages\/407"}],"wp:attachment":[{"href":"https:\/\/captaincalculator.com\/fr\/wp-json\/wp\/v2\/media?parent=410"}],"curies":[{"name":"wp","href":"https:\/\/api.w.org\/{rel}","templated":true}]}}