{"id":55,"date":"2020-01-29T00:39:13","date_gmt":"2020-01-28T23:39:13","guid":{"rendered":"https:\/\/captaincalculator.com\/fr\/?page_id=55"},"modified":"2020-03-02T22:13:15","modified_gmt":"2020-03-02T21:13:15","slug":"football","status":"publish","type":"page","link":"https:\/\/captaincalculator.com\/fr\/sports\/football\/","title":{"rendered":"Calculatrices de Football"},"content":{"rendered":"\n<ul class=\"wp-block-list\"><li><a href=\"https:\/\/captaincalculator.com\/fr\/sports\/football\/reussite-sur-les-tirs\/\">Pourcentage de r\u00e9ussite sur les tirs (%T)<\/a><\/li><li><a href=\"https:\/\/captaincalculator.com\/fr\/sports\/football\/arr\/\">Pourcentage d'arr\u00eats (%ARR)<\/a><\/li><li><a href=\"https:\/\/captaincalculator.com\/fr\/sports\/football\/mba\/\">Moyenne de but allou\u00e9s (MBA)<\/a><\/li><\/ul>\n","protected":false},"excerpt":{"rendered":"<p>Pourcentage de r\u00e9ussite sur les tirs (%T) Pourcentage d'arr\u00eats (%ARR) Moyenne de but allou\u00e9s (MBA)<\/p>\n","protected":false},"author":1,"featured_media":0,"parent":19,"menu_order":0,"comment_status":"closed","ping_status":"closed","template":"","meta":{"_acf_changed":false,"_monsterinsights_skip_tracking":false,"_monsterinsights_sitenote_active":false,"_monsterinsights_sitenote_note":"","_monsterinsights_sitenote_category":0,"footnotes":""},"class_list":["post-55","page","type-page","status-publish","hentry"],"acf":[],"_links":{"self":[{"href":"https:\/\/captaincalculator.com\/fr\/wp-json\/wp\/v2\/pages\/55"}],"collection":[{"href":"https:\/\/captaincalculator.com\/fr\/wp-json\/wp\/v2\/pages"}],"about":[{"href":"https:\/\/captaincalculator.com\/fr\/wp-json\/wp\/v2\/types\/page"}],"author":[{"embeddable":true,"href":"https:\/\/captaincalculator.com\/fr\/wp-json\/wp\/v2\/users\/1"}],"replies":[{"embeddable":true,"href":"https:\/\/captaincalculator.com\/fr\/wp-json\/wp\/v2\/comments?post=55"}],"version-history":[{"count":2,"href":"https:\/\/captaincalculator.com\/fr\/wp-json\/wp\/v2\/pages\/55\/revisions"}],"predecessor-version":[{"id":141,"href":"https:\/\/captaincalculator.com\/fr\/wp-json\/wp\/v2\/pages\/55\/revisions\/141"}],"up":[{"embeddable":true,"href":"https:\/\/captaincalculator.com\/fr\/wp-json\/wp\/v2\/pages\/19"}],"wp:attachment":[{"href":"https:\/\/captaincalculator.com\/fr\/wp-json\/wp\/v2\/media?parent=55"}],"curies":[{"name":"wp","href":"https:\/\/api.w.org\/{rel}","templated":true}]}}