{"id":58,"date":"2020-01-29T01:20:32","date_gmt":"2020-01-29T00:20:32","guid":{"rendered":"https:\/\/captaincalculator.com\/fr\/?page_id=58"},"modified":"2020-03-02T22:14:26","modified_gmt":"2020-03-02T21:14:26","slug":"mba","status":"publish","type":"page","link":"https:\/\/captaincalculator.com\/fr\/sports\/football\/mba\/","title":{"rendered":"Calculatrice de moyenne de buts allou\u00e9s (MBA) (Football)"},"content":{"rendered":"\n<h2 class=\"wp-block-heading\">Calculatrice<\/h2>\n\n\n<noscript>Please note: This calculator requires javascript to function<\/noscript><div id=\"fr-sports-hockey-goals-against-average-calculator-app\" name=\"fr-sports-hockey-goals-against-average-calculator-app\"><\/div>\n\n\n\n<h2 class=\"wp-block-heading\">Qu'est-ce qu'une moyenne de buts allou\u00e9s?<\/h2>\n\n\n\n<p>Les moyennes de buts allou\u00e9s mesure le nombre de buts que le gardien de but permet pour chaque unit\u00e9 de temps de jeu r\u00e9glementaire. Il est ajust\u00e9 pour les minutes que le gardien de but joue.<\/p>\n\n\n\n<p>Un MBA plus bas est un signe d'un gardien de but qui permet peu de buts au cours d'un match. Un MBA plus \u00e9lev\u00e9 est le signe d'un gardien de but qui permet trop de buts au cours d'un match.<\/p>\n\n\n\n<p>Le hockey sur glace, le hockey sur gazon, la crosse, le water-polo, et d'autres sports avec un gardien de but utilisent \u00e9galement GAA comme statistique.<\/p>\n\n\n\n<h2 class=\"wp-block-heading\">Formule - Comment calculer MBR<\/h2>\n\n\n\n<p>MBR =( Buts allou\u00e9s \u00f7 Minutes jou\u00e9es) x Temps de match de regulation<\/p>\n\n\n\n<ul class=\"wp-block-list\"><li>\u00ab Les buts allou\u00e9s \u00bb est le nombre de buts enregistr\u00e9s pendant que le gardien de but est sur le terrain. Incluez tous les buts contre des tirs au but pendant la r\u00e9glementation, les blessures, et les heures suppl\u00e9mentaires. N'incluez pas les buts dans un fillet vide lorsque le gardien n'est pas sur le terrain ou les buts d'une fusillade. Les r\u00e8gles pour les buts sont dans les lois du jeu de l'IFAB et de la FIFA (d'autres ligues peuvent avoir des r\u00e8glements de score diff\u00e9rents).<\/li><li>\u00ab Les minutes jou\u00e9es \u00bb sont le nombre total de minutes jou\u00e9es par le gardien de but. Incluez le temps de blessure et les heures suppl\u00e9mentaires. N'incluez pas le temps que le gardien de but joue pendant une fusillade.<\/li><li>\u00ab La dur\u00e9e du jeu \u00bb est la dur\u00e9e r\u00e9glementaire du match dans la ligue que joue le gardien de but. Dans les jeux FIFA, la dur\u00e9e du jeu r\u00e9glementaire est de 90 minutes. Les ligues r\u00e9cr\u00e9atives et mineures peuvent \u00eatre moins.<\/li><\/ul>\n\n\n\n<h2 class=\"wp-block-heading\">Example<\/h2>\n\n\n\n<p>Un gardien de but est dans le fillet depuis 977 minutes. Elle accorde 18 buts dans ce temps. Le temps r\u00e9glementaire pour la ligue dans laquelle elle \u00e9volue est de 90 minutes par match:<\/p>\n\n\n\n<p>18 buts contre \u00f7 977 minutes = 0,018424<\/p>\n\n\n\n<p>0,018424 fois 90 minutes par jeux = 1,66.<\/p>\n\n\n\n<p>Le MBR de ce gardien de but est 1,66.<\/p>\n\n\n\n<h2 class=\"wp-block-heading\">Sources et plus de ressources<\/h2>\n\n\n\n<ul class=\"wp-block-list\"><li><a href=\"https:\/\/fr.wikipedia.org\/wiki\/\">Wikipedia<\/a> - <a href=\"https:\/\/fr.wikipedia.org\/wiki\/Footballeur\">Footballeur<\/a>, <a href=\"https:\/\/fr.wikipedia.org\/wiki\/Gardien_de_but_(football)\">Gardien de but (football)<\/a>, et <a href=\"https:\/\/fr.wikipedia.org\/wiki\/Histoire_du_football_en_France\">Historie de football en France <\/a>- Les definition de Wikipedia des terms de football sur cette page.<\/li><li>R\u00e8gles de football de l'<a href=\"https:\/\/static-3eb8.kxcdn.com\/documents\/797\/104035_200519_LotG_201920_FR_SinglePage.pdf\">IFAB<\/a>, de la <a href=\"https:\/\/img.fifa.com\/image\/upload\/nix1qkmwm85oeftiuxxj.pdf\">FIFA<\/a>, de la <a href=\"https:\/\/www.ligue1.fr\/articles\/actu\/2019\/07\/24\/arbitrage-les-nouvelles-regles\">Ligue 1<\/a>, et de la <a href=\"https:\/\/www.mlssoccer.com\/post\/2015\/05\/21\/clarification-des-r-glements-en-mls\">MLS<\/a> - Comprend des d\u00e9tails sur ce qui compte comme but dans chaque ligue.<\/li><li>Statistiques des joueurs pour la <a href=\"https:\/\/www.ligue1.fr\/stats\">Ligue 1<\/a>, la <a href=\"https:\/\/www.premierleague.com\/stats\">Premiere League (en anglais)<\/a>, la <a href=\"http:\/\/www.legaseriea.it\/en\/serie-a\/statistics\">Serie A (en anglais<\/a> ou <a href=\"http:\/\/www.legaseriea.it\/it\/serie-a\/statistiche-squadre\">italien<\/a>), la <a href=\"https:\/\/www.laliga.com\/en-GB\/stats\">Liga (en anglais<\/a> ou <a href=\"https:\/\/www.laliga.com\/estadisticas\">espagnol<\/a>), et la <a href=\"https:\/\/www.mlssoccer.com\/stats\">MLS Soccer (en anglais)<\/a>.<\/li><li>FIFA - <a href=\"https:\/\/resources.fifa.com\/image\/upload\/youth-football-training-manual-2866317-2866319.pdf?cloudid=qg4lpxhvdlj7m12ni7k2\">Football des jeunes<\/a> - Un introduction a football.<\/li><\/ul>\n\n\n\n<div class=\"wp-block-group\"><div class=\"wp-block-group__inner-container is-layout-flow wp-block-group-is-layout-flow\">\n<div class=\"wp-block-columns is-layout-flex wp-container-core-columns-is-layout-1 wp-block-columns-is-layout-flex\">\n<div class=\"wp-block-column is-layout-flow wp-block-column-is-layout-flow\">\n<h2 class=\"wp-block-heading\">Plus calculatrices de football<\/h2>\n\n\n\n<ul class=\"wp-block-list\"><li><a href=\"https:\/\/captaincalculator.com\/fr\/sports\/football\/mba\/\">MBA - moyenne de buts allou\u00e9s<\/a><\/li><li><a href=\"https:\/\/captaincalculator.com\/fr\/sports\/football\/arr\/\">%ARR - pourcentage d'arr\u00eats<\/a><\/li><li><a href=\"https:\/\/captaincalculator.com\/fr\/sports\/football\/reussite-sur-les-tirs\/\">%T - pourcentage de r\u00e9ussite sue les tirs<\/a><\/li><\/ul>\n<\/div>\n\n\n\n<div class=\"wp-block-column is-layout-flow wp-block-column-is-layout-flow\">\n<h2 class=\"wp-block-heading\">Plus calculatrices de sports<\/h2>\n\n\n\n<ul class=\"wp-block-list\"><li><a style=\"font-size: 1rem;\" href=\"https:\/\/captaincalculator.com\/fr\/sports\/hockey\/\">Hockey<\/a><\/li><li><a href=\"https:\/\/captaincalculator.com\/fr\/sports\/football\/\">Football<\/a><\/li><li><a href=\"https:\/\/captaincalculator.com\/fr\/sports\/\">... plusiers sports<\/a><\/li><\/ul>\n<\/div>\n<\/div>\n<\/div><\/div>\n","protected":false},"excerpt":{"rendered":"<p>Calculatrice Qu'est-ce qu'une moyenne de buts allou\u00e9s? Les moyennes de buts allou\u00e9s mesure le nombre de buts que le gardien de but permet pour chaque unit\u00e9 de temps de jeu r\u00e9glementaire. Il est ajust\u00e9 pour les minutes que le gardien de but joue. Un MBA plus bas est un signe d'un gardien de but qui &hellip; <a href=\"https:\/\/captaincalculator.com\/fr\/sports\/football\/mba\/\" class=\"more-link\">Continuer la lecture<span class=\"screen-reader-text\"> de &laquo;&nbsp;Calculatrice de moyenne de buts allou\u00e9s (MBA) (Football)&nbsp;&raquo;<\/span><\/a><\/p>\n","protected":false},"author":1,"featured_media":0,"parent":55,"menu_order":0,"comment_status":"closed","ping_status":"closed","template":"page-calculator-ad-vue.php","meta":{"_acf_changed":false,"_monsterinsights_skip_tracking":false,"_monsterinsights_sitenote_active":false,"_monsterinsights_sitenote_note":"","_monsterinsights_sitenote_category":0,"footnotes":""},"class_list":["post-58","page","type-page","status-publish","hentry"],"acf":[],"_links":{"self":[{"href":"https:\/\/captaincalculator.com\/fr\/wp-json\/wp\/v2\/pages\/58"}],"collection":[{"href":"https:\/\/captaincalculator.com\/fr\/wp-json\/wp\/v2\/pages"}],"about":[{"href":"https:\/\/captaincalculator.com\/fr\/wp-json\/wp\/v2\/types\/page"}],"author":[{"embeddable":true,"href":"https:\/\/captaincalculator.com\/fr\/wp-json\/wp\/v2\/users\/1"}],"replies":[{"embeddable":true,"href":"https:\/\/captaincalculator.com\/fr\/wp-json\/wp\/v2\/comments?post=58"}],"version-history":[{"count":8,"href":"https:\/\/captaincalculator.com\/fr\/wp-json\/wp\/v2\/pages\/58\/revisions"}],"predecessor-version":[{"id":127,"href":"https:\/\/captaincalculator.com\/fr\/wp-json\/wp\/v2\/pages\/58\/revisions\/127"}],"up":[{"embeddable":true,"href":"https:\/\/captaincalculator.com\/fr\/wp-json\/wp\/v2\/pages\/55"}],"wp:attachment":[{"href":"https:\/\/captaincalculator.com\/fr\/wp-json\/wp\/v2\/media?parent=58"}],"curies":[{"name":"wp","href":"https:\/\/api.w.org\/{rel}","templated":true}]}}