{"id":69,"date":"2020-01-29T03:25:36","date_gmt":"2020-01-29T02:25:36","guid":{"rendered":"https:\/\/captaincalculator.com\/fr\/?page_id=69"},"modified":"2022-01-10T18:01:47","modified_gmt":"2022-01-10T17:01:47","slug":"arr","status":"publish","type":"page","link":"https:\/\/captaincalculator.com\/fr\/sports\/football\/arr\/","title":{"rendered":"Calculatrice de pourcentage d'arr\u00eats (%ARR) (Football)"},"content":{"rendered":"\n<h2 class=\"wp-block-heading\">Calculatrice<\/h2>\n\n\n<noscript>Please note: This calculator requires javascript to function<\/noscript><div id=\"fr-sports-hockey-save-percentage-calculator-app\" name=\"fr-sports-hockey-save-percentage-calculator-app\"><\/div>\n\n\n\n<h2 class=\"wp-block-heading\">Qu'est-ce qu'un pourcentage d'arr\u00eats?<\/h2>\n\n\n\n<p>Le pourcentage d'arr\u00eats est le pourcentage de sauvegardes qu'un gardien de but effectue sur le nombre de tirs effectu\u00e9s sur le but.<\/p>\n\n\n\n<p>Un %ARR plus \u00e9lev\u00e9 est l'indication d'un gardien de but qui permet peu de tirs dans le filet. Un pourcentage d'arr\u00eats plus pas est l'indication d'un gardien de but qui permet beaucoup de tirs dans le filet.<\/p>\n\n\n\n<p>C'est une statistique courante pour les gardiens de but et aussi utilis\u00e9e en hockey sur glace, en crosse, en hockey sur gazon, et en water-polo.<\/p>\n\n\n\n<h2 class=\"wp-block-heading\">Formule<\/h2>\n\n\n\n<p>%ARR = arr\u00eats \u00f7 tirs re\u00e7us<\/p>\n\n\n\n<ul class=\"wp-block-list\"><li>Un \u00ab <strong>arre\u00eat<\/strong> \u00bb est un tire sur le but que le gardien de but arr\u00eate. N'incluez pas les sauvegardes d'une fusillade.<\/li><li>Un \u00ab <strong>tirs re\u00e7u<\/strong> \u00bb  est un tir qui dirige la balle vers le filet. Il est soit arr\u00eat\u00e9 par le gardien de but, soit mis dans le filet. N'incluez pas les tirs bloqu\u00e9s par un joueur non gardien de but (tirs bloqu\u00e9s). N'incluez pas les tirs qui manquent le fillet ou frappent le poteau (tirs manqu\u00e9s). N'incluez pas les tirs d'une fusillade.<\/li><li>N'incluez pas les tirs au fillet vide pour calculer les statistiques d'un gardien de but car ils ne sont pas sur le terrain de jeu. Incluez des coups de filet vide pour calculer les statistique d'une \u00e9quipe.<\/li><\/ul>\n\n\n\n<h2 class=\"wp-block-heading\">Example<\/h2>\n\n\n\n<p>Un gardien de but a re\u00e7u 219 tirs et fait 155 arr\u00eats.<\/p>\n\n\n\n<p>155 arr\u00eats \u00f7 219 tirs re\u00e7u = 0,708.<\/p>\n\n\n\n<p>Le %ARR de ce gardien de but est 0,708, ou 70,8 %.<\/p>\n\n\n\n<h2 class=\"wp-block-heading\">Sources et plus de ressources<\/h2>\n\n\n\n<ul class=\"wp-block-list\"><li><a href=\"https:\/\/fr.wikipedia.org\/wiki\/\">Wikipedia<\/a> - <a href=\"https:\/\/fr.wikipedia.org\/wiki\/Footballeur\">Footballeur<\/a>, <a href=\"https:\/\/fr.wikipedia.org\/wiki\/Gardien_de_but_(football)\">Gardien de but (football)<\/a>, et <a href=\"https:\/\/fr.wikipedia.org\/wiki\/Histoire_du_football_en_France\">Historie de football en France <\/a>- Les definition de Wikipedia des terms de football sur cette page.<\/li><li>R\u00e8gles de football de l'<a href=\"https:\/\/static-3eb8.kxcdn.com\/documents\/797\/104035_200519_LotG_201920_FR_SinglePage.pdf\">IFAB<\/a>, de la <a href=\"https:\/\/img.fifa.com\/image\/upload\/nix1qkmwm85oeftiuxxj.pdf\">FIFA<\/a>, de la <a href=\"https:\/\/www.ligue1.fr\/articles\/actu\/2019\/07\/24\/arbitrage-les-nouvelles-regles\">Ligue 1<\/a>, et de la <a href=\"https:\/\/www.mlssoccer.com\/post\/2015\/05\/21\/clarification-des-r-glements-en-mls\">MLS<\/a> - Comprend des d\u00e9tails sur ce qui compte comme but dans chaque ligue.<\/li><li>Statistiques des joueurs pour la <a href=\"https:\/\/www.ligue1.fr\/stats\">Ligue 1<\/a>, la <a href=\"https:\/\/www.premierleague.com\/stats\">Premiere League (en anglais)<\/a>, la <a href=\"http:\/\/www.legaseriea.it\/en\/serie-a\/statistics\">Serie A (en anglais<\/a> ou <a href=\"http:\/\/www.legaseriea.it\/it\/serie-a\/statistiche-squadre\">italien<\/a>), la <a href=\"https:\/\/www.laliga.com\/en-GB\/stats\">Liga (en anglais<\/a> ou <a href=\"https:\/\/www.laliga.com\/estadisticas\">espagnol<\/a>), et la <a href=\"https:\/\/www.mlssoccer.com\/stats\">MLS Soccer (en anglais)<\/a>.<\/li><li>FIFA - <a href=\"https:\/\/resources.fifa.com\/image\/upload\/youth-football-training-manual-2866317-2866319.pdf?cloudid=qg4lpxhvdlj7m12ni7k2\">Football des jeunes<\/a> - Un introduction a football.<\/li><\/ul>\n\n\n\n<div class=\"wp-block-group\"><div class=\"wp-block-group__inner-container is-layout-flow wp-block-group-is-layout-flow\">\n<div class=\"wp-block-columns is-layout-flex wp-container-core-columns-is-layout-1 wp-block-columns-is-layout-flex\">\n<div class=\"wp-block-column is-layout-flow wp-block-column-is-layout-flow\">\n<h2 class=\"wp-block-heading\">Plus calculatrices de football<\/h2>\n\n\n\n<ul class=\"wp-block-list\"><li><a href=\"https:\/\/captaincalculator.com\/fr\/sports\/football\/mba\/\">MBA - moyenne de buts allou\u00e9s<\/a><\/li><li><a href=\"https:\/\/captaincalculator.com\/fr\/sports\/football\/arr\/\">%ARR - pourcentage d'arr\u00eats<\/a><\/li><li><a href=\"https:\/\/captaincalculator.com\/fr\/sports\/football\/reussite-sur-les-tirs\/\">%T - pourcentage de r\u00e9ussite sue les tirs<\/a><\/li><\/ul>\n<\/div>\n\n\n\n<div class=\"wp-block-column is-layout-flow wp-block-column-is-layout-flow\">\n<h2 class=\"wp-block-heading\">Plus calculatrices de sports<\/h2>\n\n\n\n<ul class=\"wp-block-list\"><li><a style=\"font-size: 1rem;\" href=\"https:\/\/captaincalculator.com\/fr\/sports\/hockey\/\">Hockey<\/a><\/li><li><a href=\"https:\/\/captaincalculator.com\/fr\/sports\/football\/\">Football<\/a><\/li><li><a href=\"https:\/\/captaincalculator.com\/fr\/sports\/\">... plusiers sports<\/a><\/li><\/ul>\n<\/div>\n<\/div>\n<\/div><\/div>\n","protected":false},"excerpt":{"rendered":"<p>Calculatrice Qu'est-ce qu'un pourcentage d'arr\u00eats? Le pourcentage d'arr\u00eats est le pourcentage de sauvegardes qu'un gardien de but effectue sur le nombre de tirs effectu\u00e9s sur le but. Un %ARR plus \u00e9lev\u00e9 est l'indication d'un gardien de but qui permet peu de tirs dans le filet. Un pourcentage d'arr\u00eats plus pas est l'indication d'un gardien de &hellip; <a href=\"https:\/\/captaincalculator.com\/fr\/sports\/football\/arr\/\" class=\"more-link\">Continuer la lecture<span class=\"screen-reader-text\"> de &laquo;&nbsp;Calculatrice de pourcentage d'arr\u00eats (%ARR) (Football)&nbsp;&raquo;<\/span><\/a><\/p>\n","protected":false},"author":1,"featured_media":0,"parent":55,"menu_order":0,"comment_status":"closed","ping_status":"closed","template":"page-calculator-ad-vue.php","meta":{"_acf_changed":false,"_monsterinsights_skip_tracking":false,"_monsterinsights_sitenote_active":false,"_monsterinsights_sitenote_note":"","_monsterinsights_sitenote_category":0,"footnotes":""},"class_list":["post-69","page","type-page","status-publish","hentry"],"acf":[],"_links":{"self":[{"href":"https:\/\/captaincalculator.com\/fr\/wp-json\/wp\/v2\/pages\/69"}],"collection":[{"href":"https:\/\/captaincalculator.com\/fr\/wp-json\/wp\/v2\/pages"}],"about":[{"href":"https:\/\/captaincalculator.com\/fr\/wp-json\/wp\/v2\/types\/page"}],"author":[{"embeddable":true,"href":"https:\/\/captaincalculator.com\/fr\/wp-json\/wp\/v2\/users\/1"}],"replies":[{"embeddable":true,"href":"https:\/\/captaincalculator.com\/fr\/wp-json\/wp\/v2\/comments?post=69"}],"version-history":[{"count":19,"href":"https:\/\/captaincalculator.com\/fr\/wp-json\/wp\/v2\/pages\/69\/revisions"}],"predecessor-version":[{"id":456,"href":"https:\/\/captaincalculator.com\/fr\/wp-json\/wp\/v2\/pages\/69\/revisions\/456"}],"up":[{"embeddable":true,"href":"https:\/\/captaincalculator.com\/fr\/wp-json\/wp\/v2\/pages\/55"}],"wp:attachment":[{"href":"https:\/\/captaincalculator.com\/fr\/wp-json\/wp\/v2\/media?parent=69"}],"curies":[{"name":"wp","href":"https:\/\/api.w.org\/{rel}","templated":true}]}}