{"id":72,"date":"2020-01-29T03:42:05","date_gmt":"2020-01-29T02:42:05","guid":{"rendered":"https:\/\/captaincalculator.com\/fr\/?page_id=72"},"modified":"2020-03-11T17:05:28","modified_gmt":"2020-03-11T16:05:28","slug":"reussite-sur-les-tirs","status":"publish","type":"page","link":"https:\/\/captaincalculator.com\/fr\/sports\/football\/reussite-sur-les-tirs\/","title":{"rendered":"Calculatrice de % de r\u00e9ussite sur les tirs (%T) (Football)"},"content":{"rendered":"\n<h2 class=\"wp-block-heading\">Calculatrice<\/h2>\n\n\n<noscript>Please note: This calculator requires javascript to function<\/noscript><div id=\"fr-sports-soccer-shooting-percentage-calculator-app\" name=\"fr-sports-soccer-shooting-percentage-calculator-app\"><\/div>\n\n\n\n<h2 class=\"wp-block-heading\">Qu'est-ce qui est le %T?<\/h2>\n\n\n\n<p>Le pourcentage de r\u00e9ussite sur les tirs est le pourcentage de tirs d'un joueur de football qui sont les buts.<\/p>\n\n\n\n<p>Un pourcentage de tir plus \u00e9lev\u00e9 est le signe d'un joueur de football dont les tirs sont susceptibles d'aller dans le fillet.<\/p>\n\n\n\n<p>D'autres sports avec un gardien de but comme le hockey sur glace, le hockey sur gazon, la crosse et le water-polo l'utilisent.<\/p>\n\n\n\n<h2 class=\"wp-block-heading\">Formule<\/h2>\n\n\n\n<p>%T = Buts marqu\u00e9s \u00f7 Tirs au but<\/p>\n\n\n\n<ul class=\"wp-block-list\"><li>Un \u00ab<strong>but<\/strong>\u00bb est un tire qui passe dans le filet. Inclure des objectifs de fillet vide. N'incluez pas les buts d'une fusillade. Inclure les objectifs de fillet vide.<\/li><li>Un \u00ab<strong>tire<\/strong>\u00bb est un action qui dirige la ballon vers le fillet. Il est soit arr\u00eat\u00e9 par le gardien de but, sois mis dans le fillet. N'incluez pas les tirs bloqu\u00e9s par un joueur non gardien de but (tirs bloqu\u00e9s), les tirs qui manquent le fillet ou frappent le poteau (tirs manqu\u00e9s), ou les tirs d'une fusillade. Inclure des coups de filet vides.<\/li><\/ul>\n\n\n\n<h2 class=\"wp-block-heading\">Example<\/h2>\n\n\n\n<p>Un joueur fait 78 tirs au but et a marque a ce moment-l\u00e0 22 buts.<\/p>\n\n\n\n<p>22 buts \u00f7 78 tirs = 0,282.<\/p>\n\n\n\n<p>Le pourcentage de tir de ce joueur est de 0,282, ou 28.2%.<\/p>\n\n\n\n<h2 class=\"wp-block-heading\">Sources et plus de ressources<\/h2>\n\n\n\n<ul class=\"wp-block-list\"><li><a href=\"https:\/\/fr.wikipedia.org\/wiki\/\">Wikipedia<\/a> - <a href=\"https:\/\/fr.wikipedia.org\/wiki\/Footballeur\">Footballeur<\/a> et <a href=\"https:\/\/fr.wikipedia.org\/wiki\/Histoire_du_football_en_France\">Historie de football en France <\/a>- Les definition de Wikipedia des terms de football sur cette page.<\/li><li>R\u00e8gles de football de l'<a href=\"https:\/\/static-3eb8.kxcdn.com\/documents\/797\/104035_200519_LotG_201920_FR_SinglePage.pdf\">IFAB<\/a>, de la <a href=\"https:\/\/img.fifa.com\/image\/upload\/nix1qkmwm85oeftiuxxj.pdf\">FIFA<\/a>, de la <a href=\"https:\/\/www.ligue1.fr\/articles\/actu\/2019\/07\/24\/arbitrage-les-nouvelles-regles\">Ligue 1<\/a>, et de la <a href=\"https:\/\/www.mlssoccer.com\/post\/2015\/05\/21\/clarification-des-r-glements-en-mls\">MLS<\/a> - Comprend des d\u00e9tails sur ce qui compte comme but dans chaque ligue.<\/li><li>Statistiques des joueurs pour la <a href=\"https:\/\/www.ligue1.fr\/stats\">Ligue 1<\/a>, la <a href=\"https:\/\/www.premierleague.com\/stats\">Premiere League (en anglais)<\/a>, la <a href=\"http:\/\/www.legaseriea.it\/en\/serie-a\/statistics\">Serie A (en anglais<\/a> ou <a href=\"http:\/\/www.legaseriea.it\/it\/serie-a\/statistiche-squadre\">italien<\/a>), la <a href=\"https:\/\/www.laliga.com\/en-GB\/stats\">Liga (en anglais<\/a> ou <a href=\"https:\/\/www.laliga.com\/estadisticas\">espagnol<\/a>), et la <a href=\"https:\/\/www.mlssoccer.com\/stats\">MLS Soccer (en anglais)<\/a>.<\/li><li>FIFA - <a href=\"https:\/\/resources.fifa.com\/image\/upload\/youth-football-training-manual-2866317-2866319.pdf?cloudid=qg4lpxhvdlj7m12ni7k2\">Football des jeunes<\/a> - Un introduction a football.<\/li><\/ul>\n\n\n\n<div class=\"wp-block-group\"><div class=\"wp-block-group__inner-container is-layout-flow wp-block-group-is-layout-flow\">\n<div class=\"wp-block-columns is-layout-flex wp-container-core-columns-is-layout-1 wp-block-columns-is-layout-flex\">\n<div class=\"wp-block-column is-layout-flow wp-block-column-is-layout-flow\">\n<h2 class=\"wp-block-heading\">Plus calculatrices de football<\/h2>\n\n\n\n<ul class=\"wp-block-list\"><li><a href=\"https:\/\/captaincalculator.com\/fr\/sports\/football\/mba\/\">MBA - moyenne de buts allou\u00e9s<\/a><\/li><li><a href=\"https:\/\/captaincalculator.com\/fr\/sports\/football\/arr\/\">%ARR - pourcentage d'arr\u00eats<\/a><\/li><li><a href=\"https:\/\/captaincalculator.com\/fr\/sports\/football\/reussite-sur-les-tirs\/\">%T - pourcentage de r\u00e9ussite sue les tirs<\/a><\/li><\/ul>\n<\/div>\n\n\n\n<div class=\"wp-block-column is-layout-flow wp-block-column-is-layout-flow\">\n<h2 class=\"wp-block-heading\">Plus calculatrices de sports<\/h2>\n\n\n\n<ul class=\"wp-block-list\"><li><a style=\"font-size: 1rem;\" href=\"https:\/\/captaincalculator.com\/fr\/sports\/hockey\/\">Hockey<\/a><\/li><li><a href=\"https:\/\/captaincalculator.com\/fr\/sports\/football\/\">Football<\/a><\/li><li><a href=\"https:\/\/captaincalculator.com\/fr\/sports\/\">... plusiers sports<\/a><\/li><\/ul>\n<\/div>\n<\/div>\n<\/div><\/div>\n","protected":false},"excerpt":{"rendered":"<p>Calculatrice Qu'est-ce qui est le %T? Le pourcentage de r\u00e9ussite sur les tirs est le pourcentage de tirs d'un joueur de football qui sont les buts. Un pourcentage de tir plus \u00e9lev\u00e9 est le signe d'un joueur de football dont les tirs sont susceptibles d'aller dans le fillet. D'autres sports avec un gardien de but &hellip; <a href=\"https:\/\/captaincalculator.com\/fr\/sports\/football\/reussite-sur-les-tirs\/\" class=\"more-link\">Continuer la lecture<span class=\"screen-reader-text\"> de &laquo;&nbsp;Calculatrice de % de r\u00e9ussite sur les tirs (%T) (Football)&nbsp;&raquo;<\/span><\/a><\/p>\n","protected":false},"author":1,"featured_media":0,"parent":55,"menu_order":0,"comment_status":"closed","ping_status":"closed","template":"page-calculator-ad-vue.php","meta":{"_acf_changed":false,"_monsterinsights_skip_tracking":false,"_monsterinsights_sitenote_active":false,"_monsterinsights_sitenote_note":"","_monsterinsights_sitenote_category":0,"footnotes":""},"class_list":["post-72","page","type-page","status-publish","hentry"],"acf":[],"_links":{"self":[{"href":"https:\/\/captaincalculator.com\/fr\/wp-json\/wp\/v2\/pages\/72"}],"collection":[{"href":"https:\/\/captaincalculator.com\/fr\/wp-json\/wp\/v2\/pages"}],"about":[{"href":"https:\/\/captaincalculator.com\/fr\/wp-json\/wp\/v2\/types\/page"}],"author":[{"embeddable":true,"href":"https:\/\/captaincalculator.com\/fr\/wp-json\/wp\/v2\/users\/1"}],"replies":[{"embeddable":true,"href":"https:\/\/captaincalculator.com\/fr\/wp-json\/wp\/v2\/comments?post=72"}],"version-history":[{"count":10,"href":"https:\/\/captaincalculator.com\/fr\/wp-json\/wp\/v2\/pages\/72\/revisions"}],"predecessor-version":[{"id":248,"href":"https:\/\/captaincalculator.com\/fr\/wp-json\/wp\/v2\/pages\/72\/revisions\/248"}],"up":[{"embeddable":true,"href":"https:\/\/captaincalculator.com\/fr\/wp-json\/wp\/v2\/pages\/55"}],"wp:attachment":[{"href":"https:\/\/captaincalculator.com\/fr\/wp-json\/wp\/v2\/media?parent=72"}],"curies":[{"name":"wp","href":"https:\/\/api.w.org\/{rel}","templated":true}]}}