{"id":8,"date":"2020-01-17T03:30:06","date_gmt":"2020-01-17T02:30:06","guid":{"rendered":"https:\/\/captaincalculator.com\/fr\/?page_id=8"},"modified":"2020-03-08T20:51:36","modified_gmt":"2020-03-08T19:51:36","slug":"mathematiques","status":"publish","type":"page","link":"https:\/\/captaincalculator.com\/fr\/mathematiques\/","title":{"rendered":"Calculatrices Math\u00e9matiques"},"content":{"rendered":"\n<div class=\"wp-block-columns is-layout-flex wp-container-core-columns-is-layout-1 wp-block-columns-is-layout-flex\">\n<div class=\"wp-block-column is-layout-flow wp-block-column-is-layout-flow\">\n<h4 class=\"wp-block-heading\"><a href=\"https:\/\/captaincalculator.com\/fr\/mathematiques\/puissance\/\">Puissances<\/a><\/h4>\n\n\n\n<ul class=\"wp-block-list\"><li><a href=\"https:\/\/captaincalculator.com\/fr\/mathematiques\/puissance\/puissance\/\">Exposants (g\u00e9n\u00e9riques)<\/a><\/li><li><a href=\"https:\/\/captaincalculator.com\/fr\/mathematiques\/puissance\/carree\/\">Au carr\u00e9e<\/a><\/li><li><a href=\"https:\/\/captaincalculator.com\/fr\/mathematiques\/puissance\/cubes\/\">En cubes<\/a><\/li><li><a href=\"https:\/\/captaincalculator.com\/fr\/mathematiques\/puissance\/e\/\">e \u00e0 l'exposant<\/a><\/li><\/ul>\n<\/div>\n\n\n\n<div class=\"wp-block-column is-layout-flow wp-block-column-is-layout-flow\">\n<h4 class=\"wp-block-heading\">Pourcentages<\/h4>\n\n\n\n<ul class=\"wp-block-list\"><li>Pourcentages<\/li><li>Variation en pourcentage<\/li><li>Diminution en pourcentage<\/li><li>Augmentation en pourcentage<\/li><li>Erreur de pourcentage<\/li><li>Pour cent en d\u00e9cimal<\/li><li>D\u00e9cimal en pourcentage<\/li><\/ul>\n\n\n\n<h4 class=\"wp-block-heading\"><a href=\"https:\/\/captaincalculator.com\/fr\/mathematiques\/racines\/\">Racines<\/a><\/h4>\n\n\n\n<ul class=\"wp-block-list\"><li><a href=\"https:\/\/captaincalculator.com\/fr\/mathematiques\/racines\/carree\/\">Racine carr\u00e9e<\/a><\/li><li><a href=\"https:\/\/captaincalculator.com\/fr\/mathematiques\/racines\/cubes\/\">Racine en cubes<\/a><\/li><li><a href=\"https:\/\/captaincalculator.com\/fr\/mathematiques\/racines\/racine\/\">n racine<\/a><\/li><\/ul>\n<\/div>\n<\/div>\n","protected":false},"excerpt":{"rendered":"<p>Puissances Exposants (g\u00e9n\u00e9riques) Au carr\u00e9e En cubes e \u00e0 l'exposant Pourcentages Pourcentages Variation en pourcentage Diminution en pourcentage Augmentation en pourcentage Erreur de pourcentage Pour cent en d\u00e9cimal D\u00e9cimal en pourcentage Racines Racine carr\u00e9e Racine en cubes n racine<\/p>\n","protected":false},"author":1,"featured_media":0,"parent":0,"menu_order":0,"comment_status":"closed","ping_status":"closed","template":"","meta":{"_acf_changed":false,"_monsterinsights_skip_tracking":false,"_monsterinsights_sitenote_active":false,"_monsterinsights_sitenote_note":"","_monsterinsights_sitenote_category":0,"footnotes":""},"class_list":["post-8","page","type-page","status-publish","hentry"],"acf":[],"_links":{"self":[{"href":"https:\/\/captaincalculator.com\/fr\/wp-json\/wp\/v2\/pages\/8"}],"collection":[{"href":"https:\/\/captaincalculator.com\/fr\/wp-json\/wp\/v2\/pages"}],"about":[{"href":"https:\/\/captaincalculator.com\/fr\/wp-json\/wp\/v2\/types\/page"}],"author":[{"embeddable":true,"href":"https:\/\/captaincalculator.com\/fr\/wp-json\/wp\/v2\/users\/1"}],"replies":[{"embeddable":true,"href":"https:\/\/captaincalculator.com\/fr\/wp-json\/wp\/v2\/comments?post=8"}],"version-history":[{"count":7,"href":"https:\/\/captaincalculator.com\/fr\/wp-json\/wp\/v2\/pages\/8\/revisions"}],"predecessor-version":[{"id":242,"href":"https:\/\/captaincalculator.com\/fr\/wp-json\/wp\/v2\/pages\/8\/revisions\/242"}],"wp:attachment":[{"href":"https:\/\/captaincalculator.com\/fr\/wp-json\/wp\/v2\/media?parent=8"}],"curies":[{"name":"wp","href":"https:\/\/api.w.org\/{rel}","templated":true}]}}